{"id":3517,"date":"2023-10-01T17:06:13","date_gmt":"2023-10-01T15:06:13","guid":{"rendered":"https:\/\/veganova.eu\/?post_type=product&#038;p=3517"},"modified":"2026-04-21T07:24:10","modified_gmt":"2026-04-21T05:24:10","slug":"now-foods-kelp-325mcg-250-kaps","status":"publish","type":"product","link":"https:\/\/veganova.eu\/sk\/shop\/now-foods-kelp-325mcg-250-kaps\/","title":{"rendered":"NOW Foods Kelp, 325mcg (250 kaps\u00fal)"},"content":{"rendered":"<h3>NOW Foods Kelp<\/h3>\n<ul>\n<li>Podporuje zdrav\u00fa funkciu \u0161t\u00edtnej \u017e\u013eazy<\/li>\n<li>Kelp je ve\u013ek\u00e1 listnat\u00e1 morsk\u00e1 riasa z \u010de\u013eade hned\u00fdch rias, ktor\u00e1 rastie v lesoch v chladnej\u0161\u00edch vod\u00e1ch svetov\u00fdch oce\u00e1nov.<\/li>\n<li>Kelp sa u\u017e po st\u00e1ro\u010dia pou\u017e\u00edva ako d\u00f4le\u017eit\u00fd v\u00fd\u017eivov\u00fd prvok v \u010d\u00ednskej, japonskej a k\u00f3rejskej kuchyni.<\/li>\n<li>Je tie\u017e vynikaj\u00facim zdrojom j\u00f3du, ktor\u00fd je nevyhnutn\u00fd pre zdrav\u00fa funkciu \u0161t\u00edtnej \u017e\u013eazy.<\/li>\n<\/ul>","protected":false},"excerpt":{"rendered":"<p>NOW Foods Kelp Vegan Nutritional Supplement, 325mcg, is suitable for thyroid health. The package contains: 250 tablets. Gluten-free, GMO-free.<\/p>","protected":false},"featured_media":51539,"comment_status":"closed","ping_status":"closed","template":"","meta":{"advanced_seo_description":"","jetpack_seo_html_title":"","jetpack_seo_noindex":false},"pwb-brand":[173],"product_brand":[4580],"product_cat":[149,2594],"product_tag":[1056,1117,1057],"class_list":{"0":"post-3517","1":"product","2":"type-product","3":"status-publish","4":"has-post-thumbnail","6":"pwb-brand-now-foods","7":"product_brand-now-foods","8":"product_cat-superfoods","9":"product_cat-thyroid","10":"product_tag-hormonal-system","11":"product_tag-immunity","12":"product_tag-thyroid-gland","13":"brand_woo-now-foods","15":"first","16":"instock","17":"taxable","18":"shipping-taxable","19":"purchasable","20":"product-type-simple"},"jetpack_sharing_enabled":true,"brands":[{"id":173,"name":"NOW Foods","slug":"now-foods"}],"_links":{"self":[{"href":"https:\/\/veganova.eu\/sk\/wp-json\/wp\/v2\/product\/3517","targetHints":{"allow":["GET"]}}],"collection":[{"href":"https:\/\/veganova.eu\/sk\/wp-json\/wp\/v2\/product"}],"about":[{"href":"https:\/\/veganova.eu\/sk\/wp-json\/wp\/v2\/types\/product"}],"replies":[{"embeddable":true,"href":"https:\/\/veganova.eu\/sk\/wp-json\/wp\/v2\/comments?post=3517"}],"version-history":[{"count":1,"href":"https:\/\/veganova.eu\/sk\/wp-json\/wp\/v2\/product\/3517\/revisions"}],"predecessor-version":[{"id":57934,"href":"https:\/\/veganova.eu\/sk\/wp-json\/wp\/v2\/product\/3517\/revisions\/57934"}],"wp:featuredmedia":[{"embeddable":true,"href":"https:\/\/veganova.eu\/sk\/wp-json\/wp\/v2\/media\/51539"}],"wp:attachment":[{"href":"https:\/\/veganova.eu\/sk\/wp-json\/wp\/v2\/media?parent=3517"}],"wp:term":[{"taxonomy":"pwb-brand","embeddable":true,"href":"https:\/\/veganova.eu\/sk\/wp-json\/wp\/v2\/pwb-brand?post=3517"},{"taxonomy":"product_brand","embeddable":true,"href":"https:\/\/veganova.eu\/sk\/wp-json\/wp\/v2\/product_brand?post=3517"},{"taxonomy":"product_cat","embeddable":true,"href":"https:\/\/veganova.eu\/sk\/wp-json\/wp\/v2\/product_cat?post=3517"},{"taxonomy":"product_tag","embeddable":true,"href":"https:\/\/veganova.eu\/sk\/wp-json\/wp\/v2\/product_tag?post=3517"}],"curies":[{"name":"wp","href":"https:\/\/api.w.org\/{rel}","templated":true}]}}