{"id":3568,"date":"2023-10-01T17:06:39","date_gmt":"2023-10-01T15:06:39","guid":{"rendered":"https:\/\/veganova.eu\/?post_type=product&#038;p=3568"},"modified":"2026-04-21T07:24:15","modified_gmt":"2026-04-21T05:24:15","slug":"now-foods-magnesium-ascorbate-pure-buffered-powder-227g","status":"publish","type":"product","link":"https:\/\/veganova.eu\/sk\/shop\/now-foods-magnesium-ascorbate-pure-buffered-powder-227g\/","title":{"rendered":"NOW Foods askorb\u00e1t hore\u010dnat\u00fd, \u010dist\u00fd pufrovan\u00fd pr\u00e1\u0161ok (227g)"},"content":{"rendered":"<h3>NOW Foods askorb\u00e1t hor\u010d\u00edka<\/h3>\n<ul>\n<li>\u010cist\u00fd pufrovan\u00fd vitam\u00edn C v pr\u00e1\u0161ku. Vitam\u00edn C je z\u00e1kladn\u00e1 \u017eivina, ktor\u00e1 je dobre zn\u00e1ma svojou d\u00f4le\u017eitou \u00falohou pri fungovan\u00ed imunitn\u00e9ho syst\u00e9mu.<\/li>\n<li>Je to vysoko \u00fa\u010dinn\u00fd antioxidant, ktor\u00fd dok\u00e1\u017ee chr\u00e1ni\u0165 telesn\u00e9 \u0161trukt\u00fary pred oxida\u010dn\u00fdm po\u0161koden\u00edm, ku ktor\u00e9mu doch\u00e1dza pri be\u017enom metabolizme.<\/li>\n<li>Vitam\u00edn C je tie\u017e potrebn\u00fd pre tvorbu kolag\u00e9nu, a preto je d\u00f4le\u017eit\u00fd pre zdravie poko\u017eky, kost\u00ed a k\u013abov.<\/li>\n<li>Je tie\u017e potrebn\u00fd pre metabolizmus aminokysel\u00edn a vyu\u017eitie mnoh\u00fdch \u017eiv\u00edn, ako je kyselina listov\u00e1 a \u017eelezo.<\/li>\n<li>Askorb\u00e1t hore\u010dnat\u00fd je nehork\u00e1, nekysl\u00e1, pufrovan\u00e1 forma vitam\u00ednu C vo vysoko rozpustnej forme.<\/li>\n<\/ul>","protected":false},"excerpt":{"rendered":"<p>Veg\u00e1nsky v\u00fd\u017eivov\u00fd doplnok NOW Foods Magnesium Ascorbate, \u010dist\u00fd pr\u00e1\u0161ok, balenie obsahuje: 227g. Bez lepku, bez GMO.<\/p>","protected":false},"featured_media":51689,"comment_status":"closed","ping_status":"closed","template":"","meta":{"advanced_seo_description":"","jetpack_seo_html_title":"","jetpack_seo_noindex":false},"pwb-brand":[173],"product_brand":[4580],"product_cat":[172,2598,2595,152],"product_tag":[1093,860,1117],"class_list":{"0":"post-3568","1":"product","2":"type-product","3":"status-publish","4":"has-post-thumbnail","6":"pwb-brand-now-foods","7":"product_brand-now-foods","8":"product_cat-minerals","9":"product_cat-recovery","10":"product_cat-stress","11":"product_cat-vitamins-and-minerals","12":"product_tag-antioxidant","13":"product_tag-energy","14":"product_tag-immunity","15":"brand_woo-now-foods","17":"first","18":"instock","19":"sale","20":"taxable","21":"shipping-taxable","22":"purchasable","23":"product-type-simple"},"jetpack_sharing_enabled":true,"brands":[{"id":173,"name":"NOW Foods","slug":"now-foods"}],"_links":{"self":[{"href":"https:\/\/veganova.eu\/sk\/wp-json\/wp\/v2\/product\/3568","targetHints":{"allow":["GET"]}}],"collection":[{"href":"https:\/\/veganova.eu\/sk\/wp-json\/wp\/v2\/product"}],"about":[{"href":"https:\/\/veganova.eu\/sk\/wp-json\/wp\/v2\/types\/product"}],"replies":[{"embeddable":true,"href":"https:\/\/veganova.eu\/sk\/wp-json\/wp\/v2\/comments?post=3568"}],"version-history":[{"count":1,"href":"https:\/\/veganova.eu\/sk\/wp-json\/wp\/v2\/product\/3568\/revisions"}],"predecessor-version":[{"id":57983,"href":"https:\/\/veganova.eu\/sk\/wp-json\/wp\/v2\/product\/3568\/revisions\/57983"}],"wp:featuredmedia":[{"embeddable":true,"href":"https:\/\/veganova.eu\/sk\/wp-json\/wp\/v2\/media\/51689"}],"wp:attachment":[{"href":"https:\/\/veganova.eu\/sk\/wp-json\/wp\/v2\/media?parent=3568"}],"wp:term":[{"taxonomy":"pwb-brand","embeddable":true,"href":"https:\/\/veganova.eu\/sk\/wp-json\/wp\/v2\/pwb-brand?post=3568"},{"taxonomy":"product_brand","embeddable":true,"href":"https:\/\/veganova.eu\/sk\/wp-json\/wp\/v2\/product_brand?post=3568"},{"taxonomy":"product_cat","embeddable":true,"href":"https:\/\/veganova.eu\/sk\/wp-json\/wp\/v2\/product_cat?post=3568"},{"taxonomy":"product_tag","embeddable":true,"href":"https:\/\/veganova.eu\/sk\/wp-json\/wp\/v2\/product_tag?post=3568"}],"curies":[{"name":"wp","href":"https:\/\/api.w.org\/{rel}","templated":true}]}}