{"id":3639,"date":"2023-10-01T17:07:06","date_gmt":"2023-10-01T15:07:06","guid":{"rendered":"https:\/\/veganova.eu\/?post_type=product&#038;p=3639"},"modified":"2026-04-21T07:24:19","modified_gmt":"2026-04-21T05:24:19","slug":"now-foods-phosphatidyl-serine-100mg-60-kaps","status":"publish","type":"product","link":"https:\/\/veganova.eu\/sk\/shop\/now-foods-phosphatidyl-serine-100mg-60-kaps\/","title":{"rendered":"NOW Foods Fosfatidyl ser\u00edn, 100 mg (60 kaps\u00fal)"},"content":{"rendered":"<h3>NOW Foods Fosfatidyl ser\u00edn, 100 mg (60 kaps\u00fal)<\/h3>\n<p>NOW Soy-Free Phosphatidyl Serine je fosfolipidov\u00e1 zl\u00fa\u010denina z\u00edskan\u00e1 z geneticky nemodifikovan\u00e9ho slne\u010dnicov\u00e9ho lecit\u00ednu. Fosfatidylser\u00edn zohr\u00e1va z\u00e1sadn\u00fa \u00falohu v zlo\u017een\u00ed bunkov\u00fdch membr\u00e1n a medzibunkovej komunik\u00e1cii. Je obzvl\u00e1\u0161\u0165 d\u00f4le\u017eitou \u0161truktur\u00e1lnou zlo\u017ekou membr\u00e1n nervov\u00fdch buniek, kde pom\u00e1ha pri veden\u00ed elektrick\u00fdch impulzov a u\u013eah\u010duje \u010dinnos\u0165 neurotransmiterov, ktor\u00e9 sa podie\u013eaj\u00fa na u\u010den\u00ed, pam\u00e4ti a n\u00e1lade. V tomto v\u00fdrobku sa m\u00f4\u017eu vyskytn\u00fa\u0165 prirodzen\u00e9 farebn\u00e9 odch\u00fdlky.<\/p>","protected":false},"excerpt":{"rendered":"<p>Vegan nutritional supplement NOW Foods Phosphatidyl Serine, 100 mg, is suitable for strengthening memory and brain functions, as well as balanced mood. The package contains: 60 capsules. Gluten-free.<\/p>","protected":false},"featured_media":51549,"comment_status":"closed","ping_status":"closed","template":"","meta":{"advanced_seo_description":"","jetpack_seo_html_title":"","jetpack_seo_noindex":false},"pwb-brand":[173],"product_brand":[4580],"product_cat":[294,143],"product_tag":[1146,1273,1224,1223],"class_list":{"0":"post-3639","1":"product","2":"type-product","3":"status-publish","4":"has-post-thumbnail","6":"pwb-brand-now-foods","7":"product_brand-now-foods","8":"product_cat-for-seniors","9":"product_cat-health-issues","10":"product_tag-good-mood","11":"product_tag-healthy-brain","12":"product_tag-learning","13":"product_tag-memory","14":"brand_woo-now-foods","16":"first","17":"instock","18":"taxable","19":"shipping-taxable","20":"purchasable","21":"product-type-simple"},"jetpack_sharing_enabled":true,"brands":[{"id":173,"name":"NOW Foods","slug":"now-foods"}],"_links":{"self":[{"href":"https:\/\/veganova.eu\/sk\/wp-json\/wp\/v2\/product\/3639","targetHints":{"allow":["GET"]}}],"collection":[{"href":"https:\/\/veganova.eu\/sk\/wp-json\/wp\/v2\/product"}],"about":[{"href":"https:\/\/veganova.eu\/sk\/wp-json\/wp\/v2\/types\/product"}],"replies":[{"embeddable":true,"href":"https:\/\/veganova.eu\/sk\/wp-json\/wp\/v2\/comments?post=3639"}],"version-history":[{"count":1,"href":"https:\/\/veganova.eu\/sk\/wp-json\/wp\/v2\/product\/3639\/revisions"}],"predecessor-version":[{"id":58037,"href":"https:\/\/veganova.eu\/sk\/wp-json\/wp\/v2\/product\/3639\/revisions\/58037"}],"wp:featuredmedia":[{"embeddable":true,"href":"https:\/\/veganova.eu\/sk\/wp-json\/wp\/v2\/media\/51549"}],"wp:attachment":[{"href":"https:\/\/veganova.eu\/sk\/wp-json\/wp\/v2\/media?parent=3639"}],"wp:term":[{"taxonomy":"pwb-brand","embeddable":true,"href":"https:\/\/veganova.eu\/sk\/wp-json\/wp\/v2\/pwb-brand?post=3639"},{"taxonomy":"product_brand","embeddable":true,"href":"https:\/\/veganova.eu\/sk\/wp-json\/wp\/v2\/product_brand?post=3639"},{"taxonomy":"product_cat","embeddable":true,"href":"https:\/\/veganova.eu\/sk\/wp-json\/wp\/v2\/product_cat?post=3639"},{"taxonomy":"product_tag","embeddable":true,"href":"https:\/\/veganova.eu\/sk\/wp-json\/wp\/v2\/product_tag?post=3639"}],"curies":[{"name":"wp","href":"https:\/\/api.w.org\/{rel}","templated":true}]}}