{"id":3680,"date":"2023-10-01T17:07:22","date_gmt":"2023-10-01T15:07:22","guid":{"rendered":"https:\/\/veganova.eu\/?post_type=product&#038;p=3680"},"modified":"2026-04-21T07:24:21","modified_gmt":"2026-04-21T05:24:21","slug":"now-foods-same-400mg-30-tab","status":"publish","type":"product","link":"https:\/\/veganova.eu\/sk\/shop\/now-foods-same-400mg-30-tab\/","title":{"rendered":"NOW Foods SAMe, 400 mg (30 tab)"},"content":{"rendered":"<h3>NOW Foods SAMe, 400 mg (30 tab)<\/h3>\n<p>Podporuje emocion\u00e1lnu pohodu<br \/>\nPodporuje zdravie k\u013abov<br \/>\nEnterick\u00fd obal<br \/>\nSAMe (S-adenozylmetion\u00edn), zl\u00fa\u010denina, ktor\u00e1 je telu vlastn\u00e1, je s\u00fa\u010das\u0165ou mnoh\u00fdch biochemick\u00fdch reakci\u00ed vr\u00e1tane t\u00fdch, ktor\u00e9 ovplyv\u0148uj\u00fa bioch\u00e9miu mozgu a zdravie k\u013abov. Po\u010detn\u00e9 \u0161t\u00fadie nazna\u010dili, \u017ee SAMe m\u00f4\u017ee pom\u00f4c\u0165 zmierni\u0165 prechodn\u00e9 drobn\u00e9 bolesti a bolesti vypl\u00fdvaj\u00face z nadmernej n\u00e1mahy alebo z\u00e1\u0165a\u017ee. Okrem toho, ke\u010f\u017ee SAMe je potrebn\u00fd aj na synt\u00e9zu neurotransmiterov, zohr\u00e1va d\u00f4le\u017eit\u00fa \u00falohu pri podpore n\u00e1lady. NOW SAMe je obalen\u00fd v enter\u00e1lnej forme, v\u010faka \u010domu sa ve\u013emi dobre zn\u00e1\u0161a a je chr\u00e1nen\u00fd pred degrad\u00e1ciou.<\/p>","protected":false},"excerpt":{"rendered":"<p>Vegan nutritional supplement NOW Foods SAMe, 400mg, is suitable for healthy joints and balanced emotional health. The package contains: 30 capsules. Gluten-free.<\/p>","protected":false},"featured_media":51540,"comment_status":"closed","ping_status":"closed","template":"","meta":{"advanced_seo_description":"","jetpack_seo_html_title":"","jetpack_seo_noindex":false},"pwb-brand":[173],"product_brand":[4580],"product_cat":[294,143],"product_tag":[1384,1272],"class_list":{"0":"post-3680","1":"product","2":"type-product","3":"status-publish","4":"has-post-thumbnail","6":"pwb-brand-now-foods","7":"product_brand-now-foods","8":"product_cat-for-seniors","9":"product_cat-health-issues","10":"product_tag-emotional-health","11":"product_tag-healthy-joints","12":"brand_woo-now-foods","14":"first","15":"instock","16":"taxable","17":"shipping-taxable","18":"purchasable","19":"product-type-simple"},"jetpack_sharing_enabled":true,"brands":[{"id":173,"name":"NOW Foods","slug":"now-foods"}],"_links":{"self":[{"href":"https:\/\/veganova.eu\/sk\/wp-json\/wp\/v2\/product\/3680","targetHints":{"allow":["GET"]}}],"collection":[{"href":"https:\/\/veganova.eu\/sk\/wp-json\/wp\/v2\/product"}],"about":[{"href":"https:\/\/veganova.eu\/sk\/wp-json\/wp\/v2\/types\/product"}],"replies":[{"embeddable":true,"href":"https:\/\/veganova.eu\/sk\/wp-json\/wp\/v2\/comments?post=3680"}],"version-history":[{"count":1,"href":"https:\/\/veganova.eu\/sk\/wp-json\/wp\/v2\/product\/3680\/revisions"}],"predecessor-version":[{"id":58070,"href":"https:\/\/veganova.eu\/sk\/wp-json\/wp\/v2\/product\/3680\/revisions\/58070"}],"wp:featuredmedia":[{"embeddable":true,"href":"https:\/\/veganova.eu\/sk\/wp-json\/wp\/v2\/media\/51540"}],"wp:attachment":[{"href":"https:\/\/veganova.eu\/sk\/wp-json\/wp\/v2\/media?parent=3680"}],"wp:term":[{"taxonomy":"pwb-brand","embeddable":true,"href":"https:\/\/veganova.eu\/sk\/wp-json\/wp\/v2\/pwb-brand?post=3680"},{"taxonomy":"product_brand","embeddable":true,"href":"https:\/\/veganova.eu\/sk\/wp-json\/wp\/v2\/product_brand?post=3680"},{"taxonomy":"product_cat","embeddable":true,"href":"https:\/\/veganova.eu\/sk\/wp-json\/wp\/v2\/product_cat?post=3680"},{"taxonomy":"product_tag","embeddable":true,"href":"https:\/\/veganova.eu\/sk\/wp-json\/wp\/v2\/product_tag?post=3680"}],"curies":[{"name":"wp","href":"https:\/\/api.w.org\/{rel}","templated":true}]}}