{"id":3684,"date":"2023-10-01T17:07:25","date_gmt":"2023-10-01T15:07:25","guid":{"rendered":"https:\/\/veganova.eu\/?post_type=product&#038;p=3684"},"modified":"2026-04-21T07:24:21","modified_gmt":"2026-04-21T05:24:21","slug":"now-foods-saw-palmetto-extract-with-pumpkin-seed-oil-320mg-90-veggie-softgels","status":"publish","type":"product","link":"https:\/\/veganova.eu\/sk\/shop\/now-foods-saw-palmetto-extract-with-pumpkin-seed-oil-320mg-90-veggie-softgels\/","title":{"rendered":"NOW Foods Saw Palmetto extrakt s tekvicov\u00fdm olejom, 320 mg (90 veggie softgels)"},"content":{"rendered":"<h3>NOW Foods Saw Palmetto extrakt s tekvicov\u00fdm olejom<\/h3>\n<ul>\n<li>Podporuje zdrav\u00fa funkciu prostaty<\/li>\n<li>S tekvicov\u00fdm olejom<\/li>\n<li>Saw Palmetto je rastlinn\u00e1 l\u00e1tka, o ktorej je zn\u00e1me, \u017ee pom\u00e1ha podporova\u0165 zdrav\u00fd tok mo\u010du a funkciu prostaty.<\/li>\n<li>NOW obsahuje tekvicov\u00fd olej ako z\u00e1klad tohto produktu, ktor\u00fd je v\u00fd\u017eivn\u00fdm olejom a dod\u00e1va esenci\u00e1lne mastn\u00e9 kyseliny a fytosteroly d\u00f4le\u017eit\u00e9 pre zdravie mu\u017eov.<\/li>\n<\/ul>","protected":false},"excerpt":{"rendered":"<p>Veg\u00e1nsky v\u00fd\u017eivov\u00fd doplnok NOW Foods Saw Palmetto Extract with Pumpkin Seed Oil, 320 mg, doplnen\u00fd extraktom z tekvicov\u00fdch semien, ide\u00e1lny pre zdravie prostaty. Balenie obsahuje: 90 veg\u00e1nskych m\u00e4kk\u00fdch tabliet. Bez lepku, bez GMO.<\/p>","protected":false},"featured_media":53486,"comment_status":"closed","ping_status":"closed","template":"","meta":{"advanced_seo_description":"","jetpack_seo_html_title":"","jetpack_seo_noindex":false},"pwb-brand":[173],"product_brand":[4580],"product_cat":[321,149],"product_tag":[922,1385],"class_list":{"0":"post-3684","1":"product","2":"type-product","3":"status-publish","4":"has-post-thumbnail","6":"pwb-brand-now-foods","7":"product_brand-now-foods","8":"product_cat-for-men","9":"product_cat-superfoods","10":"product_tag-for-men","11":"product_tag-prostate","12":"brand_woo-now-foods","14":"first","15":"instock","16":"taxable","17":"shipping-taxable","18":"purchasable","19":"product-type-simple"},"jetpack_sharing_enabled":true,"brands":[{"id":173,"name":"NOW Foods","slug":"now-foods"}],"_links":{"self":[{"href":"https:\/\/veganova.eu\/sk\/wp-json\/wp\/v2\/product\/3684","targetHints":{"allow":["GET"]}}],"collection":[{"href":"https:\/\/veganova.eu\/sk\/wp-json\/wp\/v2\/product"}],"about":[{"href":"https:\/\/veganova.eu\/sk\/wp-json\/wp\/v2\/types\/product"}],"replies":[{"embeddable":true,"href":"https:\/\/veganova.eu\/sk\/wp-json\/wp\/v2\/comments?post=3684"}],"version-history":[{"count":1,"href":"https:\/\/veganova.eu\/sk\/wp-json\/wp\/v2\/product\/3684\/revisions"}],"predecessor-version":[{"id":58074,"href":"https:\/\/veganova.eu\/sk\/wp-json\/wp\/v2\/product\/3684\/revisions\/58074"}],"wp:featuredmedia":[{"embeddable":true,"href":"https:\/\/veganova.eu\/sk\/wp-json\/wp\/v2\/media\/53486"}],"wp:attachment":[{"href":"https:\/\/veganova.eu\/sk\/wp-json\/wp\/v2\/media?parent=3684"}],"wp:term":[{"taxonomy":"pwb-brand","embeddable":true,"href":"https:\/\/veganova.eu\/sk\/wp-json\/wp\/v2\/pwb-brand?post=3684"},{"taxonomy":"product_brand","embeddable":true,"href":"https:\/\/veganova.eu\/sk\/wp-json\/wp\/v2\/product_brand?post=3684"},{"taxonomy":"product_cat","embeddable":true,"href":"https:\/\/veganova.eu\/sk\/wp-json\/wp\/v2\/product_cat?post=3684"},{"taxonomy":"product_tag","embeddable":true,"href":"https:\/\/veganova.eu\/sk\/wp-json\/wp\/v2\/product_tag?post=3684"}],"curies":[{"name":"wp","href":"https:\/\/api.w.org\/{rel}","templated":true}]}}