{"id":3697,"date":"2023-10-01T17:07:30","date_gmt":"2023-10-01T15:07:30","guid":{"rendered":"https:\/\/veganova.eu\/?post_type=product&#038;p=3697"},"modified":"2026-04-21T07:24:22","modified_gmt":"2026-04-21T05:24:22","slug":"now-foods-sleep-90-kaps","status":"publish","type":"product","link":"https:\/\/veganova.eu\/sk\/shop\/now-foods-sleep-90-kaps\/","title":{"rendered":"NOW Foods Sp\u00e1nok (90 kaps\u00fal)"},"content":{"rendered":"<h3>NOW Foods Sp\u00e1nok<\/h3>\n<ul>\n<li>V\u00fd\u0165a\u017eok z kore\u0148a valeri\u00e1ny lek\u00e1rskej a chme\u013eu, mu\u010denky a GABA; podporuje pokojn\u00fd a omladzuj\u00faci sp\u00e1nok<\/li>\n<li>NOW Sleep je kombin\u00e1cia zlo\u017eiek, ktor\u00e9 pom\u00e1haj\u00fa uvo\u013eni\u0165 myse\u013e a uvo\u013eni\u0165 telo, aby ste mohli prirodzene zaspa\u0165.<\/li>\n<li>NOW Sleep vyu\u017e\u00edva valeri\u00e1nu a chme\u013e, dve byliny tradi\u010dne pou\u017e\u00edvan\u00e9 na podporu pokojn\u00e9ho uvo\u013enen\u00e9ho stavu a omladzuj\u00faceho sp\u00e1nku.<\/li>\n<li>GABA je neurotransmiter, ktor\u00fd sa zvy\u010dajne produkuje v mozgu, kde jeho funkciou je zmier\u0148ova\u0165 nervov\u00e9 nap\u00e4tie.<\/li>\n<li>NOW Sleep tak uvo\u013e\u0148uje nervov\u00fd syst\u00e9m, aby ste si mohli vychutna\u0165 pokojn\u00fa noc a r\u00e1no sa zobudi\u0165 svie\u017ei a pln\u00ed energie.<\/li>\n<\/ul>","protected":false},"excerpt":{"rendered":"<p>Veg\u00e1nsky v\u00fd\u017eivov\u00fd doplnok NOW Foods Sleep obsahuje v\u00fd\u0165a\u017eky vhodn\u00e9 pri probl\u00e9moch so zasp\u00e1van\u00edm a zlej kvalite sp\u00e1nku. Balenie obsahuje: 90 kaps\u00fal. Bez GMO, bez lepku.<\/p>","protected":false},"featured_media":53482,"comment_status":"closed","ping_status":"closed","template":"","meta":{"advanced_seo_description":"","jetpack_seo_html_title":"","jetpack_seo_noindex":false},"pwb-brand":[173],"product_brand":[4580],"product_cat":[148],"product_tag":[1146,1389,1390],"class_list":{"0":"post-3697","1":"product","2":"type-product","3":"status-publish","4":"has-post-thumbnail","6":"pwb-brand-now-foods","7":"product_brand-now-foods","8":"product_cat-for-sleep","9":"product_tag-good-mood","10":"product_tag-good-sleep","11":"product_tag-sleep-problems","12":"brand_woo-now-foods","14":"first","15":"instock","16":"taxable","17":"shipping-taxable","18":"purchasable","19":"product-type-simple"},"jetpack_sharing_enabled":true,"brands":[{"id":173,"name":"NOW Foods","slug":"now-foods"}],"_links":{"self":[{"href":"https:\/\/veganova.eu\/sk\/wp-json\/wp\/v2\/product\/3697","targetHints":{"allow":["GET"]}}],"collection":[{"href":"https:\/\/veganova.eu\/sk\/wp-json\/wp\/v2\/product"}],"about":[{"href":"https:\/\/veganova.eu\/sk\/wp-json\/wp\/v2\/types\/product"}],"replies":[{"embeddable":true,"href":"https:\/\/veganova.eu\/sk\/wp-json\/wp\/v2\/comments?post=3697"}],"version-history":[{"count":1,"href":"https:\/\/veganova.eu\/sk\/wp-json\/wp\/v2\/product\/3697\/revisions"}],"predecessor-version":[{"id":58086,"href":"https:\/\/veganova.eu\/sk\/wp-json\/wp\/v2\/product\/3697\/revisions\/58086"}],"wp:featuredmedia":[{"embeddable":true,"href":"https:\/\/veganova.eu\/sk\/wp-json\/wp\/v2\/media\/53482"}],"wp:attachment":[{"href":"https:\/\/veganova.eu\/sk\/wp-json\/wp\/v2\/media?parent=3697"}],"wp:term":[{"taxonomy":"pwb-brand","embeddable":true,"href":"https:\/\/veganova.eu\/sk\/wp-json\/wp\/v2\/pwb-brand?post=3697"},{"taxonomy":"product_brand","embeddable":true,"href":"https:\/\/veganova.eu\/sk\/wp-json\/wp\/v2\/product_brand?post=3697"},{"taxonomy":"product_cat","embeddable":true,"href":"https:\/\/veganova.eu\/sk\/wp-json\/wp\/v2\/product_cat?post=3697"},{"taxonomy":"product_tag","embeddable":true,"href":"https:\/\/veganova.eu\/sk\/wp-json\/wp\/v2\/product_tag?post=3697"}],"curies":[{"name":"wp","href":"https:\/\/api.w.org\/{rel}","templated":true}]}}