{"id":3733,"date":"2023-10-01T17:07:50","date_gmt":"2023-10-01T15:07:50","guid":{"rendered":"https:\/\/veganova.eu\/?post_type=product&#038;p=3733"},"modified":"2026-04-21T07:24:24","modified_gmt":"2026-04-21T05:24:24","slug":"now-foods-tribulus-1000mg-90-tab","status":"publish","type":"product","link":"https:\/\/veganova.eu\/sk\/shop\/now-foods-tribulus-1000mg-90-tab\/","title":{"rendered":"NOW Foods Tribulus, 1000 mg (90 tab)"},"content":{"rendered":"<h3>NOW Foods Tribulus<\/h3>\n<ul>\n<li>\u0161tandardizovan\u00fd extrakt<\/li>\n<li>minim\u00e1lne 45% sapon\u00edny<\/li>\n<li>Tribulus terrestris sa po st\u00e1ro\u010dia pou\u017e\u00edval v starovekom Gr\u00e9cku, Indii a Afrike na zv\u00fd\u0161enie vitality a mu\u017enosti.<\/li>\n<li>Ned\u00e1vny v\u00fdskum nazna\u010duje, \u017ee Tribulus m\u00f4\u017ee podporova\u0165 obrann\u00fd syst\u00e9m tela proti vo\u013en\u00fdm radik\u00e1lom, a predbe\u017en\u00e9 \u0161t\u00fadie nazna\u010duj\u00fa, \u017ee Tribulus m\u00f4\u017ee pom\u00e1ha\u0165 podporova\u0165 zdrav\u00fa endokrinn\u00fa funkciu a reproduk\u010dn\u00e9 zdravie mu\u017eov.<\/li>\n<\/ul>","protected":false},"excerpt":{"rendered":"<p>Veg\u00e1nsky v\u00fd\u017eivov\u00fd doplnok vhodn\u00fd pre mu\u017eov NOW Foods Tribulus, 1000 mg, balenie obsahuje: 90 tabliet. Bez lepku, bez GMO.<\/p>","protected":false},"featured_media":51562,"comment_status":"closed","ping_status":"closed","template":"","meta":{"advanced_seo_description":"","jetpack_seo_html_title":"","jetpack_seo_noindex":false},"pwb-brand":[173],"product_brand":[4580],"product_cat":[321,203,132],"product_tag":[922,1360,1365],"class_list":{"0":"post-3733","1":"product","2":"type-product","3":"status-publish","4":"has-post-thumbnail","6":"pwb-brand-now-foods","7":"product_brand-now-foods","8":"product_cat-for-men","9":"product_cat-pre-workout","10":"product_cat-sports-nutrition","11":"product_tag-for-men","12":"product_tag-libido","13":"product_tag-sexuality","14":"brand_woo-now-foods","16":"first","17":"outofstock","18":"taxable","19":"shipping-taxable","20":"purchasable","21":"product-type-simple"},"jetpack_sharing_enabled":true,"brands":[{"id":173,"name":"NOW Foods","slug":"now-foods"}],"_links":{"self":[{"href":"https:\/\/veganova.eu\/sk\/wp-json\/wp\/v2\/product\/3733","targetHints":{"allow":["GET"]}}],"collection":[{"href":"https:\/\/veganova.eu\/sk\/wp-json\/wp\/v2\/product"}],"about":[{"href":"https:\/\/veganova.eu\/sk\/wp-json\/wp\/v2\/types\/product"}],"replies":[{"embeddable":true,"href":"https:\/\/veganova.eu\/sk\/wp-json\/wp\/v2\/comments?post=3733"}],"version-history":[{"count":1,"href":"https:\/\/veganova.eu\/sk\/wp-json\/wp\/v2\/product\/3733\/revisions"}],"predecessor-version":[{"id":58121,"href":"https:\/\/veganova.eu\/sk\/wp-json\/wp\/v2\/product\/3733\/revisions\/58121"}],"wp:featuredmedia":[{"embeddable":true,"href":"https:\/\/veganova.eu\/sk\/wp-json\/wp\/v2\/media\/51562"}],"wp:attachment":[{"href":"https:\/\/veganova.eu\/sk\/wp-json\/wp\/v2\/media?parent=3733"}],"wp:term":[{"taxonomy":"pwb-brand","embeddable":true,"href":"https:\/\/veganova.eu\/sk\/wp-json\/wp\/v2\/pwb-brand?post=3733"},{"taxonomy":"product_brand","embeddable":true,"href":"https:\/\/veganova.eu\/sk\/wp-json\/wp\/v2\/product_brand?post=3733"},{"taxonomy":"product_cat","embeddable":true,"href":"https:\/\/veganova.eu\/sk\/wp-json\/wp\/v2\/product_cat?post=3733"},{"taxonomy":"product_tag","embeddable":true,"href":"https:\/\/veganova.eu\/sk\/wp-json\/wp\/v2\/product_tag?post=3733"}],"curies":[{"name":"wp","href":"https:\/\/api.w.org\/{rel}","templated":true}]}}