{"id":3753,"date":"2023-10-01T17:07:58","date_gmt":"2023-10-01T15:07:58","guid":{"rendered":"https:\/\/veganova.eu\/?post_type=product&#038;p=3753"},"modified":"2026-04-21T07:24:27","modified_gmt":"2026-04-21T05:24:27","slug":"osavi-b-complex-oral-spray-orange-25-ml","status":"publish","type":"product","link":"https:\/\/veganova.eu\/sk\/shop\/osavi-b-complex-oral-spray-orange-25-ml\/","title":{"rendered":"Osavi B-komplex \u00fastny sprej, oran\u017eov\u00fd (25 ml)"},"content":{"rendered":"<h3>Osavi B-Complex Oral Spray<\/h3>\n<ul>\n<li>A new form of supplementation.<\/li>\n<li>A supply for 4 months in one small, convenient bottle.<\/li>\n<li>Contains a complete B-complex (eight B vitamins).<\/li>\n<li>With xylitol and natural orange flavor.<\/li>\n<li>Easy to use: you don&#8217;t have to drink it with a glass of water or dissolve it, which makes it easier for people who have difficulty swallowing .<\/li>\n<li>no more capsules or tablets!<\/li>\n<\/ul>","protected":false},"excerpt":{"rendered":"<p>Vegan nutritional supplement containing group B vitamins Osavi B-Complex Oral Spray. The oral spray form is very practical for its use, quick absorption and no burden on the digestive tract. Flavor: Orange, package contains: 25 ml. Gluten-free, GMO-free.<\/p>","protected":false},"featured_media":53471,"comment_status":"closed","ping_status":"closed","template":"","meta":{"advanced_seo_description":"","jetpack_seo_html_title":"","jetpack_seo_noindex":false},"pwb-brand":[379],"product_brand":[4700],"product_cat":[153,152],"product_tag":[860,1094,1150],"class_list":{"0":"post-3753","1":"product","2":"type-product","3":"status-publish","4":"has-post-thumbnail","6":"pwb-brand-osavi","7":"product_brand-osavi","8":"product_cat-vitamins","9":"product_cat-vitamins-and-minerals","10":"product_tag-energy","11":"product_tag-metabolism","12":"product_tag-nervous-system","13":"brand_woo-osavi","15":"first","16":"instock","17":"taxable","18":"shipping-taxable","19":"purchasable","20":"product-type-simple"},"jetpack_sharing_enabled":true,"brands":[{"id":379,"name":"Osavi","slug":"osavi"}],"_links":{"self":[{"href":"https:\/\/veganova.eu\/sk\/wp-json\/wp\/v2\/product\/3753","targetHints":{"allow":["GET"]}}],"collection":[{"href":"https:\/\/veganova.eu\/sk\/wp-json\/wp\/v2\/product"}],"about":[{"href":"https:\/\/veganova.eu\/sk\/wp-json\/wp\/v2\/types\/product"}],"replies":[{"embeddable":true,"href":"https:\/\/veganova.eu\/sk\/wp-json\/wp\/v2\/comments?post=3753"}],"version-history":[{"count":1,"href":"https:\/\/veganova.eu\/sk\/wp-json\/wp\/v2\/product\/3753\/revisions"}],"predecessor-version":[{"id":58141,"href":"https:\/\/veganova.eu\/sk\/wp-json\/wp\/v2\/product\/3753\/revisions\/58141"}],"wp:featuredmedia":[{"embeddable":true,"href":"https:\/\/veganova.eu\/sk\/wp-json\/wp\/v2\/media\/53471"}],"wp:attachment":[{"href":"https:\/\/veganova.eu\/sk\/wp-json\/wp\/v2\/media?parent=3753"}],"wp:term":[{"taxonomy":"pwb-brand","embeddable":true,"href":"https:\/\/veganova.eu\/sk\/wp-json\/wp\/v2\/pwb-brand?post=3753"},{"taxonomy":"product_brand","embeddable":true,"href":"https:\/\/veganova.eu\/sk\/wp-json\/wp\/v2\/product_brand?post=3753"},{"taxonomy":"product_cat","embeddable":true,"href":"https:\/\/veganova.eu\/sk\/wp-json\/wp\/v2\/product_cat?post=3753"},{"taxonomy":"product_tag","embeddable":true,"href":"https:\/\/veganova.eu\/sk\/wp-json\/wp\/v2\/product_tag?post=3753"}],"curies":[{"name":"wp","href":"https:\/\/api.w.org\/{rel}","templated":true}]}}