{"id":47777,"date":"2024-09-15T12:28:48","date_gmt":"2024-09-15T10:28:48","guid":{"rendered":"https:\/\/veganova.eu\/?post_type=product&#038;p=47777"},"modified":"2026-04-21T07:25:55","modified_gmt":"2026-04-21T05:25:55","slug":"trained-by-jp-cream-of-rice-chocolate-fudge-2000g","status":"publish","type":"product","link":"https:\/\/veganova.eu\/sk\/shop\/trained-by-jp-cream-of-rice-chocolate-fudge-2000g\/","title":{"rendered":"Trained by JP Cream of Rice, Chocolate Fudge - 2000g"},"content":{"rendered":"<h3>Trained by JP Cream of Rice, Chocolate Fudge - 2000g<\/h3>\n<p>Pre\u010do kr\u00e9m z ry\u017ee?<\/p>\n<p>Po\u010das pr\u00edpravy, mimo sez\u00f3ny alebo v akejko\u013evek tr\u00e9ningovej f\u00e1ze v\u00e1m konzum\u00e1cia chutn\u00fdch ochuten\u00fdch vec\u00ed namiesto nudnej\u0161ej ry\u017ee pom\u00f4\u017ee udr\u017ea\u0165 si di\u00e9tu, preto\u017ee v\u00e1m \u010dasto bude pripada\u0165 ako poch\u00fa\u0165ka, ale \u013eahko sa zmest\u00ed do va\u0161ej dennej potreby sacharidov.<\/p>\n<p>Po\u010das mimosez\u00f3nneho obdobia, ke\u010f sa jedlo m\u00f4\u017ee dosta\u0165 vy\u0161\u0161ie, m\u00f4\u017ee by\u0165 tr\u00e1venie \u010dasto o nie\u010do \u0165a\u017e\u0161ie a v tejto f\u00e1ze, ke\u010f m\u00e1te r\u00f4zne chute, ktor\u00e9 sa v\u017edy dokonale str\u00e1via , v\u00e1m umo\u017en\u00ed udr\u017ea\u0165 si chu\u0165 do jedla a napredova\u0165<\/p>\n<p>JP sa s\u00e1m ve\u013emi zameriava na tr\u00e1venie, dosahuje obrovsk\u00e9 telesn\u00e9 hmotnosti a kalorick\u00e9 pr\u00edjmy, preto v\u0161etko, \u010do vyr\u00e1bame, je n\u00edm vysk\u00fa\u0161an\u00e9 a otestovan\u00e9, aby sa zabezpe\u010dilo, \u017ee v produkte nie je pr\u00edli\u0161 ve\u013ea sladidiel, \u017ee pr\u00edchute nie s\u00fa pr\u00edli\u0161 siln\u00e9 - v\u0161etko, \u010do je d\u00f4le\u017eit\u00e9, ke\u010f skuto\u010dne \u017eijete a d\u00fdchate kulturistikou.<\/p>\n<p>2 kg COR je k dispoz\u00edcii v 13 lahodn\u00fdch pr\u00edchutiach, aby boli va\u0161e chu\u0165ov\u00e9 poh\u00e1riky spokojn\u00e9!<\/p>\n<p>R\u00fdchlo p\u00f4sobiaci sacharid<\/p>\n<pre><code>Incredible Taste\nEasy to Mix\nPerfectly Digested\n2KG is 80x 25g servings \n<\/code><\/pre>","protected":false},"excerpt":{"rendered":"<p>Power fitness breakfast Trained by JP Cream of Rice, flavor: Chocolate Fudge. Content: 2000g. Certification: vegan, vegetarian, gluten free.<\/p>","protected":false},"featured_media":47332,"comment_status":"closed","ping_status":"closed","template":"","meta":{"advanced_seo_description":"","jetpack_seo_html_title":"","jetpack_seo_noindex":false},"pwb-brand":[2217],"product_brand":[4954],"product_cat":[225,132],"product_tag":[],"class_list":{"0":"post-47777","1":"product","2":"type-product","3":"status-publish","4":"has-post-thumbnail","6":"pwb-brand-trained-by-jp","7":"product_brand-trained-by-jp","8":"product_cat-carbohydrates","9":"product_cat-sports-nutrition","10":"brand_woo-trained-by-jp","12":"first","13":"outofstock","14":"taxable","15":"shipping-taxable","16":"purchasable","17":"product-type-simple"},"jetpack_sharing_enabled":true,"brands":[{"id":2217,"name":"Trained by JP","slug":"trained-by-jp"}],"_links":{"self":[{"href":"https:\/\/veganova.eu\/sk\/wp-json\/wp\/v2\/product\/47777","targetHints":{"allow":["GET"]}}],"collection":[{"href":"https:\/\/veganova.eu\/sk\/wp-json\/wp\/v2\/product"}],"about":[{"href":"https:\/\/veganova.eu\/sk\/wp-json\/wp\/v2\/types\/product"}],"replies":[{"embeddable":true,"href":"https:\/\/veganova.eu\/sk\/wp-json\/wp\/v2\/comments?post=47777"}],"version-history":[{"count":1,"href":"https:\/\/veganova.eu\/sk\/wp-json\/wp\/v2\/product\/47777\/revisions"}],"predecessor-version":[{"id":59225,"href":"https:\/\/veganova.eu\/sk\/wp-json\/wp\/v2\/product\/47777\/revisions\/59225"}],"wp:featuredmedia":[{"embeddable":true,"href":"https:\/\/veganova.eu\/sk\/wp-json\/wp\/v2\/media\/47332"}],"wp:attachment":[{"href":"https:\/\/veganova.eu\/sk\/wp-json\/wp\/v2\/media?parent=47777"}],"wp:term":[{"taxonomy":"pwb-brand","embeddable":true,"href":"https:\/\/veganova.eu\/sk\/wp-json\/wp\/v2\/pwb-brand?post=47777"},{"taxonomy":"product_brand","embeddable":true,"href":"https:\/\/veganova.eu\/sk\/wp-json\/wp\/v2\/product_brand?post=47777"},{"taxonomy":"product_cat","embeddable":true,"href":"https:\/\/veganova.eu\/sk\/wp-json\/wp\/v2\/product_cat?post=47777"},{"taxonomy":"product_tag","embeddable":true,"href":"https:\/\/veganova.eu\/sk\/wp-json\/wp\/v2\/product_tag?post=47777"}],"curies":[{"name":"wp","href":"https:\/\/api.w.org\/{rel}","templated":true}]}}