{"id":47853,"date":"2024-09-15T12:30:02","date_gmt":"2024-09-15T10:30:02","guid":{"rendered":"https:\/\/veganova.eu\/?post_type=product&#038;p=47853"},"modified":"2026-04-21T07:25:57","modified_gmt":"2026-04-21T05:25:57","slug":"enzymedica-digest-180-caps","status":"publish","type":"product","link":"https:\/\/veganova.eu\/sk\/shop\/enzymedica-digest-180-caps\/","title":{"rendered":"Enzymedica Digest - 180 kaps\u00fal"},"content":{"rendered":"<h3>Enzymedica Digest - 180 kaps\u00fal<\/h3>\n<p>Nedostatok enz\u00fdmov m\u00f4\u017ee by\u0165 d\u00f4sledkom kombin\u00e1cie veku, stravy a \u017eivotn\u00e9ho \u0161t\u00fdlu. Tieto nedostatky m\u00f4\u017eu vies\u0165 k r\u00f4znym tr\u00e1viacim \u0165a\u017ekostiam vr\u00e1tane ob\u010dasn\u00e9ho plynatosti, nad\u00favania, por\u00fach tr\u00e1venia a nepravidelnosti.<\/p>\n<p>Digest je vylep\u0161en\u00fd pr\u00edpravok, ktor\u00fd rozklad\u00e1 sacharidy, tuky, vl\u00e1kninu a bielkoviny. Enz\u00fdmy obsiahnut\u00e9 v Digeste podporuj\u00fa optim\u00e1lne tr\u00e1venie t\u00fdm, \u017ee pom\u00e1haj\u00fa telu absorbova\u0165 \u017eiviny a premie\u0148a\u0165 potravu na energiu. Tr\u00e1viaca pohoda zlep\u0161uje koncentr\u00e1ciu a zvy\u0161uje vitalitu.<\/p>","protected":false},"excerpt":{"rendered":"<p>Enzymedica Digest podporuje zdrav\u00e9 tr\u00e1venie. Obsah: Obsah: 180 vegetari\u00e1nskych kaps\u00fal. Certifik\u00e1t: veg\u00e1nsky, NON GMO.<\/p>","protected":false},"featured_media":52186,"comment_status":"closed","ping_status":"closed","template":"","meta":{"advanced_seo_description":"","jetpack_seo_html_title":"","jetpack_seo_noindex":false},"pwb-brand":[467],"product_brand":[4767],"product_cat":[596,143],"product_tag":[],"class_list":{"0":"post-47853","1":"product","2":"type-product","3":"status-publish","4":"has-post-thumbnail","6":"pwb-brand-enzymedica","7":"product_brand-enzymedica","8":"product_cat-digestion","9":"product_cat-health-issues","10":"brand_woo-enzymedica","12":"first","13":"instock","14":"sale","15":"taxable","16":"shipping-taxable","17":"purchasable","18":"product-type-simple"},"jetpack_sharing_enabled":true,"brands":[{"id":467,"name":"Enzymedica","slug":"enzymedica"}],"_links":{"self":[{"href":"https:\/\/veganova.eu\/sk\/wp-json\/wp\/v2\/product\/47853","targetHints":{"allow":["GET"]}}],"collection":[{"href":"https:\/\/veganova.eu\/sk\/wp-json\/wp\/v2\/product"}],"about":[{"href":"https:\/\/veganova.eu\/sk\/wp-json\/wp\/v2\/types\/product"}],"replies":[{"embeddable":true,"href":"https:\/\/veganova.eu\/sk\/wp-json\/wp\/v2\/comments?post=47853"}],"version-history":[{"count":1,"href":"https:\/\/veganova.eu\/sk\/wp-json\/wp\/v2\/product\/47853\/revisions"}],"predecessor-version":[{"id":59260,"href":"https:\/\/veganova.eu\/sk\/wp-json\/wp\/v2\/product\/47853\/revisions\/59260"}],"wp:featuredmedia":[{"embeddable":true,"href":"https:\/\/veganova.eu\/sk\/wp-json\/wp\/v2\/media\/52186"}],"wp:attachment":[{"href":"https:\/\/veganova.eu\/sk\/wp-json\/wp\/v2\/media?parent=47853"}],"wp:term":[{"taxonomy":"pwb-brand","embeddable":true,"href":"https:\/\/veganova.eu\/sk\/wp-json\/wp\/v2\/pwb-brand?post=47853"},{"taxonomy":"product_brand","embeddable":true,"href":"https:\/\/veganova.eu\/sk\/wp-json\/wp\/v2\/product_brand?post=47853"},{"taxonomy":"product_cat","embeddable":true,"href":"https:\/\/veganova.eu\/sk\/wp-json\/wp\/v2\/product_cat?post=47853"},{"taxonomy":"product_tag","embeddable":true,"href":"https:\/\/veganova.eu\/sk\/wp-json\/wp\/v2\/product_tag?post=47853"}],"curies":[{"name":"wp","href":"https:\/\/api.w.org\/{rel}","templated":true}]}}