{"id":47861,"date":"2024-09-15T12:30:12","date_gmt":"2024-09-15T10:30:12","guid":{"rendered":"https:\/\/veganova.eu\/?post_type=product&#038;p=47861"},"modified":"2026-04-21T07:25:58","modified_gmt":"2026-04-21T05:25:58","slug":"trained-by-jp-digest-pharma-pro-60-caps","status":"publish","type":"product","link":"https:\/\/veganova.eu\/sk\/shop\/trained-by-jp-digest-pharma-pro-60-caps\/","title":{"rendered":"Vy\u0161kolen\u00ed JP Digest Pharma Pro - 60 kapsl\u00ed"},"content":{"rendered":"<h3>Vy\u0161kolen\u00ed JP Digest Pharma Pro - 60 kapsl\u00ed<\/h3>\n<p>Digest Pharma Pro je n\u00e1\u0161 tr\u00e1viaci enz\u00fdm farmaceutickej kvality.<\/p>\n<p>Zahrnuli sme enz\u00fdmy, ktor\u00e9 pom\u00e1haj\u00fa rozklada\u0165 bielkoviny, sacharidy a tuky. Zahrnutie v\u0161etk\u00fdch troch je nevyhnutn\u00e9. \u0160peci\u00e1lne sme sa rozhodli pou\u017ei\u0165 najkvalitnej\u0161ie dostupn\u00e9 enz\u00fdmy vo forme komplexu Biocore.<\/p>\n<p>Zdravie \u010driev berieme mimoriadne v\u00e1\u017ene, preto\u017ee regener\u00e1cia po n\u00e1ro\u010dnom tr\u00e9ningu z\u00e1vis\u00ed od na\u0161ej schopnosti vyu\u017e\u00edva\u0165 potraviny a doplnky stravy, ktor\u00e9 konzumujeme.<\/p>\n<p>K optimaliz\u00e1cii zdravia \u010driev m\u00f4\u017ee prispie\u0165 u\u017e\u00edvanie n\u00e1\u0161ho Digest Pharma Pro spolu s 2 a\u017e 3 jedlami denne. Zvy\u010dajne ide o prv\u00e9 jedlo, jedlo po tr\u00e9ningu a posledn\u00e9 jedlo d\u0148a.<\/p>","protected":false},"excerpt":{"rendered":"<p>Tr\u00e9ning JP Digest Pharma Pro podporuje zdrav\u00e9 tr\u00e1venie. Obsah: Obsah: 60 vegetari\u00e1nskych kaps\u00fal. Certifik\u00e1t: veg\u00e1nsky, vegetari\u00e1nsky.<\/p>","protected":false},"featured_media":52087,"comment_status":"closed","ping_status":"closed","template":"","meta":{"advanced_seo_description":"","jetpack_seo_html_title":"","jetpack_seo_noindex":false},"pwb-brand":[2217],"product_brand":[4954],"product_cat":[596,143],"product_tag":[],"class_list":{"0":"post-47861","1":"product","2":"type-product","3":"status-publish","4":"has-post-thumbnail","6":"pwb-brand-trained-by-jp","7":"product_brand-trained-by-jp","8":"product_cat-digestion","9":"product_cat-health-issues","10":"brand_woo-trained-by-jp","12":"first","13":"outofstock","14":"taxable","15":"shipping-taxable","16":"purchasable","17":"product-type-simple"},"jetpack_sharing_enabled":true,"brands":[{"id":2217,"name":"Trained by JP","slug":"trained-by-jp"}],"_links":{"self":[{"href":"https:\/\/veganova.eu\/sk\/wp-json\/wp\/v2\/product\/47861","targetHints":{"allow":["GET"]}}],"collection":[{"href":"https:\/\/veganova.eu\/sk\/wp-json\/wp\/v2\/product"}],"about":[{"href":"https:\/\/veganova.eu\/sk\/wp-json\/wp\/v2\/types\/product"}],"replies":[{"embeddable":true,"href":"https:\/\/veganova.eu\/sk\/wp-json\/wp\/v2\/comments?post=47861"}],"version-history":[{"count":1,"href":"https:\/\/veganova.eu\/sk\/wp-json\/wp\/v2\/product\/47861\/revisions"}],"predecessor-version":[{"id":59264,"href":"https:\/\/veganova.eu\/sk\/wp-json\/wp\/v2\/product\/47861\/revisions\/59264"}],"wp:featuredmedia":[{"embeddable":true,"href":"https:\/\/veganova.eu\/sk\/wp-json\/wp\/v2\/media\/52087"}],"wp:attachment":[{"href":"https:\/\/veganova.eu\/sk\/wp-json\/wp\/v2\/media?parent=47861"}],"wp:term":[{"taxonomy":"pwb-brand","embeddable":true,"href":"https:\/\/veganova.eu\/sk\/wp-json\/wp\/v2\/pwb-brand?post=47861"},{"taxonomy":"product_brand","embeddable":true,"href":"https:\/\/veganova.eu\/sk\/wp-json\/wp\/v2\/product_brand?post=47861"},{"taxonomy":"product_cat","embeddable":true,"href":"https:\/\/veganova.eu\/sk\/wp-json\/wp\/v2\/product_cat?post=47861"},{"taxonomy":"product_tag","embeddable":true,"href":"https:\/\/veganova.eu\/sk\/wp-json\/wp\/v2\/product_tag?post=47861"}],"curies":[{"name":"wp","href":"https:\/\/api.w.org\/{rel}","templated":true}]}}