{"id":48023,"date":"2024-09-15T12:33:21","date_gmt":"2024-09-15T10:33:21","guid":{"rendered":"https:\/\/veganova.eu\/?post_type=product&#038;p=48023"},"modified":"2026-05-01T02:26:37","modified_gmt":"2026-05-01T00:26:37","slug":"applied-nutrition-mushroom-blend-160g","status":"publish","type":"product","link":"https:\/\/veganova.eu\/sk\/shop\/applied-nutrition-mushroom-blend-160g\/","title":{"rendered":"Applied Nutrition Zmes h\u00fab - 160g"},"content":{"rendered":"<h3>Applied Nutrition Zmes h\u00fab - 160g<\/h3>\n<ul>\n<li>Hubov\u00e1 zmes Superblend<\/li>\n<li>8 hr\u00edbov\u00fd vzorec<\/li>\n<li>V\u00fd\u017eivn\u00e1 zmes Lions Mane, Maitake, Chaga, Cordyceps Sinensis, Reishi,<\/li>\n<li>Shiitake, kr\u00e1\u013eovsk\u00e1 tr\u00fabka a Tremella<\/li>\n<\/ul>\n<p><span style=\"text-decoration: underline;\">DOPLNOK STRAVY<\/span><\/p>\n<p>160 g | 40 porci\u00ed<\/p>\n<p>Hubov\u00e1 zmes Applied Nutrition je kombin\u00e1ciou 8 najsilnej\u0161\u00edch h\u00fab na podporu celkov\u00e9ho zdravia, imunity a vitality. Na\u0161a jedine\u010dn\u00e1 zmes h\u00fab je dokonal\u00fdm sp\u00f4sobom, ako prirodzene a \u00fa\u010dinne posilni\u0165 va\u0161u imunitu, kognit\u00edvne schopnosti, zvl\u00e1danie stresu, zdravie tr\u00e1viaceho traktu a zlep\u0161i\u0165 hladinu energie. N\u00e1\u0161 hubov\u00fd extrakt v pr\u00e1\u0161ku m\u00f4\u017eete bez akejko\u013evek pr\u00edpravy prid\u00e1va\u0165 do smoothies a polievok alebo n\u00edm posypa\u0165 potraviny. Pr\u00edpadne pridajte 1 \u010dajov\u00fa ly\u017ei\u010dku do svojho ob\u013e\u00faben\u00e9ho hor\u00faceho n\u00e1poja. Dobre premie\u0161ajte.<\/p>","protected":false},"excerpt":{"rendered":"<p>Applied Nutrition Mushroom Blend je kombin\u00e1ciou 8 najsilnej\u0161\u00edch h\u00fab na podporu celkov\u00e9ho zdravia, imunity a vitality. Obsah: 160g. Certifik\u00e1cia: veg\u00e1nske, bezlepkov\u00e9.<\/p>","protected":false},"featured_media":52292,"comment_status":"closed","ping_status":"closed","template":"","meta":{"advanced_seo_description":"","jetpack_seo_html_title":"","jetpack_seo_noindex":false},"pwb-brand":[202],"product_brand":[4592],"product_cat":[2597,152],"product_tag":[],"class_list":{"0":"post-48023","1":"product","2":"type-product","3":"status-publish","4":"has-post-thumbnail","6":"pwb-brand-applied-nutrition","7":"product_brand-applied-nutrition","8":"product_cat-mushrooms","9":"product_cat-vitamins-and-minerals","10":"brand_woo-applied-nutrition","12":"first","13":"instock","14":"taxable","15":"shipping-taxable","16":"purchasable","17":"product-type-simple"},"jetpack_sharing_enabled":true,"brands":[{"id":202,"name":"Applied Nutrition","slug":"applied-nutrition"}],"_links":{"self":[{"href":"https:\/\/veganova.eu\/sk\/wp-json\/wp\/v2\/product\/48023","targetHints":{"allow":["GET"]}}],"collection":[{"href":"https:\/\/veganova.eu\/sk\/wp-json\/wp\/v2\/product"}],"about":[{"href":"https:\/\/veganova.eu\/sk\/wp-json\/wp\/v2\/types\/product"}],"replies":[{"embeddable":true,"href":"https:\/\/veganova.eu\/sk\/wp-json\/wp\/v2\/comments?post=48023"}],"version-history":[{"count":1,"href":"https:\/\/veganova.eu\/sk\/wp-json\/wp\/v2\/product\/48023\/revisions"}],"predecessor-version":[{"id":59328,"href":"https:\/\/veganova.eu\/sk\/wp-json\/wp\/v2\/product\/48023\/revisions\/59328"}],"wp:featuredmedia":[{"embeddable":true,"href":"https:\/\/veganova.eu\/sk\/wp-json\/wp\/v2\/media\/52292"}],"wp:attachment":[{"href":"https:\/\/veganova.eu\/sk\/wp-json\/wp\/v2\/media?parent=48023"}],"wp:term":[{"taxonomy":"pwb-brand","embeddable":true,"href":"https:\/\/veganova.eu\/sk\/wp-json\/wp\/v2\/pwb-brand?post=48023"},{"taxonomy":"product_brand","embeddable":true,"href":"https:\/\/veganova.eu\/sk\/wp-json\/wp\/v2\/product_brand?post=48023"},{"taxonomy":"product_cat","embeddable":true,"href":"https:\/\/veganova.eu\/sk\/wp-json\/wp\/v2\/product_cat?post=48023"},{"taxonomy":"product_tag","embeddable":true,"href":"https:\/\/veganova.eu\/sk\/wp-json\/wp\/v2\/product_tag?post=48023"}],"curies":[{"name":"wp","href":"https:\/\/api.w.org\/{rel}","templated":true}]}}