{"id":48187,"date":"2024-09-15T12:36:21","date_gmt":"2024-09-15T10:36:21","guid":{"rendered":"https:\/\/veganova.eu\/?post_type=product&#038;p=48187"},"modified":"2026-04-21T07:26:11","modified_gmt":"2026-04-21T05:26:11","slug":"applied-nutrition-tudca-nac-90-caps","status":"publish","type":"product","link":"https:\/\/veganova.eu\/sk\/shop\/applied-nutrition-tudca-nac-90-caps\/","title":{"rendered":"Applied Nutrition Tudca + NAC - 90 kaps\u00fal"},"content":{"rendered":"<h3>Applied Nutrition Tudca + NAC - 90 kaps\u00fal<\/h3>\n<ul>\n<li>800 mg kyseliny tauroursodeoxycholovej<\/li>\n<li>900 mg N-acetyl-L-cyste\u00ednu<\/li>\n<li>Podpora pe\u010dene a antioxidantov<\/li>\n<li>TUDCA + NAC predstavuje starostlivo vytvoren\u00fa kombin\u00e1ciu zlo\u017eiek, ktor\u00e9 p\u00f4sobia spolo\u010dne s cie\u013eom maximalizova\u0165 podporu pe\u010dene a zv\u00fd\u0161i\u0165 antioxida\u010dn\u00fa aktivitu.<\/li>\n<\/ul>\n<p>K\u013d\u00da\u010cOV\u00c9 V\u00ddHODY<\/p>\n<ul>\n<li>M\u00f4\u017ee prispie\u0165 k udr\u017eaniu optim\u00e1lnej produkcie pe\u010de\u0148ov\u00fdch a antioxida\u010dn\u00fdch l\u00e1tok<\/li>\n<li>Vhodn\u00e9 pre vegetari\u00e1nov a veg\u00e1nov<\/li>\n<li>Rastlinn\u00e1 zeleninov\u00e1 \u0161krupina vhodn\u00e1 pre spotrebite\u013eov s di\u00e9tnymi, n\u00e1bo\u017eensk\u00fdmi alebo kult\u00farnymi obmedzeniami<\/li>\n<li>Certifikovan\u00fd v\u00fdrobok Halal<\/li>\n<\/ul>","protected":false},"excerpt":{"rendered":"<p>Applied Nutrition Tudca + NAC maximalizuj\u00fa podporu pe\u010dene a zvy\u0161uj\u00fa antioxida\u010dn\u00fa aktivitu. Obsah: Obsah: 90 kaps\u00fal.<\/p>","protected":false},"featured_media":51969,"comment_status":"closed","ping_status":"closed","template":"","meta":{"advanced_seo_description":"","jetpack_seo_html_title":"","jetpack_seo_noindex":false},"pwb-brand":[202],"product_brand":[4592],"product_cat":[2593,2592,143,2591,152],"product_tag":[],"class_list":{"0":"post-48187","1":"product","2":"type-product","3":"status-publish","4":"has-post-thumbnail","6":"pwb-brand-applied-nutrition","7":"product_brand-applied-nutrition","8":"product_cat-antioxidants","9":"product_cat-detox","10":"product_cat-health-issues","11":"product_cat-liver","12":"product_cat-vitamins-and-minerals","13":"brand_woo-applied-nutrition","15":"first","16":"instock","17":"taxable","18":"shipping-taxable","19":"purchasable","20":"product-type-simple"},"jetpack_sharing_enabled":true,"brands":[{"id":202,"name":"Applied Nutrition","slug":"applied-nutrition"}],"_links":{"self":[{"href":"https:\/\/veganova.eu\/sk\/wp-json\/wp\/v2\/product\/48187","targetHints":{"allow":["GET"]}}],"collection":[{"href":"https:\/\/veganova.eu\/sk\/wp-json\/wp\/v2\/product"}],"about":[{"href":"https:\/\/veganova.eu\/sk\/wp-json\/wp\/v2\/types\/product"}],"replies":[{"embeddable":true,"href":"https:\/\/veganova.eu\/sk\/wp-json\/wp\/v2\/comments?post=48187"}],"version-history":[{"count":1,"href":"https:\/\/veganova.eu\/sk\/wp-json\/wp\/v2\/product\/48187\/revisions"}],"predecessor-version":[{"id":59386,"href":"https:\/\/veganova.eu\/sk\/wp-json\/wp\/v2\/product\/48187\/revisions\/59386"}],"wp:featuredmedia":[{"embeddable":true,"href":"https:\/\/veganova.eu\/sk\/wp-json\/wp\/v2\/media\/51969"}],"wp:attachment":[{"href":"https:\/\/veganova.eu\/sk\/wp-json\/wp\/v2\/media?parent=48187"}],"wp:term":[{"taxonomy":"pwb-brand","embeddable":true,"href":"https:\/\/veganova.eu\/sk\/wp-json\/wp\/v2\/pwb-brand?post=48187"},{"taxonomy":"product_brand","embeddable":true,"href":"https:\/\/veganova.eu\/sk\/wp-json\/wp\/v2\/product_brand?post=48187"},{"taxonomy":"product_cat","embeddable":true,"href":"https:\/\/veganova.eu\/sk\/wp-json\/wp\/v2\/product_cat?post=48187"},{"taxonomy":"product_tag","embeddable":true,"href":"https:\/\/veganova.eu\/sk\/wp-json\/wp\/v2\/product_tag?post=48187"}],"curies":[{"name":"wp","href":"https:\/\/api.w.org\/{rel}","templated":true}]}}