{"id":48205,"date":"2024-09-15T12:36:38","date_gmt":"2024-09-15T10:36:38","guid":{"rendered":"https:\/\/veganova.eu\/?post_type=product&#038;p=48205"},"modified":"2026-04-21T07:26:12","modified_gmt":"2026-04-21T05:26:12","slug":"allnutrition-vegan-protein-chocolate-caramel-500g","status":"publish","type":"product","link":"https:\/\/veganova.eu\/sk\/shop\/allnutrition-vegan-protein-chocolate-caramel-500g\/","title":{"rendered":"Allnutrition Veg\u00e1nsky prote\u00edn, \u010dokol\u00e1dov\u00fd karamel - 500g"},"content":{"rendered":"<h3>Allnutrition Veg\u00e1nsky prote\u00edn, \u010dokol\u00e1dov\u00fd karamel - 500g<\/h3>\n<p>VEGAN PROTEIN je veg\u00e1nsky prote\u00ednov\u00fd doplnok s lahodn\u00fdmi pr\u00edchu\u0165ami, ktor\u00e9ho z\u00e1kladom je s\u00f3jov\u00fd prote\u00ednov\u00fd izol\u00e1t a prote\u00edny zo 6 \u010fal\u0161\u00edch rastl\u00edn, ktor\u00e9 spolu poskytuj\u00fa a\u017e 75% \u010dist\u00fdch bielkov\u00edn v ka\u017edej d\u00e1vke. V\u010faka tomu je tento doplnok vhodn\u00fd pre veg\u00e1nov a vegetari\u00e1nov.<\/p>","protected":false},"excerpt":{"rendered":"<p>Allnutrition Vegan Protein je vyroben\u00fd zo s\u00f3jov\u00e9ho prote\u00ednov\u00e9ho izol\u00e1tu a bielkov\u00edn zo 6 \u010fal\u0161\u00edch rastl\u00edn. Pr\u00edchu\u0165: \u010cokol\u00e1dov\u00fd karamel. Obsah: 500g. Certifik\u00e1t: veg\u00e1nsky.<\/p>","protected":false},"featured_media":52127,"comment_status":"closed","ping_status":"closed","template":"","meta":{"advanced_seo_description":"","jetpack_seo_html_title":"","jetpack_seo_noindex":false},"pwb-brand":[475],"product_brand":[4774],"product_cat":[132,133],"product_tag":[],"class_list":{"0":"post-48205","1":"product","2":"type-product","3":"status-publish","4":"has-post-thumbnail","6":"pwb-brand-allnutrition","7":"product_brand-allnutrition","8":"product_cat-sports-nutrition","9":"product_cat-vegan-proteins","10":"brand_woo-allnutrition","12":"first","13":"outofstock","14":"taxable","15":"shipping-taxable","16":"purchasable","17":"product-type-simple"},"jetpack_sharing_enabled":true,"brands":[{"id":475,"name":"Allnutrition","slug":"allnutrition"}],"_links":{"self":[{"href":"https:\/\/veganova.eu\/sk\/wp-json\/wp\/v2\/product\/48205","targetHints":{"allow":["GET"]}}],"collection":[{"href":"https:\/\/veganova.eu\/sk\/wp-json\/wp\/v2\/product"}],"about":[{"href":"https:\/\/veganova.eu\/sk\/wp-json\/wp\/v2\/types\/product"}],"replies":[{"embeddable":true,"href":"https:\/\/veganova.eu\/sk\/wp-json\/wp\/v2\/comments?post=48205"}],"version-history":[{"count":1,"href":"https:\/\/veganova.eu\/sk\/wp-json\/wp\/v2\/product\/48205\/revisions"}],"predecessor-version":[{"id":59393,"href":"https:\/\/veganova.eu\/sk\/wp-json\/wp\/v2\/product\/48205\/revisions\/59393"}],"wp:featuredmedia":[{"embeddable":true,"href":"https:\/\/veganova.eu\/sk\/wp-json\/wp\/v2\/media\/52127"}],"wp:attachment":[{"href":"https:\/\/veganova.eu\/sk\/wp-json\/wp\/v2\/media?parent=48205"}],"wp:term":[{"taxonomy":"pwb-brand","embeddable":true,"href":"https:\/\/veganova.eu\/sk\/wp-json\/wp\/v2\/pwb-brand?post=48205"},{"taxonomy":"product_brand","embeddable":true,"href":"https:\/\/veganova.eu\/sk\/wp-json\/wp\/v2\/product_brand?post=48205"},{"taxonomy":"product_cat","embeddable":true,"href":"https:\/\/veganova.eu\/sk\/wp-json\/wp\/v2\/product_cat?post=48205"},{"taxonomy":"product_tag","embeddable":true,"href":"https:\/\/veganova.eu\/sk\/wp-json\/wp\/v2\/product_tag?post=48205"}],"curies":[{"name":"wp","href":"https:\/\/api.w.org\/{rel}","templated":true}]}}