{"id":5138,"date":"2023-10-01T17:08:55","date_gmt":"2023-10-01T15:08:55","guid":{"rendered":"https:\/\/veganova.eu\/?post_type=product&#038;p=5138"},"modified":"2026-04-21T07:24:35","modified_gmt":"2026-04-21T05:24:35","slug":"garden-of-life-vitamin-code-raw-iron-30-kaps","status":"publish","type":"product","link":"https:\/\/veganova.eu\/sk\/shop\/garden-of-life-vitamin-code-raw-iron-30-kaps\/","title":{"rendered":"Garden of Life Vitamin Code RAW Iron (30 kaps\u00fal)"},"content":{"rendered":"<h3>Garden of Life Vitamin Code RAW Iron (30 kaps\u00fal)<\/h3>\n<p>Garden of Life Vitamin Code Raw Iron obsahuje \u017eiviny zo surovej stravy na b\u00e1ze ovocia a zeleniny. Ka\u017ed\u00e1 kapsula sa vyr\u00e1ba pri teplote ni\u017e\u0161ej ako 46 \u00b0C, aby bola \u010derstv\u00e1, a obsahuje \u017eiv\u00e9 bakt\u00e9rie a enz\u00fdmy. Neobsahuj\u00fa syntetick\u00e9 l\u00e1tky, plnidl\u00e1, umel\u00e9 ar\u00f3my, farbiv\u00e1 ani pr\u00eddavn\u00e9 l\u00e1tky.<\/p>\n<p>Kapsuly s obsahom 22 mg plnohodnotn\u00e9ho \u017eeleza s\u00fa vyroben\u00e9 z tepelne neupraven\u00e9ho z\u00e1kladu 23 druhov ovocia a zeleniny a pr\u00edrodn\u00fdch potravinov\u00fdch kofaktorov.<\/p>\n<p>K\u013e\u00fa\u010dov\u00e9 v\u00fdhody:<\/p>\n<pre><code>Contains 22mg of gentle whole food iron\nAdded whole food vitamins C, B12 and folate\nUncooked and specially packed to preserve freshness\nFree from synthetics, fillers and carriers\n<\/code><\/pre>\n<p>Podrobnosti o strave :<\/p>\n<pre><code>Vegan\nGluten Free\nKosher\nDairy Free\nSoy Free\nRaw\n<\/code><\/pre>","protected":false},"excerpt":{"rendered":"<p>Veg\u00e1nsky v\u00fd\u017eivov\u00fd doplnok Garden of Life Vitamin Code RAW Iron obsahuje \u017eelezo, vitam\u00edn C, fol\u00e1ty, vitam\u00edn B12, zmes RAW ovocn\u00fdch a zeleninov\u00fdch extraktov v kombin\u00e1cii s enz\u00fdmami a probiotikami. Balenie obsahuje: 30 kaps\u00fal.<\/p>","protected":false},"featured_media":51648,"comment_status":"closed","ping_status":"closed","template":"","meta":{"advanced_seo_description":"","jetpack_seo_html_title":"","jetpack_seo_noindex":false},"pwb-brand":[303],"product_brand":[4625],"product_cat":[153,152],"product_tag":[1206,860,1208,1207],"class_list":{"0":"post-5138","1":"product","2":"type-product","3":"status-publish","4":"has-post-thumbnail","6":"pwb-brand-garden-of-life","7":"product_brand-garden-of-life","8":"product_cat-vitamins","9":"product_cat-vitamins-and-minerals","10":"product_tag-blood-production","11":"product_tag-energy","12":"product_tag-muscles","13":"product_tag-strength","14":"brand_woo-garden-of-life","16":"first","17":"instock","18":"sale","19":"taxable","20":"shipping-taxable","21":"purchasable","22":"product-type-simple"},"jetpack_sharing_enabled":true,"brands":[{"id":303,"name":"Garden of Life","slug":"garden-of-life"}],"_links":{"self":[{"href":"https:\/\/veganova.eu\/sk\/wp-json\/wp\/v2\/product\/5138","targetHints":{"allow":["GET"]}}],"collection":[{"href":"https:\/\/veganova.eu\/sk\/wp-json\/wp\/v2\/product"}],"about":[{"href":"https:\/\/veganova.eu\/sk\/wp-json\/wp\/v2\/types\/product"}],"replies":[{"embeddable":true,"href":"https:\/\/veganova.eu\/sk\/wp-json\/wp\/v2\/comments?post=5138"}],"version-history":[{"count":1,"href":"https:\/\/veganova.eu\/sk\/wp-json\/wp\/v2\/product\/5138\/revisions"}],"predecessor-version":[{"id":58249,"href":"https:\/\/veganova.eu\/sk\/wp-json\/wp\/v2\/product\/5138\/revisions\/58249"}],"wp:featuredmedia":[{"embeddable":true,"href":"https:\/\/veganova.eu\/sk\/wp-json\/wp\/v2\/media\/51648"}],"wp:attachment":[{"href":"https:\/\/veganova.eu\/sk\/wp-json\/wp\/v2\/media?parent=5138"}],"wp:term":[{"taxonomy":"pwb-brand","embeddable":true,"href":"https:\/\/veganova.eu\/sk\/wp-json\/wp\/v2\/pwb-brand?post=5138"},{"taxonomy":"product_brand","embeddable":true,"href":"https:\/\/veganova.eu\/sk\/wp-json\/wp\/v2\/product_brand?post=5138"},{"taxonomy":"product_cat","embeddable":true,"href":"https:\/\/veganova.eu\/sk\/wp-json\/wp\/v2\/product_cat?post=5138"},{"taxonomy":"product_tag","embeddable":true,"href":"https:\/\/veganova.eu\/sk\/wp-json\/wp\/v2\/product_tag?post=5138"}],"curies":[{"name":"wp","href":"https:\/\/api.w.org\/{rel}","templated":true}]}}