{"id":5160,"date":"2023-10-01T17:09:04","date_gmt":"2023-10-01T15:09:04","guid":{"rendered":"https:\/\/veganova.eu\/?post_type=product&#038;p=5160"},"modified":"2026-04-21T07:24:37","modified_gmt":"2026-04-21T05:24:37","slug":"kiki-health-zeolite-powder-120g","status":"publish","type":"product","link":"https:\/\/veganova.eu\/sk\/shop\/kiki-health-zeolite-powder-120g\/","title":{"rendered":"KIKI Health Zeolitov\u00fd pr\u00e1\u0161ok (120g)"},"content":{"rendered":"<h3>KIKI Health Zeolitov\u00fd pr\u00e1\u0161ok (120g)<\/h3>\n<p>Zeolit je miner\u00e1l, ktor\u00fd sa prirodzene vyskytuje vo vulkanickej oblasti ju\u017en\u00e9ho egejsk\u00e9ho sope\u010dn\u00e9ho obl\u00faka v Turecku - vznikol pred mili\u00f3nmi rokov, ke\u010f vybuchovali prudk\u00e9 sopky a uvo\u013e\u0148ovali ve\u013ek\u00e9 mno\u017estvo sope\u010dn\u00e9ho popola z alkalickej zeme. \u010cas\u0165 popola sa usadila a vytvorila hrub\u00e9 vrstvy popola, ale v\u00e4\u010d\u0161inou popol padal do mora a jazier. Ak je chemick\u00e9 zlo\u017eenie jazera v spr\u00e1vnom rozmedz\u00ed, chemick\u00e1 reakcia sope\u010dn\u00e9ho prachu (popola) a vody vedie k vzniku pr\u00edrodn\u00e9ho zeolitu, m\u00e4kkej horniny s usporiadanou vn\u00fatornou \u0161trukt\u00farou. Zeolit je miner\u00e1l so \u0161trukt\u00farou podobnou klietke, ktor\u00e1 v sebe m\u00f4\u017ee zachyt\u00e1va\u0165 molekuly v\u010faka vynikaj\u00facej mikronizovanej ve\u013ekosti \u010dast\u00edc (menej ako 25 mikr\u00f3nov). N\u00e1\u0161 zeolit je pr\u00edrodn\u00fd produkt z pr\u00edrodn\u00e9ho miner\u00e1lu zeolitu; dok\u00e1\u017ee sa viaza\u0165 na \u0161kodliviny a tox\u00edny v tr\u00e1viacom trakte ako \u0161pongia a prirodzene ich odv\u00e1dza\u0165 von. Nestr\u00e1vite\u013en\u00fd zeolit sa \u013eahko vylu\u010duje so stolicou cez \u010drev\u00e1 bez za\u0165a\u017eenia metabolizmu. Zeolit je miner\u00e1l so \u0161trukt\u00farou podobnou klietke, ktor\u00e1 dok\u00e1\u017ee zachyti\u0165 molekuly vo vn\u00fatri v\u010faka jemnej mikronizovanej ve\u013ekosti \u010dast\u00edc (menej ako 25 mikr\u00f3nov). Zeolitov\u00fd pr\u00e1\u0161ok KIKI Health je \u00faplne pr\u00edrodn\u00fd a neupraven\u00fd, obsahuje len \u010dist\u00fd zeolitov\u00fd pr\u00e1\u0161ok 100% Clinoptilolite, bez nepr\u00edjemn\u00fdch plnidiel.<\/p>","protected":false},"excerpt":{"rendered":"<p>Vegan nutritional supplement KIKI Health Zeolite Powder binds toxins in the digestive tract. Suitable for intestinal problems, excessive flatulence and digestion problems. The package contains: 120g. Gluten-free.<\/p>","protected":false},"featured_media":52972,"comment_status":"closed","ping_status":"closed","template":"","meta":{"advanced_seo_description":"","jetpack_seo_html_title":"","jetpack_seo_noindex":false},"pwb-brand":[166],"product_brand":[4573],"product_cat":[2592,596,149],"product_tag":[1067,1278,1277,1090],"class_list":{"0":"post-5160","1":"product","2":"type-product","3":"status-publish","4":"has-post-thumbnail","6":"pwb-brand-kiki-health","7":"product_brand-kiki-health","8":"product_cat-detox","9":"product_cat-digestion","10":"product_cat-superfoods","11":"product_tag-digestion","12":"product_tag-gas","13":"product_tag-intestinal-problems","14":"product_tag-toxins","15":"brand_woo-kiki-health","17":"first","18":"instock","19":"sale","20":"taxable","21":"shipping-taxable","22":"purchasable","23":"product-type-simple"},"jetpack_sharing_enabled":true,"brands":[{"id":166,"name":"KIKI Health","slug":"kiki-health"}],"_links":{"self":[{"href":"https:\/\/veganova.eu\/sk\/wp-json\/wp\/v2\/product\/5160","targetHints":{"allow":["GET"]}}],"collection":[{"href":"https:\/\/veganova.eu\/sk\/wp-json\/wp\/v2\/product"}],"about":[{"href":"https:\/\/veganova.eu\/sk\/wp-json\/wp\/v2\/types\/product"}],"replies":[{"embeddable":true,"href":"https:\/\/veganova.eu\/sk\/wp-json\/wp\/v2\/comments?post=5160"}],"version-history":[{"count":1,"href":"https:\/\/veganova.eu\/sk\/wp-json\/wp\/v2\/product\/5160\/revisions"}],"predecessor-version":[{"id":58270,"href":"https:\/\/veganova.eu\/sk\/wp-json\/wp\/v2\/product\/5160\/revisions\/58270"}],"wp:featuredmedia":[{"embeddable":true,"href":"https:\/\/veganova.eu\/sk\/wp-json\/wp\/v2\/media\/52972"}],"wp:attachment":[{"href":"https:\/\/veganova.eu\/sk\/wp-json\/wp\/v2\/media?parent=5160"}],"wp:term":[{"taxonomy":"pwb-brand","embeddable":true,"href":"https:\/\/veganova.eu\/sk\/wp-json\/wp\/v2\/pwb-brand?post=5160"},{"taxonomy":"product_brand","embeddable":true,"href":"https:\/\/veganova.eu\/sk\/wp-json\/wp\/v2\/product_brand?post=5160"},{"taxonomy":"product_cat","embeddable":true,"href":"https:\/\/veganova.eu\/sk\/wp-json\/wp\/v2\/product_cat?post=5160"},{"taxonomy":"product_tag","embeddable":true,"href":"https:\/\/veganova.eu\/sk\/wp-json\/wp\/v2\/product_tag?post=5160"}],"curies":[{"name":"wp","href":"https:\/\/api.w.org\/{rel}","templated":true}]}}