{"id":5187,"date":"2023-10-01T17:09:18","date_gmt":"2023-10-01T15:09:18","guid":{"rendered":"https:\/\/veganova.eu\/?post_type=product&#038;p=5187"},"modified":"2026-04-21T07:24:38","modified_gmt":"2026-04-21T05:24:38","slug":"now-foods-apple-cider-vinegar-750mg-extra-strength-180-tab","status":"publish","type":"product","link":"https:\/\/veganova.eu\/sk\/shop\/now-foods-apple-cider-vinegar-750mg-extra-strength-180-tab\/","title":{"rendered":"NOW Foods Jabl\u010dn\u00fd ocot, 750 mg Extra sila (180 tab)"},"content":{"rendered":"<h3>NOW Foods Jabl\u010dn\u00fd ocot, 750 mg Extra sila (180 tab)<\/h3>\n<p>Apple Cider Vinegar is derived from the natural fermentation of sweet apple cider. Vinegar has been used worldwide for more than 2000 years for various culinary purposes. More recently, it has been recognized for its acidic properties.<\/p>","protected":false},"excerpt":{"rendered":"<p>Nutritional supplement NOW Foods Apple cider vinegar, 750mg extra strong, package contains: 180 tablets. Gluten-free, GMO-free.<\/p>","protected":false},"featured_media":52958,"comment_status":"closed","ping_status":"closed","template":"","meta":{"advanced_seo_description":"","jetpack_seo_html_title":"","jetpack_seo_noindex":false},"pwb-brand":[173],"product_brand":[4580],"product_cat":[149],"product_tag":[1067,1117,1275],"class_list":{"0":"post-5187","1":"product","2":"type-product","3":"status-publish","4":"has-post-thumbnail","6":"pwb-brand-now-foods","7":"product_brand-now-foods","8":"product_cat-superfoods","9":"product_tag-digestion","10":"product_tag-immunity","11":"product_tag-intestinal-microflora","12":"brand_woo-now-foods","14":"first","15":"instock","16":"sale","17":"taxable","18":"shipping-taxable","19":"purchasable","20":"product-type-simple"},"jetpack_sharing_enabled":true,"brands":[{"id":173,"name":"NOW Foods","slug":"now-foods"}],"_links":{"self":[{"href":"https:\/\/veganova.eu\/sk\/wp-json\/wp\/v2\/product\/5187","targetHints":{"allow":["GET"]}}],"collection":[{"href":"https:\/\/veganova.eu\/sk\/wp-json\/wp\/v2\/product"}],"about":[{"href":"https:\/\/veganova.eu\/sk\/wp-json\/wp\/v2\/types\/product"}],"replies":[{"embeddable":true,"href":"https:\/\/veganova.eu\/sk\/wp-json\/wp\/v2\/comments?post=5187"}],"version-history":[{"count":1,"href":"https:\/\/veganova.eu\/sk\/wp-json\/wp\/v2\/product\/5187\/revisions"}],"predecessor-version":[{"id":58297,"href":"https:\/\/veganova.eu\/sk\/wp-json\/wp\/v2\/product\/5187\/revisions\/58297"}],"wp:featuredmedia":[{"embeddable":true,"href":"https:\/\/veganova.eu\/sk\/wp-json\/wp\/v2\/media\/52958"}],"wp:attachment":[{"href":"https:\/\/veganova.eu\/sk\/wp-json\/wp\/v2\/media?parent=5187"}],"wp:term":[{"taxonomy":"pwb-brand","embeddable":true,"href":"https:\/\/veganova.eu\/sk\/wp-json\/wp\/v2\/pwb-brand?post=5187"},{"taxonomy":"product_brand","embeddable":true,"href":"https:\/\/veganova.eu\/sk\/wp-json\/wp\/v2\/product_brand?post=5187"},{"taxonomy":"product_cat","embeddable":true,"href":"https:\/\/veganova.eu\/sk\/wp-json\/wp\/v2\/product_cat?post=5187"},{"taxonomy":"product_tag","embeddable":true,"href":"https:\/\/veganova.eu\/sk\/wp-json\/wp\/v2\/product_tag?post=5187"}],"curies":[{"name":"wp","href":"https:\/\/api.w.org\/{rel}","templated":true}]}}