{"id":5201,"date":"2023-10-01T17:09:23","date_gmt":"2023-10-01T15:09:23","guid":{"rendered":"https:\/\/veganova.eu\/?post_type=product&#038;p=5201"},"modified":"2026-04-21T07:24:39","modified_gmt":"2026-04-21T05:24:39","slug":"now-foods-celery-seed-extract-60-kaps","status":"publish","type":"product","link":"https:\/\/veganova.eu\/sk\/shop\/now-foods-celery-seed-extract-60-kaps\/","title":{"rendered":"NOW Foods V\u00fd\u0165a\u017eok zo semien zeleru (60 kaps\u00fal)"},"content":{"rendered":"<h3>NOW Foods V\u00fd\u0165a\u017eok zo semien zeleru (60 kaps\u00fal)<\/h3>\n<p>Zdrav\u00e1 funkcia ciev<br \/>\nPlus Horse Chestnut &amp; Hawthorn Extracts<br \/>\nNOW Celery Seed Extract pon\u00faka \u0161irok\u00fa \u0161k\u00e1lu bioakt\u00edvnych zl\u00fa\u010den\u00edn vr\u00e1tane pr\u00edrodn\u00fdch ftalidov, ako je 3-n-butylftalid (3nB). 3nB je predmetom rozsiahleho v\u00fdskumu pre svoju schopnos\u0165 podporova\u0165 zdravie ciev, najm\u00e4 v mozgu. Tento produkt obsahuje extrakt zo semien paga\u0161tana konsk\u00e9ho, o ktorom je u\u017e dlho zn\u00e1me, \u017ee podporuje zdrav\u00fa funkciu ciev. Hlohov\u00fd extrakt s mnoh\u00fdmi fenolov\u00fdmi zlo\u017ekami bol tie\u017e zahrnut\u00fd na doplnenie tohto vzorca.<\/p>","protected":false},"excerpt":{"rendered":"<p>Veg\u00e1nsky v\u00fd\u017eivov\u00fd doplnok NOW Foods Celery Seed Extract - extrakt zo semien zeleru, balenie obsahuje: 60 kaps\u00fal. Bez lepku, bez GMO.<\/p>","protected":false},"featured_media":51557,"comment_status":"closed","ping_status":"closed","template":"","meta":{"advanced_seo_description":"","jetpack_seo_html_title":"","jetpack_seo_noindex":false},"pwb-brand":[173],"product_brand":[4580],"product_cat":[149],"product_tag":[1200,1221,1153],"class_list":{"0":"post-5201","1":"product","2":"type-product","3":"status-publish","4":"has-post-thumbnail","6":"pwb-brand-now-foods","7":"product_brand-now-foods","8":"product_cat-superfoods","9":"product_tag-blood-circulation","10":"product_tag-brain","11":"product_tag-vessels","12":"brand_woo-now-foods","14":"first","15":"instock","16":"taxable","17":"shipping-taxable","18":"purchasable","19":"product-type-simple"},"jetpack_sharing_enabled":true,"brands":[{"id":173,"name":"NOW Foods","slug":"now-foods"}],"_links":{"self":[{"href":"https:\/\/veganova.eu\/sk\/wp-json\/wp\/v2\/product\/5201","targetHints":{"allow":["GET"]}}],"collection":[{"href":"https:\/\/veganova.eu\/sk\/wp-json\/wp\/v2\/product"}],"about":[{"href":"https:\/\/veganova.eu\/sk\/wp-json\/wp\/v2\/types\/product"}],"replies":[{"embeddable":true,"href":"https:\/\/veganova.eu\/sk\/wp-json\/wp\/v2\/comments?post=5201"}],"version-history":[{"count":1,"href":"https:\/\/veganova.eu\/sk\/wp-json\/wp\/v2\/product\/5201\/revisions"}],"predecessor-version":[{"id":58309,"href":"https:\/\/veganova.eu\/sk\/wp-json\/wp\/v2\/product\/5201\/revisions\/58309"}],"wp:featuredmedia":[{"embeddable":true,"href":"https:\/\/veganova.eu\/sk\/wp-json\/wp\/v2\/media\/51557"}],"wp:attachment":[{"href":"https:\/\/veganova.eu\/sk\/wp-json\/wp\/v2\/media?parent=5201"}],"wp:term":[{"taxonomy":"pwb-brand","embeddable":true,"href":"https:\/\/veganova.eu\/sk\/wp-json\/wp\/v2\/pwb-brand?post=5201"},{"taxonomy":"product_brand","embeddable":true,"href":"https:\/\/veganova.eu\/sk\/wp-json\/wp\/v2\/product_brand?post=5201"},{"taxonomy":"product_cat","embeddable":true,"href":"https:\/\/veganova.eu\/sk\/wp-json\/wp\/v2\/product_cat?post=5201"},{"taxonomy":"product_tag","embeddable":true,"href":"https:\/\/veganova.eu\/sk\/wp-json\/wp\/v2\/product_tag?post=5201"}],"curies":[{"name":"wp","href":"https:\/\/api.w.org\/{rel}","templated":true}]}}