{"id":5230,"date":"2023-10-01T17:09:39","date_gmt":"2023-10-01T15:09:39","guid":{"rendered":"https:\/\/veganova.eu\/?post_type=product&#038;p=5230"},"modified":"2026-04-21T07:24:41","modified_gmt":"2026-04-21T05:24:41","slug":"now-foods-rutin-450mg-100-kaps","status":"publish","type":"product","link":"https:\/\/veganova.eu\/sk\/shop\/now-foods-rutin-450mg-100-kaps\/","title":{"rendered":"NOW Foods Rut\u00edn, 450 mg (100 kaps\u00fal)"},"content":{"rendered":"<h3>NOW Foods Rutin<\/h3>\n<ul>\n<li>Podporuje pevnos\u0165 ciev<\/li>\n<li>Rut\u00edn je bioflavonoid pr\u00edbuzn\u00fd kvercet\u00ednu a hesperid\u00ednu, ktor\u00fd sa nach\u00e1dza v citrusov\u00fdch aj in\u00fdch plodoch, ako aj v in\u00fdch potravin\u00e1ch, napr\u00edklad v poh\u00e1nke.<\/li>\n<li>Rut\u00edn je siln\u00fdm bojovn\u00edkom proti vo\u013en\u00fdm radik\u00e1lom a je zn\u00e1my najm\u00e4 v\u010faka svojej \u00falohe v oblasti zdravia ciev.<\/li>\n<li>Rut\u00edn pom\u00e1ha udr\u017eiava\u0165 \u0161truktur\u00e1lnu integritu krvn\u00fdch ciev, ako s\u00fa \u017eily a kapil\u00e1ry.<\/li>\n<li>Vedeck\u00e9 \u0161t\u00fadie nazna\u010duj\u00fa, \u017ee m\u00f4\u017ee pom\u00f4c\u0165 podpori\u0165 funkciu ciev a zdrav\u00fd krvn\u00fd obeh.<\/li>\n<li>NOW Rutin je vegetari\u00e1nsky a poch\u00e1dza z in\u00e9ho zdroja ako z citrusov.<\/li>\n<\/ul>","protected":false},"excerpt":{"rendered":"<p>Veg\u00e1nsky v\u00fd\u017eivov\u00fd doplnok NOW Foods Rut\u00edn, 450 mg, pre zdrav\u00e9 cievy, balenie obsahuje: 100 kaps\u00fal. Bez lepku, bez GMO.<\/p>","protected":false},"featured_media":51589,"comment_status":"closed","ping_status":"closed","template":"","meta":{"advanced_seo_description":"","jetpack_seo_html_title":"","jetpack_seo_noindex":false},"pwb-brand":[173],"product_brand":[4580],"product_cat":[289,152],"product_tag":[1200,1241,1153],"class_list":{"0":"post-5230","1":"product","2":"type-product","3":"status-publish","4":"has-post-thumbnail","6":"pwb-brand-now-foods","7":"product_brand-now-foods","8":"product_cat-heart-and-blood-vessels","9":"product_cat-vitamins-and-minerals","10":"product_tag-blood-circulation","11":"product_tag-cardiovascular-system","12":"product_tag-vessels","13":"brand_woo-now-foods","15":"first","16":"instock","17":"taxable","18":"shipping-taxable","19":"purchasable","20":"product-type-simple"},"jetpack_sharing_enabled":true,"brands":[{"id":173,"name":"NOW Foods","slug":"now-foods"}],"_links":{"self":[{"href":"https:\/\/veganova.eu\/sk\/wp-json\/wp\/v2\/product\/5230","targetHints":{"allow":["GET"]}}],"collection":[{"href":"https:\/\/veganova.eu\/sk\/wp-json\/wp\/v2\/product"}],"about":[{"href":"https:\/\/veganova.eu\/sk\/wp-json\/wp\/v2\/types\/product"}],"replies":[{"embeddable":true,"href":"https:\/\/veganova.eu\/sk\/wp-json\/wp\/v2\/comments?post=5230"}],"version-history":[{"count":1,"href":"https:\/\/veganova.eu\/sk\/wp-json\/wp\/v2\/product\/5230\/revisions"}],"predecessor-version":[{"id":58337,"href":"https:\/\/veganova.eu\/sk\/wp-json\/wp\/v2\/product\/5230\/revisions\/58337"}],"wp:featuredmedia":[{"embeddable":true,"href":"https:\/\/veganova.eu\/sk\/wp-json\/wp\/v2\/media\/51589"}],"wp:attachment":[{"href":"https:\/\/veganova.eu\/sk\/wp-json\/wp\/v2\/media?parent=5230"}],"wp:term":[{"taxonomy":"pwb-brand","embeddable":true,"href":"https:\/\/veganova.eu\/sk\/wp-json\/wp\/v2\/pwb-brand?post=5230"},{"taxonomy":"product_brand","embeddable":true,"href":"https:\/\/veganova.eu\/sk\/wp-json\/wp\/v2\/product_brand?post=5230"},{"taxonomy":"product_cat","embeddable":true,"href":"https:\/\/veganova.eu\/sk\/wp-json\/wp\/v2\/product_cat?post=5230"},{"taxonomy":"product_tag","embeddable":true,"href":"https:\/\/veganova.eu\/sk\/wp-json\/wp\/v2\/product_tag?post=5230"}],"curies":[{"name":"wp","href":"https:\/\/api.w.org\/{rel}","templated":true}]}}