{"id":5342,"date":"2023-10-01T17:10:36","date_gmt":"2023-10-01T15:10:36","guid":{"rendered":"https:\/\/veganova.eu\/?post_type=product&#038;p=5342"},"modified":"2026-04-21T07:24:48","modified_gmt":"2026-04-21T05:24:48","slug":"trace-minerals-ionic-selenium-liquid-59-ml","status":"publish","type":"product","link":"https:\/\/veganova.eu\/sk\/shop\/trace-minerals-ionic-selenium-liquid-59-ml\/","title":{"rendered":"Tekut\u00fd i\u00f3nov\u00fd sel\u00e9n Trace Minerals (59 ml)"},"content":{"rendered":"<h3>Tekut\u00fd i\u00f3nov\u00fd sel\u00e9n Trace Minerals (59 ml)<\/h3>\n<p>Ionick\u00fd sel\u00e9n je bohat\u00fd, koncentrovan\u00fd tekut\u00fd doplnok stravy, ktor\u00fd poskytuje sel\u00e9n v i\u00f3novej forme - forme, ktor\u00fa telo najviac rozpozn\u00e1va. Niektor\u00e9 vedeck\u00e9 d\u00f4kazy nazna\u010duj\u00fa, \u017ee konzum\u00e1cia sel\u00e9nu m\u00f4\u017ee zn\u00ed\u017ei\u0165 riziko niektor\u00fdch foriem rakoviny; FDA v\u0161ak rozhodla, \u017ee tieto d\u00f4kazy s\u00fa obmedzen\u00e9 a nie s\u00fa presved\u010div\u00e9. Obsahuje tie\u017e cel\u00e9 spektrum koncentrovan\u00fdch i\u00f3nov\u00fdch stopov\u00fdch miner\u00e1lov.<\/p>","protected":false},"excerpt":{"rendered":"<p>Veg\u00e1nsky v\u00fd\u017eivov\u00fd doplnok Trace Minerals Ionic Selenium Liquid dod\u00e1va i\u00f3nov\u00fd sel\u00e9n vo vysokej koncentr\u00e1cii. Doplnen\u00fd o vysokokvalitn\u00e9 i\u00f3nov\u00e9 stopov\u00e9 miner\u00e1ly. Balenie obsahuje: 59 ml. Bez lepku, bez GMO.<\/p>","protected":false},"featured_media":52908,"comment_status":"closed","ping_status":"closed","template":"","meta":{"advanced_seo_description":"","jetpack_seo_html_title":"","jetpack_seo_noindex":false},"pwb-brand":[451],"product_brand":[4756],"product_cat":[203,2598,132],"product_tag":[1182],"class_list":{"0":"post-5342","1":"product","2":"type-product","3":"status-publish","4":"has-post-thumbnail","6":"pwb-brand-trace-minerals","7":"product_brand-trace-minerals","8":"product_cat-pre-workout","9":"product_cat-recovery","10":"product_cat-sports-nutrition","11":"product_tag-hydration","12":"brand_woo-trace-minerals","14":"first","15":"instock","16":"taxable","17":"shipping-taxable","18":"purchasable","19":"product-type-simple"},"jetpack_sharing_enabled":true,"brands":[{"id":451,"name":"Trace Minerals","slug":"trace-minerals"}],"_links":{"self":[{"href":"https:\/\/veganova.eu\/sk\/wp-json\/wp\/v2\/product\/5342","targetHints":{"allow":["GET"]}}],"collection":[{"href":"https:\/\/veganova.eu\/sk\/wp-json\/wp\/v2\/product"}],"about":[{"href":"https:\/\/veganova.eu\/sk\/wp-json\/wp\/v2\/types\/product"}],"replies":[{"embeddable":true,"href":"https:\/\/veganova.eu\/sk\/wp-json\/wp\/v2\/comments?post=5342"}],"version-history":[{"count":1,"href":"https:\/\/veganova.eu\/sk\/wp-json\/wp\/v2\/product\/5342\/revisions"}],"predecessor-version":[{"id":58435,"href":"https:\/\/veganova.eu\/sk\/wp-json\/wp\/v2\/product\/5342\/revisions\/58435"}],"wp:featuredmedia":[{"embeddable":true,"href":"https:\/\/veganova.eu\/sk\/wp-json\/wp\/v2\/media\/52908"}],"wp:attachment":[{"href":"https:\/\/veganova.eu\/sk\/wp-json\/wp\/v2\/media?parent=5342"}],"wp:term":[{"taxonomy":"pwb-brand","embeddable":true,"href":"https:\/\/veganova.eu\/sk\/wp-json\/wp\/v2\/pwb-brand?post=5342"},{"taxonomy":"product_brand","embeddable":true,"href":"https:\/\/veganova.eu\/sk\/wp-json\/wp\/v2\/product_brand?post=5342"},{"taxonomy":"product_cat","embeddable":true,"href":"https:\/\/veganova.eu\/sk\/wp-json\/wp\/v2\/product_cat?post=5342"},{"taxonomy":"product_tag","embeddable":true,"href":"https:\/\/veganova.eu\/sk\/wp-json\/wp\/v2\/product_tag?post=5342"}],"curies":[{"name":"wp","href":"https:\/\/api.w.org\/{rel}","templated":true}]}}