{"id":8390,"date":"2023-10-01T17:09:50","date_gmt":"2023-10-01T15:09:50","guid":{"rendered":"https:\/\/veganova.eu\/?post_type=product&#038;p=8390"},"modified":"2026-04-21T07:25:00","modified_gmt":"2026-04-21T05:25:00","slug":"san-rawfusion-vanilla-bean-933g","status":"publish","type":"product","link":"https:\/\/veganova.eu\/sk\/shop\/san-rawfusion-vanilla-bean-933g\/","title":{"rendered":"SAN RawFusion, Vanilkov\u00e9 zrn\u00e1 (933g)"},"content":{"rendered":"<h3>SAN RawFusion<\/h3>\n<ul>\n<li>Nov\u00e1 gener\u00e1cia rastlinn\u00fdch bielkov\u00edn<\/li>\n<li>Viac ako rok intenz\u00edvneho v\u00fdskumu a v\u00fdvoja technol\u00f3gi\u00ed lisovania za studena vy\u00fastil do bezkonkuren\u010dn\u00e9ho prote\u00ednov\u00e9ho pr\u00edpravku schv\u00e1len\u00e9ho spolo\u010dnos\u0165ou SAN pre veg\u00e1nov.<\/li>\n<li>RAWFUSION je nielen overen\u00fdm zdrojom rastlinn\u00fdch bielkov\u00edn bez GMO projektu, ale pon\u00faka aj neuverite\u013en\u00fdch 21 gramov na\u0161ich vlastn\u00fdch biofermentovan\u00fdch bielkov\u00edn v jednej porcii, tak\u017ee je ide\u00e1lny pre ka\u017ed\u00e9ho.<\/li>\n<li>Exkluz\u00edvna zmes hrachov\u00e9ho prote\u00ednov\u00e9ho izol\u00e1tu, nakl\u00ed\u010den\u00e9ho prote\u00ednov\u00e9ho koncentr\u00e1tu z hnedej ry\u017ee, arti\u010dokov\u00e9ho prote\u00ednov\u00e9ho koncentr\u00e1tu a matrice slne\u010dnicov\u00e9ho oleja bohatej na EFA poskytuje t\u00fato patentovan\u00fa recept\u00faru, ktor\u00e1 je ide\u00e1lna pre veg\u00e1nov a predstavuje vysokoprote\u00ednov\u00fa a rozumn\u00fa vo\u013ebu aj pre neveg\u00e1nov.<\/li>\n<li>Aminokyselinov\u00fd profil RAWFUSION s viac ako 4,5 gramami BCAA na d\u00e1vku sa vyrovn\u00e1 mlie\u010dnym bielkovin\u00e1m, ale bez ak\u00fdchko\u013evek nev\u00fdhod mlie\u010dnych alebo \u017eivo\u010d\u00ed\u0161nych bielkov\u00edn.<\/li>\n<\/ul>","protected":false},"excerpt":{"rendered":"<p>Vegan nutritional supplement containing vegetable protein and amino acids SAN RawFusion is a mixture of peas, brown rice, artichokes and sunflower oil. Contains 21g of protein and 4.5g of BCAA per serving. Flavor: Vanilla Bean, package contains: 933g. Gluten-free, GMO-free.<\/p>","protected":false},"featured_media":51538,"comment_status":"closed","ping_status":"closed","template":"","meta":{"advanced_seo_description":"","jetpack_seo_html_title":"","jetpack_seo_noindex":false},"pwb-brand":[431],"product_brand":[4740],"product_cat":[132,133],"product_tag":[1445,1378,1443],"class_list":{"0":"post-8390","1":"product","2":"type-product","3":"status-publish","4":"has-post-thumbnail","6":"pwb-brand-san","7":"product_brand-san","8":"product_cat-sports-nutrition","9":"product_cat-vegan-proteins","10":"product_tag-protein-for-men","11":"product_tag-protein-with-amino-acids","12":"product_tag-vegetable-protein","13":"brand_woo-san","15":"first","16":"instock","17":"sale","18":"taxable","19":"shipping-taxable","20":"purchasable","21":"product-type-simple"},"jetpack_sharing_enabled":true,"brands":[{"id":431,"name":"SAN","slug":"san"}],"_links":{"self":[{"href":"https:\/\/veganova.eu\/sk\/wp-json\/wp\/v2\/product\/8390","targetHints":{"allow":["GET"]}}],"collection":[{"href":"https:\/\/veganova.eu\/sk\/wp-json\/wp\/v2\/product"}],"about":[{"href":"https:\/\/veganova.eu\/sk\/wp-json\/wp\/v2\/types\/product"}],"replies":[{"embeddable":true,"href":"https:\/\/veganova.eu\/sk\/wp-json\/wp\/v2\/comments?post=8390"}],"version-history":[{"count":1,"href":"https:\/\/veganova.eu\/sk\/wp-json\/wp\/v2\/product\/8390\/revisions"}],"predecessor-version":[{"id":58593,"href":"https:\/\/veganova.eu\/sk\/wp-json\/wp\/v2\/product\/8390\/revisions\/58593"}],"wp:featuredmedia":[{"embeddable":true,"href":"https:\/\/veganova.eu\/sk\/wp-json\/wp\/v2\/media\/51538"}],"wp:attachment":[{"href":"https:\/\/veganova.eu\/sk\/wp-json\/wp\/v2\/media?parent=8390"}],"wp:term":[{"taxonomy":"pwb-brand","embeddable":true,"href":"https:\/\/veganova.eu\/sk\/wp-json\/wp\/v2\/pwb-brand?post=8390"},{"taxonomy":"product_brand","embeddable":true,"href":"https:\/\/veganova.eu\/sk\/wp-json\/wp\/v2\/product_brand?post=8390"},{"taxonomy":"product_cat","embeddable":true,"href":"https:\/\/veganova.eu\/sk\/wp-json\/wp\/v2\/product_cat?post=8390"},{"taxonomy":"product_tag","embeddable":true,"href":"https:\/\/veganova.eu\/sk\/wp-json\/wp\/v2\/product_tag?post=8390"}],"curies":[{"name":"wp","href":"https:\/\/api.w.org\/{rel}","templated":true}]}}