{"id":8724,"date":"2023-10-01T17:12:21","date_gmt":"2023-10-01T15:12:21","guid":{"rendered":"https:\/\/veganova.eu\/?post_type=product&#038;p=8724"},"modified":"2026-04-21T07:25:04","modified_gmt":"2026-04-21T05:25:04","slug":"natural-vitality-calm-magnesium-powder-raspberry-lemon-113g","status":"publish","type":"product","link":"https:\/\/veganova.eu\/sk\/shop\/natural-vitality-calm-magnesium-powder-raspberry-lemon-113g\/","title":{"rendered":"Natural Vitality Calm Magnesium Powder, Raspberry Lemon - 113g"},"content":{"rendered":"<h3>Natural Vitality Calm Magnesium Powder, Raspberry Lemon - 113g<\/h3>\n<p>We LOVE magnesium for the mood benefits. But the fact is, magnesium is essential for over 300 processes in the body, yet most of us don\u2019t get enough of it. So even if you\u2019re sipping for serenity, know that you\u2019re doing so much more for your well-being.<\/p>\n<p>VYROVNAN\u00c1 N\u00c1LADA<br \/>\nNa\u0161ou najob\u013e\u00fabenej\u0161ou v\u00fdhodou hor\u010d\u00edka je samozrejme to, ako dobre podporuje vyv\u00e1\u017een\u00fa n\u00e1ladu a zdrav\u00fa reakciu na stres. Zmier\u0148uje tie\u017e nap\u00e4tie a pom\u00e1ha v\u00e1m relaxova\u0165.*<\/p>\n<p>NIGHTTIME RELAXATION<br \/>\nMagnesium helps ease tension so you can relax for a good night\u2019s sleep.*<\/p>\n<p>FUNKCIA SVALOV<br \/>\nWhen we say magnesium is an essential mineral, we mean it. Your muscles need it in order to contract and relax. The means the more active you are, the more you need it to help support healthy muscle function.*<\/p>\n<p>BRAIN &amp; NERVOUS SYSTEM FUNCTION<br \/>\nMagnesium protects the lining of your nerves and helps your nerves talk to each other. Ultimately, this supports healthy overall nerve and brain function.*<\/p>\n<p>KARDIOVASKUL\u00c1RNE ZDRAVIE<br \/>\n\u010eal\u0161\u00ed d\u00f4vod, pre\u010do milova\u0165 hor\u010d\u00edk? Va\u0161e srdce. Nielen\u017ee pom\u00e1ha udr\u017eiava\u0165 zdrav\u00fa hladinu krvn\u00e9ho tlaku, ale je potrebn\u00fd aj pre norm\u00e1lnu kontrakciu srdca.*<\/p>\n<p>HUSTOTA KOST\u00cd<br \/>\nUdr\u017eiavanie dennej hladiny hor\u010d\u00edka pom\u00e1ha udr\u017eiava\u0165 zdrav\u00e9 kosti. Ak ho nem\u00e1te dostatok, m\u00f4\u017ee to ma\u0165 vplyv na schopnos\u0165 v\u00e1\u0161ho tela absorbova\u0165 v\u00e1pnik a vitam\u00edn D.*<\/p>","protected":false},"excerpt":{"rendered":"<p>Vegan nutritional supplement in the form of Natural Vitality Calm powder containing magnesium, is ideal for healthy sleep, good mood, proper function of muscles, brain, nervous system, healthy heart and strong bones. Flavor: Raspberry Lemon. Package contents: 113g.<\/p>","protected":false},"featured_media":52784,"comment_status":"closed","ping_status":"closed","template":"","meta":{"advanced_seo_description":"","jetpack_seo_html_title":"","jetpack_seo_noindex":false},"pwb-brand":[422],"product_brand":[4732],"product_cat":[286,143],"product_tag":[1146,1208,1197,1079,1126,1229],"class_list":{"0":"post-8724","1":"product","2":"type-product","3":"status-publish","4":"has-post-thumbnail","6":"pwb-brand-natural-vitality","7":"product_brand-natural-vitality","8":"product_cat-for-a-better-mood","9":"product_cat-health-issues","10":"product_tag-good-mood","11":"product_tag-muscles","12":"product_tag-regeneration","13":"product_tag-relaxation","14":"product_tag-stress","15":"product_tag-wellness","16":"brand_woo-natural-vitality","18":"first","19":"outofstock","20":"taxable","21":"shipping-taxable","22":"purchasable","23":"product-type-simple"},"jetpack_sharing_enabled":true,"brands":[{"id":422,"name":"Natural Vitality","slug":"natural-vitality"}],"_links":{"self":[{"href":"https:\/\/veganova.eu\/sk\/wp-json\/wp\/v2\/product\/8724","targetHints":{"allow":["GET"]}}],"collection":[{"href":"https:\/\/veganova.eu\/sk\/wp-json\/wp\/v2\/product"}],"about":[{"href":"https:\/\/veganova.eu\/sk\/wp-json\/wp\/v2\/types\/product"}],"replies":[{"embeddable":true,"href":"https:\/\/veganova.eu\/sk\/wp-json\/wp\/v2\/comments?post=8724"}],"version-history":[{"count":1,"href":"https:\/\/veganova.eu\/sk\/wp-json\/wp\/v2\/product\/8724\/revisions"}],"predecessor-version":[{"id":58638,"href":"https:\/\/veganova.eu\/sk\/wp-json\/wp\/v2\/product\/8724\/revisions\/58638"}],"wp:featuredmedia":[{"embeddable":true,"href":"https:\/\/veganova.eu\/sk\/wp-json\/wp\/v2\/media\/52784"}],"wp:attachment":[{"href":"https:\/\/veganova.eu\/sk\/wp-json\/wp\/v2\/media?parent=8724"}],"wp:term":[{"taxonomy":"pwb-brand","embeddable":true,"href":"https:\/\/veganova.eu\/sk\/wp-json\/wp\/v2\/pwb-brand?post=8724"},{"taxonomy":"product_brand","embeddable":true,"href":"https:\/\/veganova.eu\/sk\/wp-json\/wp\/v2\/product_brand?post=8724"},{"taxonomy":"product_cat","embeddable":true,"href":"https:\/\/veganova.eu\/sk\/wp-json\/wp\/v2\/product_cat?post=8724"},{"taxonomy":"product_tag","embeddable":true,"href":"https:\/\/veganova.eu\/sk\/wp-json\/wp\/v2\/product_tag?post=8724"}],"curies":[{"name":"wp","href":"https:\/\/api.w.org\/{rel}","templated":true}]}}