{"id":8730,"date":"2023-10-01T17:12:24","date_gmt":"2023-10-01T15:12:24","guid":{"rendered":"https:\/\/veganova.eu\/?post_type=product&#038;p=8730"},"modified":"2026-04-21T07:25:04","modified_gmt":"2026-04-21T05:25:04","slug":"jarrow-formulas-citrus-bergamot-500mg-120-vcaps","status":"publish","type":"product","link":"https:\/\/veganova.eu\/sk\/shop\/jarrow-formulas-citrus-bergamot-500mg-120-vcaps\/","title":{"rendered":"Jarrow Formulas Citrusov\u00fd bergamot, 500 mg - 120 kaps\u00fal"},"content":{"rendered":"<h3>Jarrow Formulas Citrusov\u00fd bergamot, 500 mg - 120 kaps\u00fal<\/h3>\n<p>Jarrow Formulas Citrus bergamot (Citrus bergamia) extrakt poskytuje flavonoidy a \u010fal\u0161ie polyfenolov\u00e9 antioxidanty, ktor\u00e9 podporuj\u00fa kardiovaskul\u00e1rne a metabolick\u00e9 zdravie. V\u00fdskum nazna\u010duje, \u017ee jedine\u010dn\u00fd profil polyfenolov\u00fdch antioxidantov z plodov bergamotu podporuje metabolizmus cholesterolu a gluk\u00f3zy (cukru) u\u017e v norm\u00e1lnom rozmedz\u00ed.<\/p>","protected":false},"excerpt":{"rendered":"<p>Veg\u00e1nsky v\u00fd\u017eivov\u00fd doplnok s obsahom citrusov\u00e9ho bergamotu z Talianska Jarrow Formulas Citrus Bergamot je ide\u00e1lny na podporu zdrav\u00e9ho cholesterolu a zdravej hladiny cukru v krvi. Obsah bergamotu: 500 mg. Obsah balenia: Balenie obsahuje 120 veg\u00e1nskych kaps\u00fal.<\/p>","protected":false},"featured_media":52782,"comment_status":"closed","ping_status":"closed","template":"","meta":{"advanced_seo_description":"","jetpack_seo_html_title":"","jetpack_seo_noindex":false},"pwb-brand":[165],"product_brand":[4572],"product_cat":[2593,2596,597,149],"product_tag":[1167,1241,1040,1204,1158],"class_list":{"0":"post-8730","1":"product","2":"type-product","3":"status-publish","4":"has-post-thumbnail","6":"pwb-brand-jarrow-formulas","7":"product_brand-jarrow-formulas","8":"product_cat-antioxidants","9":"product_cat-herbs","10":"product_cat-body-immunity","11":"product_cat-superfoods","12":"product_tag-blood-vessels","13":"product_tag-cardiovascular-system","14":"product_tag-cholesterol","15":"product_tag-healthy-blood-sugar","16":"product_tag-heart","17":"brand_woo-jarrow-formulas","19":"first","20":"instock","21":"taxable","22":"shipping-taxable","23":"purchasable","24":"product-type-simple"},"jetpack_sharing_enabled":true,"brands":[{"id":165,"name":"Jarrow Formulas","slug":"jarrow-formulas"}],"_links":{"self":[{"href":"https:\/\/veganova.eu\/sk\/wp-json\/wp\/v2\/product\/8730","targetHints":{"allow":["GET"]}}],"collection":[{"href":"https:\/\/veganova.eu\/sk\/wp-json\/wp\/v2\/product"}],"about":[{"href":"https:\/\/veganova.eu\/sk\/wp-json\/wp\/v2\/types\/product"}],"replies":[{"embeddable":true,"href":"https:\/\/veganova.eu\/sk\/wp-json\/wp\/v2\/comments?post=8730"}],"version-history":[{"count":1,"href":"https:\/\/veganova.eu\/sk\/wp-json\/wp\/v2\/product\/8730\/revisions"}],"predecessor-version":[{"id":58640,"href":"https:\/\/veganova.eu\/sk\/wp-json\/wp\/v2\/product\/8730\/revisions\/58640"}],"wp:featuredmedia":[{"embeddable":true,"href":"https:\/\/veganova.eu\/sk\/wp-json\/wp\/v2\/media\/52782"}],"wp:attachment":[{"href":"https:\/\/veganova.eu\/sk\/wp-json\/wp\/v2\/media?parent=8730"}],"wp:term":[{"taxonomy":"pwb-brand","embeddable":true,"href":"https:\/\/veganova.eu\/sk\/wp-json\/wp\/v2\/pwb-brand?post=8730"},{"taxonomy":"product_brand","embeddable":true,"href":"https:\/\/veganova.eu\/sk\/wp-json\/wp\/v2\/product_brand?post=8730"},{"taxonomy":"product_cat","embeddable":true,"href":"https:\/\/veganova.eu\/sk\/wp-json\/wp\/v2\/product_cat?post=8730"},{"taxonomy":"product_tag","embeddable":true,"href":"https:\/\/veganova.eu\/sk\/wp-json\/wp\/v2\/product_tag?post=8730"}],"curies":[{"name":"wp","href":"https:\/\/api.w.org\/{rel}","templated":true}]}}