{"id":8734,"date":"2023-10-01T17:12:25","date_gmt":"2023-10-01T15:12:25","guid":{"rendered":"https:\/\/veganova.eu\/?post_type=product&#038;p=8734"},"modified":"2026-04-21T07:25:04","modified_gmt":"2026-04-21T05:25:04","slug":"kiki-health-cognitive-60-vcaps","status":"publish","type":"product","link":"https:\/\/veganova.eu\/sk\/shop\/kiki-health-cognitive-60-vcaps\/","title":{"rendered":"KIKI Health Cognitive - 60 vcaps"},"content":{"rendered":"<h3>KIKI Health Cognitive - 60 vcaps<\/h3>\n<p>N\u00e1\u0161 t\u00edm odborn\u00edkov vytvoril t\u00fato nov\u00fa zmes \u00fa\u010dinn\u00fdch zlo\u017eiek, ktor\u00e9 prispievaj\u00fa k podpore mozgu, pam\u00e4ti, stresu a du\u0161evnej v\u00fdkonnosti.<\/p>\n<p>Ka\u017ed\u00e1 zlo\u017eka bola trvalo udr\u017eate\u013en\u00fdm sp\u00f4sobom z\u00edskan\u00e1 od vysoko kvalitn\u00fdch dod\u00e1vate\u013eov, aby sa zabezpe\u010dila \u010distota a \u00fa\u010dinnos\u0165.<\/p>\n<p>T\u00e1to nov\u00e1 patentovan\u00e1 formula kombinuje nootropik\u00e1 a adaptog\u00e9ny, ktor\u00e9 podporuj\u00fa kognit\u00edvny rozvoj.<\/p>\n<p>Okrem j\u00f3du z morsk\u00fdch rias, ktor\u00fd podporuje kognit\u00edvne a neurologick\u00e9 funkcie a je nevyhnutn\u00fd pre du\u0161evn\u00fa v\u00fdkonnos\u0165 a aktivitu, obsahuj\u00fa na\u0161e kapsuly Cognitive aj vysokokvalitn\u00e9 v\u00fd\u0165a\u017eky z brahmi, levej hrivny, chol\u00ednu, gotu kola a ginka.<\/p>\n<p>Tieto zlo\u017eky spolo\u010dne podporuj\u00fa mozog a du\u0161evn\u00e9 funkcie.<\/p>","protected":false},"excerpt":{"rendered":"<p>Veg\u00e1nsky v\u00fd\u017eivov\u00fd doplnok KIKI Health Cognitive s obsahom extraktu z brahmi, \u013eavej hrivy, gotu kola, chol\u00ednu a ginka pre zdrav\u00e9 mozgov\u00e9 funkcie, zlep\u0161enie pam\u00e4ti a prekonanie vy\u0161\u0161ej psychickej z\u00e1\u0165a\u017ee. Obsah balenia: Balenie obsahuje 60 veg\u00e1nskych kaps\u00fal.<\/p>","protected":false},"featured_media":52780,"comment_status":"closed","ping_status":"closed","template":"","meta":{"advanced_seo_description":"","jetpack_seo_html_title":"","jetpack_seo_noindex":false},"pwb-brand":[166],"product_brand":[4573],"product_cat":[294,143],"product_tag":[1221,1223,1078],"class_list":{"0":"post-8734","1":"product","2":"type-product","3":"status-publish","4":"has-post-thumbnail","6":"pwb-brand-kiki-health","7":"product_brand-kiki-health","8":"product_cat-for-seniors","9":"product_cat-health-issues","10":"product_tag-brain","11":"product_tag-memory","12":"product_tag-psyche","13":"brand_woo-kiki-health","15":"first","16":"instock","17":"taxable","18":"shipping-taxable","19":"purchasable","20":"product-type-simple"},"jetpack_sharing_enabled":true,"brands":[{"id":166,"name":"KIKI Health","slug":"kiki-health"}],"_links":{"self":[{"href":"https:\/\/veganova.eu\/sk\/wp-json\/wp\/v2\/product\/8734","targetHints":{"allow":["GET"]}}],"collection":[{"href":"https:\/\/veganova.eu\/sk\/wp-json\/wp\/v2\/product"}],"about":[{"href":"https:\/\/veganova.eu\/sk\/wp-json\/wp\/v2\/types\/product"}],"replies":[{"embeddable":true,"href":"https:\/\/veganova.eu\/sk\/wp-json\/wp\/v2\/comments?post=8734"}],"version-history":[{"count":1,"href":"https:\/\/veganova.eu\/sk\/wp-json\/wp\/v2\/product\/8734\/revisions"}],"predecessor-version":[{"id":58642,"href":"https:\/\/veganova.eu\/sk\/wp-json\/wp\/v2\/product\/8734\/revisions\/58642"}],"wp:featuredmedia":[{"embeddable":true,"href":"https:\/\/veganova.eu\/sk\/wp-json\/wp\/v2\/media\/52780"}],"wp:attachment":[{"href":"https:\/\/veganova.eu\/sk\/wp-json\/wp\/v2\/media?parent=8734"}],"wp:term":[{"taxonomy":"pwb-brand","embeddable":true,"href":"https:\/\/veganova.eu\/sk\/wp-json\/wp\/v2\/pwb-brand?post=8734"},{"taxonomy":"product_brand","embeddable":true,"href":"https:\/\/veganova.eu\/sk\/wp-json\/wp\/v2\/product_brand?post=8734"},{"taxonomy":"product_cat","embeddable":true,"href":"https:\/\/veganova.eu\/sk\/wp-json\/wp\/v2\/product_cat?post=8734"},{"taxonomy":"product_tag","embeddable":true,"href":"https:\/\/veganova.eu\/sk\/wp-json\/wp\/v2\/product_tag?post=8734"}],"curies":[{"name":"wp","href":"https:\/\/api.w.org\/{rel}","templated":true}]}}