{"id":8830,"date":"2023-10-01T17:12:51","date_gmt":"2023-10-01T15:12:51","guid":{"rendered":"https:\/\/veganova.eu\/?post_type=product&#038;p=8830"},"modified":"2026-04-27T02:22:33","modified_gmt":"2026-04-27T00:22:33","slug":"revive-fiber-unflavored-252g","status":"publish","type":"product","link":"https:\/\/veganova.eu\/sk\/shop\/revive-fiber-unflavored-252g\/","title":{"rendered":"Revive Fiber, bez pr\u00edchute - 252g"},"content":{"rendered":"<h3>Revive Fiber, bez pr\u00edchute - 252g<\/h3>\n<p>Vl\u00e1kna z Revive<\/p>\n<p>Revive Supplements Fiber je pr\u00edrodn\u00fd v\u00fd\u017eivov\u00fd doplnok ur\u010den\u00fd na podporu zdravia tr\u00e1viaceho traktu prostredn\u00edctvom silnej d\u00e1vky vl\u00e1kniny. Tento pr\u00edpravok obsahuje zmes rozpustnej a nerozpustnej vl\u00e1kniny, ktor\u00e9 spolo\u010dne podporuj\u00fa zdrav\u00e9 tr\u00e1venie, pravidelnos\u0165 a celkov\u00e9 zdravie \u010driev.<\/p>\n<p>Ka\u017ed\u00e1 d\u00e1vka Revive Supplements Fiber obsahuje 5 g vl\u00e1kniny, ktor\u00e1 je nevyhnutn\u00e1 na udr\u017eanie zdrav\u00e9ho tr\u00e1viaceho syst\u00e9mu. Tento v\u00fd\u017eivov\u00fd doplnok je vyroben\u00fd zo zmesi rozpustnej a nerozpustnej vl\u00e1kniny vr\u00e1tane Psyllium Husk, inul\u00ednu a \u013eanov\u00fdch semienok, ktor\u00e9 m\u00f4\u017eu pom\u00f4c\u0165 zlep\u0161i\u0165 pravidelnos\u0165 \u010driev, podpori\u0165 pocit s\u00fdtosti a podpori\u0165 zdrav\u00fa hladinu cukru v krvi.<\/p>\n<p>Tento doplnok je vhodn\u00fd pre veg\u00e1nov, neobsahuje lepok ani s\u00f3ju, tak\u017ee je skvelou vo\u013ebou pre ka\u017ed\u00e9ho, kto h\u013ead\u00e1 prirodzen\u00fd sp\u00f4sob podpory zdravia tr\u00e1viaceho traktu.<\/p>","protected":false},"excerpt":{"rendered":"<p>Veg\u00e1nsky doplnok stravy Revive Fiber je doplnen\u00fd o inul\u00edn, psyllium a \u013eanov\u00e9 semienka. Vhodn\u00fd do smoothies, jogurtov alebo vlo\u010diek. Pr\u00edchu\u0165: bez pr\u00edchute. Obsah: 252g.<\/p>","protected":false},"featured_media":12192,"comment_status":"closed","ping_status":"closed","template":"","meta":{"advanced_seo_description":"","jetpack_seo_html_title":"","jetpack_seo_noindex":false},"pwb-brand":[406],"product_brand":[4719],"product_cat":[596],"product_tag":[1037,1275,1277],"class_list":{"0":"post-8830","1":"product","2":"type-product","3":"status-publish","4":"has-post-thumbnail","6":"pwb-brand-revive","7":"product_brand-revive","8":"product_cat-digestion","9":"product_tag-detox","10":"product_tag-intestinal-microflora","11":"product_tag-intestinal-problems","12":"brand_woo-revive","14":"first","15":"instock","16":"taxable","17":"shipping-taxable","18":"purchasable","19":"product-type-simple"},"jetpack_sharing_enabled":true,"brands":[{"id":406,"name":"Revive","slug":"revive"}],"_links":{"self":[{"href":"https:\/\/veganova.eu\/sk\/wp-json\/wp\/v2\/product\/8830","targetHints":{"allow":["GET"]}}],"collection":[{"href":"https:\/\/veganova.eu\/sk\/wp-json\/wp\/v2\/product"}],"about":[{"href":"https:\/\/veganova.eu\/sk\/wp-json\/wp\/v2\/types\/product"}],"replies":[{"embeddable":true,"href":"https:\/\/veganova.eu\/sk\/wp-json\/wp\/v2\/comments?post=8830"}],"version-history":[{"count":1,"href":"https:\/\/veganova.eu\/sk\/wp-json\/wp\/v2\/product\/8830\/revisions"}],"predecessor-version":[{"id":58686,"href":"https:\/\/veganova.eu\/sk\/wp-json\/wp\/v2\/product\/8830\/revisions\/58686"}],"wp:featuredmedia":[{"embeddable":true,"href":"https:\/\/veganova.eu\/sk\/wp-json\/wp\/v2\/media\/12192"}],"wp:attachment":[{"href":"https:\/\/veganova.eu\/sk\/wp-json\/wp\/v2\/media?parent=8830"}],"wp:term":[{"taxonomy":"pwb-brand","embeddable":true,"href":"https:\/\/veganova.eu\/sk\/wp-json\/wp\/v2\/pwb-brand?post=8830"},{"taxonomy":"product_brand","embeddable":true,"href":"https:\/\/veganova.eu\/sk\/wp-json\/wp\/v2\/product_brand?post=8830"},{"taxonomy":"product_cat","embeddable":true,"href":"https:\/\/veganova.eu\/sk\/wp-json\/wp\/v2\/product_cat?post=8830"},{"taxonomy":"product_tag","embeddable":true,"href":"https:\/\/veganova.eu\/sk\/wp-json\/wp\/v2\/product_tag?post=8830"}],"curies":[{"name":"wp","href":"https:\/\/api.w.org\/{rel}","templated":true}]}}