{"id":14631,"date":"2023-11-13T19:29:53","date_gmt":"2023-11-13T18:29:53","guid":{"rendered":"https:\/\/veganova.eu\/?post_type=product&#038;p=14631"},"modified":"2026-04-21T07:25:27","modified_gmt":"2026-04-21T05:25:27","slug":"neocell-collagen-beauty-builder-150-tablets","status":"publish","type":"product","link":"https:\/\/veganova.eu\/sl\/shop\/neocell-collagen-beauty-builder-150-tablets\/","title":{"rendered":"NeoCell Kolagen za lepoto - 150 tablet"},"content":{"rendered":"<h3>NeoCell Kolagen za lepoto - 150 tablet<\/h3>\n<p>NeoCell Beauty Builder, oblikovan za mladostno in sijo\u010do ko\u017eo ter zdrave lase in nohte, vla\u017ei tkiva s hialuronsko kislino in omogo\u010da, da va\u0161a notranja lepota zasije. Kolagen Beauty Builder aktivira va\u0161e telo na celi\u010dni ravni, na\u0161 hidrolizirani kolagen pa lahko zagotovi nekatere aminokislinske gradnike, ki jih na\u0161e telo potrebuje za izdelavo kolagena in spodbujanje naravne lepote od znotraj.<\/p>","protected":false},"excerpt":{"rendered":"<p>Lepotni prehranski dodatek NeoCell Collagen Beauty Builder Vsebuje hidroliziran goveji kolagen, beljakovine, vitamin C, biotin, hialuronsko kislino in alfa lipoi\u010dno kislino za va\u0161o sijo\u010do in sijo\u010do lepoto od znotraj navzven. Brez glutena, brez GSO. Vsebnost: Vsebnost: 150 tablet.<\/p>","protected":false},"featured_media":52465,"comment_status":"closed","ping_status":"closed","template":"","meta":{"advanced_seo_description":"","jetpack_seo_html_title":"","jetpack_seo_noindex":false},"pwb-brand":[703],"product_brand":[4862],"product_cat":[688,684],"product_tag":[],"class_list":{"0":"post-14631","1":"product","2":"type-product","3":"status-publish","4":"has-post-thumbnail","6":"pwb-brand-neocell","7":"product_brand-neocell","8":"product_cat-beauty-supplements","9":"product_cat-clean-beauty","10":"brand_woo-neocell","12":"first","13":"instock","14":"taxable","15":"shipping-taxable","16":"purchasable","17":"product-type-simple"},"jetpack_sharing_enabled":true,"brands":[{"id":703,"name":"NeoCell","slug":"neocell"}],"_links":{"self":[{"href":"https:\/\/veganova.eu\/sl\/wp-json\/wp\/v2\/product\/14631","targetHints":{"allow":["GET"]}}],"collection":[{"href":"https:\/\/veganova.eu\/sl\/wp-json\/wp\/v2\/product"}],"about":[{"href":"https:\/\/veganova.eu\/sl\/wp-json\/wp\/v2\/types\/product"}],"replies":[{"embeddable":true,"href":"https:\/\/veganova.eu\/sl\/wp-json\/wp\/v2\/comments?post=14631"}],"version-history":[{"count":1,"href":"https:\/\/veganova.eu\/sl\/wp-json\/wp\/v2\/product\/14631\/revisions"}],"predecessor-version":[{"id":58905,"href":"https:\/\/veganova.eu\/sl\/wp-json\/wp\/v2\/product\/14631\/revisions\/58905"}],"wp:featuredmedia":[{"embeddable":true,"href":"https:\/\/veganova.eu\/sl\/wp-json\/wp\/v2\/media\/52465"}],"wp:attachment":[{"href":"https:\/\/veganova.eu\/sl\/wp-json\/wp\/v2\/media?parent=14631"}],"wp:term":[{"taxonomy":"pwb-brand","embeddable":true,"href":"https:\/\/veganova.eu\/sl\/wp-json\/wp\/v2\/pwb-brand?post=14631"},{"taxonomy":"product_brand","embeddable":true,"href":"https:\/\/veganova.eu\/sl\/wp-json\/wp\/v2\/product_brand?post=14631"},{"taxonomy":"product_cat","embeddable":true,"href":"https:\/\/veganova.eu\/sl\/wp-json\/wp\/v2\/product_cat?post=14631"},{"taxonomy":"product_tag","embeddable":true,"href":"https:\/\/veganova.eu\/sl\/wp-json\/wp\/v2\/product_tag?post=14631"}],"curies":[{"name":"wp","href":"https:\/\/api.w.org\/{rel}","templated":true}]}}