{"id":14665,"date":"2023-11-13T19:30:04","date_gmt":"2023-11-13T18:30:04","guid":{"rendered":"https:\/\/veganova.eu\/?post_type=product&#038;p=14665"},"modified":"2026-04-21T07:25:28","modified_gmt":"2026-04-21T05:25:28","slug":"allnutrition-flex-all-complete-cherry-400g","status":"publish","type":"product","link":"https:\/\/veganova.eu\/sl\/shop\/allnutrition-flex-all-complete-cherry-400g\/","title":{"rendered":"Allnutrition Flex All Complete, \u010de\u0161nja - 400g"},"content":{"rendered":"<h3>Allnutrition Flex All Complete, \u010de\u0161nja - 400g<\/h3>\n<p>Sklepni hrustanec se imenuje hrustan\u010dno tkivo in prepre\u010duje obrabo kosti, ki so v stiku druga z drugo. V starej\u0161i starosti sklepni hrustanec nima sposobnosti obnavljanja, zaradi \u010desar lahko pride do njegove izgube.<\/p>\n<p>S FLEX ALL COMPLETE lahko pospe\u0161ite regeneracijo in podprete obnovo po\u0161kodovane strukture hrustanca, kar spodbuja nastajanje kolagena in povrne elasti\u010dnost sklepov. Lahko prebavljive sestavine, ki so na voljo v obliki prahu, so pri tem procesu regeneracije naju\u010dinkovitej\u0161e.<\/p>\n<p>FLEX ALL COMPLETE je izdelek, ki temelji predvsem na kolagenu. Kolagen je beljakovina, ki pomaga ohranjati zdrave kosti. Poleg tega ima \u0161tevilne podporne sestavine. Med njimi je tudi vitamin C, ki pomaga pri ustrezni proizvodnji kolagena, ki zagotavlja pravilno delovanje hrustanca in ko\u017ee.<\/p>","protected":false},"excerpt":{"rendered":"<p>Prehransko dopolnilo za lepoto in zdravje Allnutrition Flex All Complete Vsebuje hidroliziran goveji kolagen, L-prolin, glukozamin, MSM, vitamin C, magnezij in B6. Okus: okus: \u010de\u0161nja. Vsebnost: Sve\u017eina: \u010de\u0161nja: 400g.<\/p>","protected":false},"featured_media":53753,"comment_status":"closed","ping_status":"closed","template":"","meta":{"advanced_seo_description":"","jetpack_seo_html_title":"","jetpack_seo_noindex":false},"pwb-brand":[475],"product_brand":[4774],"product_cat":[688,684],"product_tag":[],"class_list":{"0":"post-14665","1":"product","2":"type-product","3":"status-publish","4":"has-post-thumbnail","6":"pwb-brand-allnutrition","7":"product_brand-allnutrition","8":"product_cat-beauty-supplements","9":"product_cat-clean-beauty","10":"brand_woo-allnutrition","12":"first","13":"outofstock","14":"taxable","15":"shipping-taxable","16":"purchasable","17":"product-type-simple"},"jetpack_sharing_enabled":true,"brands":[{"id":475,"name":"Allnutrition","slug":"allnutrition"}],"_links":{"self":[{"href":"https:\/\/veganova.eu\/sl\/wp-json\/wp\/v2\/product\/14665","targetHints":{"allow":["GET"]}}],"collection":[{"href":"https:\/\/veganova.eu\/sl\/wp-json\/wp\/v2\/product"}],"about":[{"href":"https:\/\/veganova.eu\/sl\/wp-json\/wp\/v2\/types\/product"}],"replies":[{"embeddable":true,"href":"https:\/\/veganova.eu\/sl\/wp-json\/wp\/v2\/comments?post=14665"}],"version-history":[{"count":1,"href":"https:\/\/veganova.eu\/sl\/wp-json\/wp\/v2\/product\/14665\/revisions"}],"predecessor-version":[{"id":58918,"href":"https:\/\/veganova.eu\/sl\/wp-json\/wp\/v2\/product\/14665\/revisions\/58918"}],"wp:featuredmedia":[{"embeddable":true,"href":"https:\/\/veganova.eu\/sl\/wp-json\/wp\/v2\/media\/53753"}],"wp:attachment":[{"href":"https:\/\/veganova.eu\/sl\/wp-json\/wp\/v2\/media?parent=14665"}],"wp:term":[{"taxonomy":"pwb-brand","embeddable":true,"href":"https:\/\/veganova.eu\/sl\/wp-json\/wp\/v2\/pwb-brand?post=14665"},{"taxonomy":"product_brand","embeddable":true,"href":"https:\/\/veganova.eu\/sl\/wp-json\/wp\/v2\/product_brand?post=14665"},{"taxonomy":"product_cat","embeddable":true,"href":"https:\/\/veganova.eu\/sl\/wp-json\/wp\/v2\/product_cat?post=14665"},{"taxonomy":"product_tag","embeddable":true,"href":"https:\/\/veganova.eu\/sl\/wp-json\/wp\/v2\/product_tag?post=14665"}],"curies":[{"name":"wp","href":"https:\/\/api.w.org\/{rel}","templated":true}]}}