{"id":14932,"date":"2023-11-18T11:05:05","date_gmt":"2023-11-18T10:05:05","guid":{"rendered":"https:\/\/veganova.eu\/?post_type=product&#038;p=14932"},"modified":"2026-04-21T07:25:36","modified_gmt":"2026-04-21T05:25:36","slug":"swanson-keratin-50mg-60-caps","status":"publish","type":"product","link":"https:\/\/veganova.eu\/sl\/shop\/swanson-keratin-50mg-60-caps\/","title":{"rendered":"Swanson Keratin, 50 mg - 60 kapsul"},"content":{"rendered":"<h3>Swanson Keratin<\/h3>\n<ul>\n<li>\u010cisti vitamini keratina<\/li>\n<li>Izdelano iz tibetanske volne<\/li>\n<li>Spodbuja zdrave sklepe, ko\u017eo, lase in nohte<\/li>\n<\/ul>\n<p>Keratini so skupina \u010dvrstih vlaknatih beljakovin, ki pomagajo ohranjati zdrave sklepe ter podpirajo ko\u017eo, lase in nohte. Keratini vsebujejo izjemno veliko aminokisline cistein, ki je sama po sebi bogat vir molekul \u017evepla, ki hranijo in krepijo hrustan\u010dna tkiva. Ko se molekule \u017evepla iz cisteina pove\u017eejo med seboj, tvorijo zelo mo\u010dne povezave, imenovane \"cisteinski mostovi\". Ti mosti\u010dki zagotavljajo klju\u010dno oporo za sklepe, ki nosijo te\u017eo. Swanson Premium Brand\u00ae Keratin, pridobljen iz tibetanske volne, zagotavlja \u010dist, prehrambeni hidrolizirani keratin, ki neguje zdrava vezivna tkiva ter spodbuja zdravje, mo\u010d in videz ko\u017ee, las in nohtov.<\/p>","protected":false},"excerpt":{"rendered":"<p>Lepotni prehranski dodatek Swanson Keratin Vsebuje naravni keratin iz tibetanske volne za zdravo ko\u017eo, lase in nohte. Neguje zdrava vezivna tkiva ter spodbuja zdravje, mo\u010d in videz ko\u017ee, las in nohtov. Vsebuje: 60 kapsul.<\/p>","protected":false},"featured_media":51215,"comment_status":"closed","ping_status":"closed","template":"","meta":{"advanced_seo_description":"","jetpack_seo_html_title":"","jetpack_seo_noindex":false},"pwb-brand":[450],"product_brand":[4753],"product_cat":[688,684],"product_tag":[],"class_list":{"0":"post-14932","1":"product","2":"type-product","3":"status-publish","4":"has-post-thumbnail","6":"pwb-brand-swanson","7":"product_brand-swanson","8":"product_cat-beauty-supplements","9":"product_cat-clean-beauty","10":"brand_woo-swanson","12":"first","13":"instock","14":"taxable","15":"shipping-taxable","16":"purchasable","17":"product-type-simple"},"jetpack_sharing_enabled":true,"brands":[{"id":450,"name":"Swanson","slug":"swanson"}],"_links":{"self":[{"href":"https:\/\/veganova.eu\/sl\/wp-json\/wp\/v2\/product\/14932","targetHints":{"allow":["GET"]}}],"collection":[{"href":"https:\/\/veganova.eu\/sl\/wp-json\/wp\/v2\/product"}],"about":[{"href":"https:\/\/veganova.eu\/sl\/wp-json\/wp\/v2\/types\/product"}],"replies":[{"embeddable":true,"href":"https:\/\/veganova.eu\/sl\/wp-json\/wp\/v2\/comments?post=14932"}],"version-history":[{"count":1,"href":"https:\/\/veganova.eu\/sl\/wp-json\/wp\/v2\/product\/14932\/revisions"}],"predecessor-version":[{"id":59009,"href":"https:\/\/veganova.eu\/sl\/wp-json\/wp\/v2\/product\/14932\/revisions\/59009"}],"wp:featuredmedia":[{"embeddable":true,"href":"https:\/\/veganova.eu\/sl\/wp-json\/wp\/v2\/media\/51215"}],"wp:attachment":[{"href":"https:\/\/veganova.eu\/sl\/wp-json\/wp\/v2\/media?parent=14932"}],"wp:term":[{"taxonomy":"pwb-brand","embeddable":true,"href":"https:\/\/veganova.eu\/sl\/wp-json\/wp\/v2\/pwb-brand?post=14932"},{"taxonomy":"product_brand","embeddable":true,"href":"https:\/\/veganova.eu\/sl\/wp-json\/wp\/v2\/product_brand?post=14932"},{"taxonomy":"product_cat","embeddable":true,"href":"https:\/\/veganova.eu\/sl\/wp-json\/wp\/v2\/product_cat?post=14932"},{"taxonomy":"product_tag","embeddable":true,"href":"https:\/\/veganova.eu\/sl\/wp-json\/wp\/v2\/product_tag?post=14932"}],"curies":[{"name":"wp","href":"https:\/\/api.w.org\/{rel}","templated":true}]}}