{"id":14961,"date":"2023-11-18T11:05:46","date_gmt":"2023-11-18T10:05:46","guid":{"rendered":"https:\/\/veganova.eu\/?post_type=product&#038;p=14961"},"modified":"2026-04-21T07:25:37","modified_gmt":"2026-04-21T05:25:37","slug":"swanson-vegan-collagen-builder-60-vcaps","status":"publish","type":"product","link":"https:\/\/veganova.eu\/sl\/shop\/swanson-vegan-collagen-builder-60-vcaps\/","title":{"rendered":"Swanson Vegan Collagen Builder - 60 kapsul"},"content":{"rendered":"<h3>Swanson Veganski kolagen Builder<\/h3>\n<ul>\n<li>Podpira proizvodnjo kolagena<\/li>\n<li>Zmanj\u0161uje razgradnjo elastina<\/li>\n<li>Kremen, ki je pomemben mineral za zdravje las, ko\u017ee in nohtov.<\/li>\n<\/ul>\n<p>Naravna lepota od znotraj pomeni zdravo ko\u017eo, lase in nohte. Da bi jih podprli, mora va\u0161e telo proizvajati zadostno koli\u010dino kolagena. V\u010dasih pa telo potrebuje nekaj pomo\u010di pri vzdr\u017eevanju zdravih zalog kolagena. Kadar se to zgodi, nekateri pose\u017eejo po kolagenskem dodatku. Za druga\u010den pristop pa Swanson Vegan Collagen Builder zdru\u017euje mo\u010d vitamina C, izvle\u010dka bambusa in rastlinskih super\u017eivil, da pomladi va\u0161o naravno lepoto od znotraj navzven, saj spodbuja va\u0161e telo, da s potrebnimi hranili obnovi lastne zaloge kolagena.<\/p>\n<p>Veganski kolagen Builder vsebuje vitamin C, ki podpira naravno proizvodnjo kolagena v telesu. To je pomembno, saj je kolagen najbolj raz\u0161irjena telesna beljakovina in je klju\u010dnega pomena za krepitev las in nohtov, poleg tega pa pomaga zmanj\u0161ati razgradnjo elastina, dopolnilne beljakovine, ki podpira mladosten sijaj. Izvle\u010dek bambusa je \u0161e ena mo\u010dna sestavina, ki uporablja mo\u010d silicijevega dioksida za krepitev vezivnih tkiv, hkrati pa krepi vitalnost las in nohtov.<\/p>\n<p>Edinstvena formula je Dermaval, klini\u010dno preu\u010dena kombinacija devetih super\u017eivil, vklju\u010dno z granatnim jabolkom, camu camu, acaijem in drugimi, ki je zasnovana za boj proti razgradnji kolagena in elastina. Predvsem Camu camu ponuja bogate prehranske koristi v obliki fitokemikalij, kot sta levcin in betakaroten, ter visoke ravni vitamina C, ki podpira sintezo kolagena in zagotavlja antioksidativno za\u0161\u010dito.<\/p>\n<p>Swanson Vegan Collagen Builder izstopa med kolagenskimi dodatki, saj ni le nadomestilo za kolagen, ki ga je \u010dlovek izgubil zaradi starosti. Pa\u010d pa zagotavlja gradnike, ki jih telo potrebuje za tvorbo lastnega naravnega kolagena. Z zagotavljanjem teh bistvenih orodij za ohranjanje in krepitev splo\u0161nega zdravja lahko Vegan Collagen Builder pomaga, da va\u0161a naravna lepota zasije od znotraj.<\/p>","protected":false},"excerpt":{"rendered":"<p>Lepotni prehranski dodatek Swanson Vegan Collagen Builder z naravnimi izvle\u010dki in koncentrati podpira proizvodnjo kolagena. Veganski kolagen Builder zmanj\u0161uje razgradnjo elastina. Naravna lepota od znotraj za ko\u017eo, lase in nohte. Vsebnost: Kolagenski izdelki za za\u0161\u010dito kolagena in kolagena: Vsebuje 60 vegetarijanskih kapsul.<\/p>","protected":false},"featured_media":51242,"comment_status":"closed","ping_status":"closed","template":"","meta":{"advanced_seo_description":"","jetpack_seo_html_title":"","jetpack_seo_noindex":false},"pwb-brand":[450],"product_brand":[4753],"product_cat":[688,684],"product_tag":[],"class_list":{"0":"post-14961","1":"product","2":"type-product","3":"status-publish","4":"has-post-thumbnail","6":"pwb-brand-swanson","7":"product_brand-swanson","8":"product_cat-beauty-supplements","9":"product_cat-clean-beauty","10":"brand_woo-swanson","12":"first","13":"instock","14":"taxable","15":"shipping-taxable","16":"purchasable","17":"product-type-simple"},"jetpack_sharing_enabled":true,"brands":[{"id":450,"name":"Swanson","slug":"swanson"}],"_links":{"self":[{"href":"https:\/\/veganova.eu\/sl\/wp-json\/wp\/v2\/product\/14961","targetHints":{"allow":["GET"]}}],"collection":[{"href":"https:\/\/veganova.eu\/sl\/wp-json\/wp\/v2\/product"}],"about":[{"href":"https:\/\/veganova.eu\/sl\/wp-json\/wp\/v2\/types\/product"}],"replies":[{"embeddable":true,"href":"https:\/\/veganova.eu\/sl\/wp-json\/wp\/v2\/comments?post=14961"}],"version-history":[{"count":1,"href":"https:\/\/veganova.eu\/sl\/wp-json\/wp\/v2\/product\/14961\/revisions"}],"predecessor-version":[{"id":59022,"href":"https:\/\/veganova.eu\/sl\/wp-json\/wp\/v2\/product\/14961\/revisions\/59022"}],"wp:featuredmedia":[{"embeddable":true,"href":"https:\/\/veganova.eu\/sl\/wp-json\/wp\/v2\/media\/51242"}],"wp:attachment":[{"href":"https:\/\/veganova.eu\/sl\/wp-json\/wp\/v2\/media?parent=14961"}],"wp:term":[{"taxonomy":"pwb-brand","embeddable":true,"href":"https:\/\/veganova.eu\/sl\/wp-json\/wp\/v2\/pwb-brand?post=14961"},{"taxonomy":"product_brand","embeddable":true,"href":"https:\/\/veganova.eu\/sl\/wp-json\/wp\/v2\/product_brand?post=14961"},{"taxonomy":"product_cat","embeddable":true,"href":"https:\/\/veganova.eu\/sl\/wp-json\/wp\/v2\/product_cat?post=14961"},{"taxonomy":"product_tag","embeddable":true,"href":"https:\/\/veganova.eu\/sl\/wp-json\/wp\/v2\/product_tag?post=14961"}],"curies":[{"name":"wp","href":"https:\/\/api.w.org\/{rel}","templated":true}]}}