{"id":15441,"date":"2023-12-20T17:29:20","date_gmt":"2023-12-20T16:29:20","guid":{"rendered":"https:\/\/veganova.eu\/?post_type=product&#038;p=15441"},"modified":"2026-04-21T07:25:40","modified_gmt":"2026-04-21T05:25:40","slug":"garden-of-life-dr-formulated-magnesium-with-pre-probiotics-gummies-orange-creme-60-gummies","status":"publish","type":"product","link":"https:\/\/veganova.eu\/sl\/shop\/garden-of-life-dr-formulated-magnesium-with-pre-probiotics-gummies-orange-creme-60-gummies\/","title":{"rendered":"Garden of Life Dr. Formulated Magnezij s pre &amp; probiotiki Gumiji, pomaran\u010dna krema - 60 gumijev"},"content":{"rendered":"<h3>Garden of Life Dr. Formulated Magnesium with Pre &amp; Probiotics Gummies<\/h3>\n<p><strong>Kaj so magnezijevi gumiji?<\/strong><\/p>\n<p>Garden of Life Dr Formulated Magnesium Gummies so bili zasnovani tako, da pove\u010dujejo raven magnezija in pomagajo zmanj\u0161ati utrujenost in iz\u010drpanost ter podpirajo normalno delovanje mi\u0161ic.<\/p>\n<p><strong>Kaj vsebuje zdravilo Dr Formulated Magnesium Gummies?<\/strong><\/p>\n<p>Na\u0161i magnezijevi gumiji vsebujejo 400 mg biorazpolo\u017eljivega magnezija na 4 gumije in so na voljo v okusnem okusu maline.<\/p>\n<p>Magnezijevi gumiji, oblikovani s pektinom citrusov in brez dodanih sladkorjev, vsebujejo 1 milijardo CFU klini\u010dno preu\u010denih koristnih \u017eivih bakterij na odmerek.<\/p>\n<p>Magnezijevi gumiji so bili zasnovani tako, da prispevajo k normalnim psiholo\u0161kim funkcijam, kot so laj\u0161anje stresa, spanje, zdravje srca, normalno delovanje mi\u0161ic in kosti. Poleg tega so preverjeno gensko nemodificirani, brez glutena, certificirani s strani NSF, veganski in ko\u0161er.<\/p>\n<p><span style=\"text-decoration: underline;\"><strong>Prednosti magnezijevih gumijastih bombonov:<\/strong><\/span><\/p>\n<ul>\n<li>Pove\u010da raven magnezija, saj zagotavlja 400 mg magnezija (na 4 gumijaste bombon\u010dke)<\/li>\n<li>Zagotavlja 1 milijardo CFU mikrobov na odmerek: Bacillus subtilis DE111<\/li>\n<li>Podpira normalne psiholo\u0161ke funkcije<\/li>\n<li>Brez gensko spremenjenih organizmov, veganski in ko\u0161er<\/li>\n<li>Brez glutena<\/li>\n<\/ul>","protected":false},"excerpt":{"rendered":"<p>Vegan nutritional supplement in the form of &#8220;gelatin&#8221; candies Garden of Life Dr. Formulated Magnesium with Pre \u00b4n\u00b4Probiotics contains magnesium with high bioavailability, supplemented with pre and probiotics. Ideal during periods of increased physical and mental exertion. Gluten-free, GMO-free. Flavor: Orange Creme. Package contents: 60 gelatins.<\/p>","protected":false},"featured_media":51349,"comment_status":"closed","ping_status":"closed","template":"","meta":{"advanced_seo_description":"","jetpack_seo_html_title":"","jetpack_seo_noindex":false},"pwb-brand":[303],"product_brand":[4625],"product_cat":[596,597,2598],"product_tag":[],"class_list":{"0":"post-15441","1":"product","2":"type-product","3":"status-publish","4":"has-post-thumbnail","6":"pwb-brand-garden-of-life","7":"product_brand-garden-of-life","8":"product_cat-digestion","9":"product_cat-body-immunity","10":"product_cat-recovery","11":"brand_woo-garden-of-life","13":"first","14":"instock","15":"taxable","16":"shipping-taxable","17":"purchasable","18":"product-type-simple"},"jetpack_sharing_enabled":true,"brands":[{"id":303,"name":"Vrt \u017eivljenja","slug":"garden-of-life"}],"_links":{"self":[{"href":"https:\/\/veganova.eu\/sl\/wp-json\/wp\/v2\/product\/15441","targetHints":{"allow":["GET"]}}],"collection":[{"href":"https:\/\/veganova.eu\/sl\/wp-json\/wp\/v2\/product"}],"about":[{"href":"https:\/\/veganova.eu\/sl\/wp-json\/wp\/v2\/types\/product"}],"replies":[{"embeddable":true,"href":"https:\/\/veganova.eu\/sl\/wp-json\/wp\/v2\/comments?post=15441"}],"version-history":[{"count":1,"href":"https:\/\/veganova.eu\/sl\/wp-json\/wp\/v2\/product\/15441\/revisions"}],"predecessor-version":[{"id":59056,"href":"https:\/\/veganova.eu\/sl\/wp-json\/wp\/v2\/product\/15441\/revisions\/59056"}],"wp:featuredmedia":[{"embeddable":true,"href":"https:\/\/veganova.eu\/sl\/wp-json\/wp\/v2\/media\/51349"}],"wp:attachment":[{"href":"https:\/\/veganova.eu\/sl\/wp-json\/wp\/v2\/media?parent=15441"}],"wp:term":[{"taxonomy":"pwb-brand","embeddable":true,"href":"https:\/\/veganova.eu\/sl\/wp-json\/wp\/v2\/pwb-brand?post=15441"},{"taxonomy":"product_brand","embeddable":true,"href":"https:\/\/veganova.eu\/sl\/wp-json\/wp\/v2\/product_brand?post=15441"},{"taxonomy":"product_cat","embeddable":true,"href":"https:\/\/veganova.eu\/sl\/wp-json\/wp\/v2\/product_cat?post=15441"},{"taxonomy":"product_tag","embeddable":true,"href":"https:\/\/veganova.eu\/sl\/wp-json\/wp\/v2\/product_tag?post=15441"}],"curies":[{"name":"wp","href":"https:\/\/api.w.org\/{rel}","templated":true}]}}