{"id":2745,"date":"2023-10-01T17:01:17","date_gmt":"2023-10-01T15:01:17","guid":{"rendered":"https:\/\/veganova.eu\/?post_type=product&#038;p=2745"},"modified":"2026-04-26T02:21:33","modified_gmt":"2026-04-26T00:21:33","slug":"doctors-best-fully-active-b-complex-with-quatrefolic-30-kaps","status":"publish","type":"product","link":"https:\/\/veganova.eu\/sl\/shop\/doctors-best-fully-active-b-complex-with-quatrefolic-30-kaps\/","title":{"rendered":"Zdravnikov najbolj\u0161i popolnoma aktivni B-kompleks s kvatrefolikom (30 kapsul)"},"content":{"rendered":"<h3>Najbolj\u0161i zdravnikov popolnoma aktivni B-kompleks s kvaterfolikom<\/h3>\n<ul>\n<li>Zdravnikov najbolj\u0161i popolnoma aktivni kompleks B zagotavlja energijo in pomaga pri obvladovanju stresa.<\/li>\n<li>Vitamini skupine B so potrebni za pridobivanje energije iz hrane ter za nastanek in ohranjanje zdrave DNK, genov, celic, tkiv, organov in delovanja encimov.<\/li>\n<li>Vitamini skupine B so osnova \u017eivljenja; ljudje jih ne moremo proizvesti, zato jih moramo dobiti s hrano.<\/li>\n<li>Doctor's Best Fully Active B Complex zagotavlja le najbolj\u0161e uporabne oblike vitamina B. To vklju\u010duje popolnoma aktivni folat, ki je najbolj aktiven folat v telesu, in MTHF (metil- tetra-hidro-folat). Zagotavlja popolnoma aktiven vitamin B12 v obliki metilkobalamina (metil-B12), ki pomaga zagotoviti odli\u010dno peroralno absorpcijo.<\/li>\n<li>Best Fully Active B Complex je prehransko dopolnilo s celotnim spektrom vitaminov B, skrbno zasnovano za optimalno absorpcijo in uporabo.<\/li>\n<li>Ta formulacija zagotavlja vitamine B v njihovi najvarnej\u0161i, najbolje prena\u0161ani in biokemi\u010dno najbolj aktivni obliki.<\/li>\n<\/ul>","protected":false},"excerpt":{"rendered":"<p>Vegansko prehransko dopolnilo Doctor's Best Fully Active B-Complex with Quatrefolic predstavlja kompleks vitaminov skupine B v njihovi najaktivnej\u0161i obliki. Ne vsebuje glutena in je brez GSO. Pakiranje vsebuje: Vsebuje 30 kapsul.<\/p>","protected":false},"featured_media":51677,"comment_status":"closed","ping_status":"closed","template":"","meta":{"advanced_seo_description":"","jetpack_seo_html_title":"","jetpack_seo_noindex":false},"pwb-brand":[147],"product_brand":[4565],"product_cat":[153,152],"product_tag":[860,1094,1150],"class_list":{"0":"post-2745","1":"product","2":"type-product","3":"status-publish","4":"has-post-thumbnail","6":"pwb-brand-doctors-best","7":"product_brand-doctors-best","8":"product_cat-vitamins","9":"product_cat-vitamins-and-minerals","10":"product_tag-energy","11":"product_tag-metabolism","12":"product_tag-nervous-system","13":"brand_woo-doctors-best","15":"first","16":"instock","17":"taxable","18":"shipping-taxable","19":"purchasable","20":"product-type-simple"},"jetpack_sharing_enabled":true,"brands":[{"id":147,"name":"Najbolj\u0161i zdravnik","slug":"doctors-best"}],"_links":{"self":[{"href":"https:\/\/veganova.eu\/sl\/wp-json\/wp\/v2\/product\/2745","targetHints":{"allow":["GET"]}}],"collection":[{"href":"https:\/\/veganova.eu\/sl\/wp-json\/wp\/v2\/product"}],"about":[{"href":"https:\/\/veganova.eu\/sl\/wp-json\/wp\/v2\/types\/product"}],"replies":[{"embeddable":true,"href":"https:\/\/veganova.eu\/sl\/wp-json\/wp\/v2\/comments?post=2745"}],"version-history":[{"count":1,"href":"https:\/\/veganova.eu\/sl\/wp-json\/wp\/v2\/product\/2745\/revisions"}],"predecessor-version":[{"id":57309,"href":"https:\/\/veganova.eu\/sl\/wp-json\/wp\/v2\/product\/2745\/revisions\/57309"}],"wp:featuredmedia":[{"embeddable":true,"href":"https:\/\/veganova.eu\/sl\/wp-json\/wp\/v2\/media\/51677"}],"wp:attachment":[{"href":"https:\/\/veganova.eu\/sl\/wp-json\/wp\/v2\/media?parent=2745"}],"wp:term":[{"taxonomy":"pwb-brand","embeddable":true,"href":"https:\/\/veganova.eu\/sl\/wp-json\/wp\/v2\/pwb-brand?post=2745"},{"taxonomy":"product_brand","embeddable":true,"href":"https:\/\/veganova.eu\/sl\/wp-json\/wp\/v2\/product_brand?post=2745"},{"taxonomy":"product_cat","embeddable":true,"href":"https:\/\/veganova.eu\/sl\/wp-json\/wp\/v2\/product_cat?post=2745"},{"taxonomy":"product_tag","embeddable":true,"href":"https:\/\/veganova.eu\/sl\/wp-json\/wp\/v2\/product_tag?post=2745"}],"curies":[{"name":"wp","href":"https:\/\/api.w.org\/{rel}","templated":true}]}}