{"id":2810,"date":"2023-10-01T17:01:44","date_gmt":"2023-10-01T15:01:44","guid":{"rendered":"https:\/\/veganova.eu\/?post_type=product&#038;p=2810"},"modified":"2026-04-21T07:23:28","modified_gmt":"2026-04-21T05:23:28","slug":"applied-nutrition-cream-of-rice-apple-crumble-2000g","status":"publish","type":"product","link":"https:\/\/veganova.eu\/sl\/shop\/applied-nutrition-cream-of-rice-apple-crumble-2000g\/","title":{"rendered":"Applied Nutrition Ri\u017eeva krema, jabol\u010dni drobljenec (2000g)"},"content":{"rendered":"<h3>Applied Nutrition Ri\u017eeva smetana<\/h3>\n<ul>\n<li>kompleksni ogljikovi hidrati<\/li>\n<li>idealen zajtrk za \u0161portnike<\/li>\n<li>67 obrokov<\/li>\n<li>odli\u010den vir zdravih ogljikovih hidratov<\/li>\n<li>lahka prebavljivost<\/li>\n<li>odli\u010den okus<\/li>\n<li>veganski<\/li>\n<\/ul>","protected":false},"excerpt":{"rendered":"<p>Vegansko prehransko dopolnilo z zdravimi ogljikovimi hidrati Applied Nutrition Ri\u017eeva krema - idealen zajtrk za \u0161portnike. Okus: Jabol\u010dni drobljenec. Pakiranje vsebuje: - Sladkorna ka\u0161a, ki jo je treba pripraviti v obliki jabolka: 2000g<\/p>","protected":false},"featured_media":53724,"comment_status":"closed","ping_status":"closed","template":"","meta":{"advanced_seo_description":"","jetpack_seo_html_title":"","jetpack_seo_noindex":false},"pwb-brand":[202],"product_brand":[4592],"product_cat":[225,132],"product_tag":[1186,1187],"class_list":{"0":"post-2810","1":"product","2":"type-product","3":"status-publish","4":"has-post-thumbnail","6":"pwb-brand-applied-nutrition","7":"product_brand-applied-nutrition","8":"product_cat-carbohydrates","9":"product_cat-sports-nutrition","10":"product_tag-breakfast-for-athletes","11":"product_tag-healthy-carbohydrates","12":"brand_woo-applied-nutrition","14":"first","15":"instock","16":"taxable","17":"shipping-taxable","18":"purchasable","19":"product-type-simple"},"jetpack_sharing_enabled":true,"brands":[{"id":202,"name":"Uporabna prehrana","slug":"applied-nutrition"}],"_links":{"self":[{"href":"https:\/\/veganova.eu\/sl\/wp-json\/wp\/v2\/product\/2810","targetHints":{"allow":["GET"]}}],"collection":[{"href":"https:\/\/veganova.eu\/sl\/wp-json\/wp\/v2\/product"}],"about":[{"href":"https:\/\/veganova.eu\/sl\/wp-json\/wp\/v2\/types\/product"}],"replies":[{"embeddable":true,"href":"https:\/\/veganova.eu\/sl\/wp-json\/wp\/v2\/comments?post=2810"}],"version-history":[{"count":1,"href":"https:\/\/veganova.eu\/sl\/wp-json\/wp\/v2\/product\/2810\/revisions"}],"predecessor-version":[{"id":57369,"href":"https:\/\/veganova.eu\/sl\/wp-json\/wp\/v2\/product\/2810\/revisions\/57369"}],"wp:featuredmedia":[{"embeddable":true,"href":"https:\/\/veganova.eu\/sl\/wp-json\/wp\/v2\/media\/53724"}],"wp:attachment":[{"href":"https:\/\/veganova.eu\/sl\/wp-json\/wp\/v2\/media?parent=2810"}],"wp:term":[{"taxonomy":"pwb-brand","embeddable":true,"href":"https:\/\/veganova.eu\/sl\/wp-json\/wp\/v2\/pwb-brand?post=2810"},{"taxonomy":"product_brand","embeddable":true,"href":"https:\/\/veganova.eu\/sl\/wp-json\/wp\/v2\/product_brand?post=2810"},{"taxonomy":"product_cat","embeddable":true,"href":"https:\/\/veganova.eu\/sl\/wp-json\/wp\/v2\/product_cat?post=2810"},{"taxonomy":"product_tag","embeddable":true,"href":"https:\/\/veganova.eu\/sl\/wp-json\/wp\/v2\/product_tag?post=2810"}],"curies":[{"name":"wp","href":"https:\/\/api.w.org\/{rel}","templated":true}]}}