{"id":3152,"date":"2023-10-01T17:03:48","date_gmt":"2023-10-01T15:03:48","guid":{"rendered":"https:\/\/veganova.eu\/?post_type=product&#038;p=3152"},"modified":"2026-04-21T07:23:46","modified_gmt":"2026-04-21T05:23:46","slug":"jarrow-formulas-broccomax-120-kaps","status":"publish","type":"product","link":"https:\/\/veganova.eu\/sl\/shop\/jarrow-formulas-broccomax-120-kaps\/","title":{"rendered":"Jarrow Formulas BroccoMax (120 kapsul)"},"content":{"rendered":"<h3>Jarrow Formulas BroccoMax (120 kapsul)<\/h3>\n<p>Jarrow Formulas BroccoMax izvle\u010dek semen brokolija je izdelan po patentiranem postopku, ki ohranja aktivno mirozinazo, encim v brokoliju, ki v tankem \u010drevesju presnavlja SGS (sulforafan glukozinolat, tudi glukoorafanin) v sulforafan. Sulforafan podpira zdravo razmno\u017eevanje celic in zdravje jeter.<\/p>","protected":false},"excerpt":{"rendered":"<p>Vegetarijansko prehransko dopolnilo Jarrow Formulas BroccoMax je idealno za podporo zdravja jeter in razstrupljanje. Pakiranje vsebuje: 120 vegetarijanskih kapsul.<\/p>","protected":false},"featured_media":53205,"comment_status":"closed","ping_status":"closed","template":"","meta":{"advanced_seo_description":"","jetpack_seo_html_title":"","jetpack_seo_noindex":false},"pwb-brand":[165],"product_brand":[4572],"product_cat":[149],"product_tag":[1037,1154],"class_list":{"0":"post-3152","1":"product","2":"type-product","3":"status-publish","4":"has-post-thumbnail","6":"pwb-brand-jarrow-formulas","7":"product_brand-jarrow-formulas","8":"product_cat-superfoods","9":"product_tag-detox","10":"product_tag-liver","11":"brand_woo-jarrow-formulas","13":"first","14":"instock","15":"taxable","16":"shipping-taxable","17":"purchasable","18":"product-type-simple"},"jetpack_sharing_enabled":true,"brands":[{"id":165,"name":"Jarrow Formulas","slug":"jarrow-formulas"}],"_links":{"self":[{"href":"https:\/\/veganova.eu\/sl\/wp-json\/wp\/v2\/product\/3152","targetHints":{"allow":["GET"]}}],"collection":[{"href":"https:\/\/veganova.eu\/sl\/wp-json\/wp\/v2\/product"}],"about":[{"href":"https:\/\/veganova.eu\/sl\/wp-json\/wp\/v2\/types\/product"}],"replies":[{"embeddable":true,"href":"https:\/\/veganova.eu\/sl\/wp-json\/wp\/v2\/comments?post=3152"}],"version-history":[{"count":1,"href":"https:\/\/veganova.eu\/sl\/wp-json\/wp\/v2\/product\/3152\/revisions"}],"predecessor-version":[{"id":57639,"href":"https:\/\/veganova.eu\/sl\/wp-json\/wp\/v2\/product\/3152\/revisions\/57639"}],"wp:featuredmedia":[{"embeddable":true,"href":"https:\/\/veganova.eu\/sl\/wp-json\/wp\/v2\/media\/53205"}],"wp:attachment":[{"href":"https:\/\/veganova.eu\/sl\/wp-json\/wp\/v2\/media?parent=3152"}],"wp:term":[{"taxonomy":"pwb-brand","embeddable":true,"href":"https:\/\/veganova.eu\/sl\/wp-json\/wp\/v2\/pwb-brand?post=3152"},{"taxonomy":"product_brand","embeddable":true,"href":"https:\/\/veganova.eu\/sl\/wp-json\/wp\/v2\/product_brand?post=3152"},{"taxonomy":"product_cat","embeddable":true,"href":"https:\/\/veganova.eu\/sl\/wp-json\/wp\/v2\/product_cat?post=3152"},{"taxonomy":"product_tag","embeddable":true,"href":"https:\/\/veganova.eu\/sl\/wp-json\/wp\/v2\/product_tag?post=3152"}],"curies":[{"name":"wp","href":"https:\/\/api.w.org\/{rel}","templated":true}]}}