{"id":3201,"date":"2023-10-01T17:04:09","date_gmt":"2023-10-01T15:04:09","guid":{"rendered":"https:\/\/veganova.eu\/?post_type=product&#038;p=3201"},"modified":"2026-04-21T07:23:50","modified_gmt":"2026-04-21T05:23:50","slug":"jarrow-formulas-yum-yum-dophilus-1-billion-120-chewable-tab","status":"publish","type":"product","link":"https:\/\/veganova.eu\/sl\/shop\/jarrow-formulas-yum-yum-dophilus-1-billion-120-chewable-tab\/","title":{"rendered":"Jarrow Formulas Yum-Yum Dophilus, 1 milijarda (120 tablet za \u017eve\u010denje)"},"content":{"rendered":"<h3>Jarrow Formulas Yum-Yum Dophilus, 1 milijarda (120 tablet za \u017eve\u010denje)<\/h3>\n<p>Kaj po\u010dne Yum-Yum Dophilus?<br \/>\nJarrow Formulas Yum-Yum Dophilus zagotavlja 4 klini\u010dno dokumentirane seve koristnih bakterij v okusni \u017eve\u010dljivi tableti. Na koristno \u010drevesno floro lahko negativno vplivajo ali jo zmanj\u0161ajo prehrana z malo vlakninami, veliko \u017eivalskih beljakovin, uporaba zdravil, potovanja in stres itd. Posledica tega je disbioza (tj. motnje normalne \u010drevesne mikroflore), ki lahko negativno vpliva na delovanje prebavil in dobro po\u010dutje.<\/p>\n<p>Prijazne bakterije v zdravilu Yum-Yum Dophilus pomagajo vzdr\u017eevati uravnote\u017eeno \u010drevesno mikrofloro, podpirajo delovanje imunskega sistema in krepijo zdravje. Ksilitol se uporablja za izbolj\u0161anje okusa in podporo zdravja zob.<\/p>\n<p>Brez sladkorja. Brez umetnih sladil, okusov ali barvil.<\/p>\n<p>Vsaka tableta je posebej pakirana v blister za ve\u010djo stabilnost in priro\u010dnost.<\/p>","protected":false},"excerpt":{"rendered":"<p>Prehransko dopolnilo s probiotiki, inulinom in fruktooligosaharidi Jarrow Formulas Yum-Yum Dophilus, 1 milijarda, pakiranje vsebuje: 120 \u017eve\u010dljivih tablet.<\/p>","protected":false},"featured_media":11337,"comment_status":"closed","ping_status":"closed","template":"","meta":{"advanced_seo_description":"","jetpack_seo_html_title":"","jetpack_seo_noindex":false},"pwb-brand":[165],"product_brand":[4572],"product_cat":[596],"product_tag":[1156,1276,1117,1275],"class_list":{"0":"post-3201","1":"product","2":"type-product","3":"status-publish","4":"has-post-thumbnail","6":"pwb-brand-jarrow-formulas","7":"product_brand-jarrow-formulas","8":"product_cat-digestion","9":"product_tag-healthy-digestion","10":"product_tag-healthy-intestine","11":"product_tag-immunity","12":"product_tag-intestinal-microflora","13":"brand_woo-jarrow-formulas","15":"first","16":"instock","17":"sale","18":"taxable","19":"shipping-taxable","20":"purchasable","21":"product-type-simple"},"jetpack_sharing_enabled":true,"brands":[{"id":165,"name":"Jarrow Formulas","slug":"jarrow-formulas"}],"_links":{"self":[{"href":"https:\/\/veganova.eu\/sl\/wp-json\/wp\/v2\/product\/3201","targetHints":{"allow":["GET"]}}],"collection":[{"href":"https:\/\/veganova.eu\/sl\/wp-json\/wp\/v2\/product"}],"about":[{"href":"https:\/\/veganova.eu\/sl\/wp-json\/wp\/v2\/types\/product"}],"replies":[{"embeddable":true,"href":"https:\/\/veganova.eu\/sl\/wp-json\/wp\/v2\/comments?post=3201"}],"version-history":[{"count":1,"href":"https:\/\/veganova.eu\/sl\/wp-json\/wp\/v2\/product\/3201\/revisions"}],"predecessor-version":[{"id":57687,"href":"https:\/\/veganova.eu\/sl\/wp-json\/wp\/v2\/product\/3201\/revisions\/57687"}],"wp:featuredmedia":[{"embeddable":true,"href":"https:\/\/veganova.eu\/sl\/wp-json\/wp\/v2\/media\/11337"}],"wp:attachment":[{"href":"https:\/\/veganova.eu\/sl\/wp-json\/wp\/v2\/media?parent=3201"}],"wp:term":[{"taxonomy":"pwb-brand","embeddable":true,"href":"https:\/\/veganova.eu\/sl\/wp-json\/wp\/v2\/pwb-brand?post=3201"},{"taxonomy":"product_brand","embeddable":true,"href":"https:\/\/veganova.eu\/sl\/wp-json\/wp\/v2\/product_brand?post=3201"},{"taxonomy":"product_cat","embeddable":true,"href":"https:\/\/veganova.eu\/sl\/wp-json\/wp\/v2\/product_cat?post=3201"},{"taxonomy":"product_tag","embeddable":true,"href":"https:\/\/veganova.eu\/sl\/wp-json\/wp\/v2\/product_tag?post=3201"}],"curies":[{"name":"wp","href":"https:\/\/api.w.org\/{rel}","templated":true}]}}