{"id":3439,"date":"2023-10-01T17:05:40","date_gmt":"2023-10-01T15:05:40","guid":{"rendered":"https:\/\/veganova.eu\/?post_type=product&#038;p=3439"},"modified":"2026-04-21T07:24:05","modified_gmt":"2026-04-21T05:24:05","slug":"now-foods-egcg-green-tea-extract-400mg-180-kaps","status":"publish","type":"product","link":"https:\/\/veganova.eu\/sl\/shop\/now-foods-egcg-green-tea-extract-400mg-180-kaps\/","title":{"rendered":"NOW Foods EGCg izvle\u010dek zelenega \u010daja, 400 mg (180 kapsul)"},"content":{"rendered":"<h3>NOW Foods EGCg izvle\u010dek zelenega \u010daja, 400 mg (180 kapsul)<\/h3>\n<p>200 mg EGCg \/ 80% katehinov<br \/>\nPodpira celi\u010dno zdravje<\/p>\n<p>Ena kapsula NOW Green Tea Extract z 200 mg EGCg vsebuje enako koli\u010dino fitonutrientov kot pribli\u017eno 2-3 skodelice zelenega \u010daja. Bioaktivne spojine zelenega \u010daja vklju\u010dujejo polifenole in katehine, za katere je znano, da imajo mo\u010dne lastnosti nevtralizacije prostih radikalov. Znanstveno je dokazano, da EGCg, ki je njegov najbogatej\u0161i katehin, pomaga pri ohranjanju zdravih tkiv ob normalnem presnovnem stresu in podpira pravilno uravnavanje celi\u010dnega cikla.<\/p>","protected":false},"excerpt":{"rendered":"<p>The vegan nutritional supplement NOW Foods EGCg Green Tea Extract, 400mg contains green tea extract, which fights against the effects of free radicals and promotes cell health. The package contains: 180 capsules.<\/p>","protected":false},"featured_media":51646,"comment_status":"closed","ping_status":"closed","template":"","meta":{"advanced_seo_description":"","jetpack_seo_html_title":"","jetpack_seo_noindex":false},"pwb-brand":[173],"product_brand":[4580],"product_cat":[149,177],"product_tag":[1093,860,1235,1153],"class_list":{"0":"post-3439","1":"product","2":"type-product","3":"status-publish","4":"has-post-thumbnail","6":"pwb-brand-now-foods","7":"product_brand-now-foods","8":"product_cat-superfoods","9":"product_cat-weight-loss","10":"product_tag-antioxidant","11":"product_tag-energy","12":"product_tag-free-radical-scavenger","13":"product_tag-vessels","14":"brand_woo-now-foods","16":"first","17":"instock","18":"sale","19":"taxable","20":"shipping-taxable","21":"purchasable","22":"product-type-simple"},"jetpack_sharing_enabled":true,"brands":[{"id":173,"name":"NOW Foods","slug":"now-foods"}],"_links":{"self":[{"href":"https:\/\/veganova.eu\/sl\/wp-json\/wp\/v2\/product\/3439","targetHints":{"allow":["GET"]}}],"collection":[{"href":"https:\/\/veganova.eu\/sl\/wp-json\/wp\/v2\/product"}],"about":[{"href":"https:\/\/veganova.eu\/sl\/wp-json\/wp\/v2\/types\/product"}],"replies":[{"embeddable":true,"href":"https:\/\/veganova.eu\/sl\/wp-json\/wp\/v2\/comments?post=3439"}],"version-history":[{"count":1,"href":"https:\/\/veganova.eu\/sl\/wp-json\/wp\/v2\/product\/3439\/revisions"}],"predecessor-version":[{"id":57869,"href":"https:\/\/veganova.eu\/sl\/wp-json\/wp\/v2\/product\/3439\/revisions\/57869"}],"wp:featuredmedia":[{"embeddable":true,"href":"https:\/\/veganova.eu\/sl\/wp-json\/wp\/v2\/media\/51646"}],"wp:attachment":[{"href":"https:\/\/veganova.eu\/sl\/wp-json\/wp\/v2\/media?parent=3439"}],"wp:term":[{"taxonomy":"pwb-brand","embeddable":true,"href":"https:\/\/veganova.eu\/sl\/wp-json\/wp\/v2\/pwb-brand?post=3439"},{"taxonomy":"product_brand","embeddable":true,"href":"https:\/\/veganova.eu\/sl\/wp-json\/wp\/v2\/product_brand?post=3439"},{"taxonomy":"product_cat","embeddable":true,"href":"https:\/\/veganova.eu\/sl\/wp-json\/wp\/v2\/product_cat?post=3439"},{"taxonomy":"product_tag","embeddable":true,"href":"https:\/\/veganova.eu\/sl\/wp-json\/wp\/v2\/product_tag?post=3439"}],"curies":[{"name":"wp","href":"https:\/\/api.w.org\/{rel}","templated":true}]}}