{"id":3730,"date":"2023-10-01T17:07:48","date_gmt":"2023-10-01T15:07:48","guid":{"rendered":"https:\/\/veganova.eu\/?post_type=product&#038;p=3730"},"modified":"2026-04-21T07:24:24","modified_gmt":"2026-04-21T05:24:24","slug":"now-foods-tri-chromium-500mcg-180-kaps","status":"publish","type":"product","link":"https:\/\/veganova.eu\/sl\/shop\/now-foods-tri-chromium-500mcg-180-kaps\/","title":{"rendered":"NOW Foods Tri-krom, 500mcg (180 kapsul)"},"content":{"rendered":"<h3>NOW Foods Tri-krom<\/h3>\n<ul>\n<li>Podpira zdravo presnovo glukoze<\/li>\n<li>Krom je pomemben mineral v sledovih, za katerega je znano, da pove\u010duje u\u010dinek insulina, peptida, ki je klju\u010den za presnovo in shranjevanje ogljikovih hidratov, ma\u0161\u010dob in beljakovin v telesu.<\/li>\n<li>Zadosten vnos kroma je bistvenega pomena za ohranjanje zdrave presnove glukoze.<\/li>\n<li>NOW Tri-Chromium vsebuje tri dobro znane in raziskane oblike kroma za \u010dim bolj\u0161o absorpcijo.<\/li>\n<li>Cimet je bil vklju\u010den zaradi njegove zgodovinske uporabe za podporo pravilnega delovanja presnove.<\/li>\n<\/ul>","protected":false},"excerpt":{"rendered":"<p>NOW Foods prehransko dopolnilo Tri-krom, 500mcg, za zdrav krvni sladkor in presnovo sladkorja. Pakiranje vsebuje: 180 kapsul. Brez GSO.<\/p>","protected":false},"featured_media":51736,"comment_status":"closed","ping_status":"closed","template":"","meta":{"advanced_seo_description":"","jetpack_seo_html_title":"","jetpack_seo_noindex":false},"pwb-brand":[173],"product_brand":[4580],"product_cat":[152,177],"product_tag":[1319,1094,1172,1170],"class_list":{"0":"post-3730","1":"product","2":"type-product","3":"status-publish","4":"has-post-thumbnail","6":"pwb-brand-now-foods","7":"product_brand-now-foods","8":"product_cat-vitamins-and-minerals","9":"product_cat-weight-loss","10":"product_tag-balanced-blood-sugar","11":"product_tag-metabolism","12":"product_tag-overeating","13":"product_tag-sweet-tooth","14":"brand_woo-now-foods","16":"first","17":"instock","18":"sale","19":"taxable","20":"shipping-taxable","21":"purchasable","22":"product-type-simple"},"jetpack_sharing_enabled":true,"brands":[{"id":173,"name":"NOW Foods","slug":"now-foods"}],"_links":{"self":[{"href":"https:\/\/veganova.eu\/sl\/wp-json\/wp\/v2\/product\/3730","targetHints":{"allow":["GET"]}}],"collection":[{"href":"https:\/\/veganova.eu\/sl\/wp-json\/wp\/v2\/product"}],"about":[{"href":"https:\/\/veganova.eu\/sl\/wp-json\/wp\/v2\/types\/product"}],"replies":[{"embeddable":true,"href":"https:\/\/veganova.eu\/sl\/wp-json\/wp\/v2\/comments?post=3730"}],"version-history":[{"count":1,"href":"https:\/\/veganova.eu\/sl\/wp-json\/wp\/v2\/product\/3730\/revisions"}],"predecessor-version":[{"id":58118,"href":"https:\/\/veganova.eu\/sl\/wp-json\/wp\/v2\/product\/3730\/revisions\/58118"}],"wp:featuredmedia":[{"embeddable":true,"href":"https:\/\/veganova.eu\/sl\/wp-json\/wp\/v2\/media\/51736"}],"wp:attachment":[{"href":"https:\/\/veganova.eu\/sl\/wp-json\/wp\/v2\/media?parent=3730"}],"wp:term":[{"taxonomy":"pwb-brand","embeddable":true,"href":"https:\/\/veganova.eu\/sl\/wp-json\/wp\/v2\/pwb-brand?post=3730"},{"taxonomy":"product_brand","embeddable":true,"href":"https:\/\/veganova.eu\/sl\/wp-json\/wp\/v2\/product_brand?post=3730"},{"taxonomy":"product_cat","embeddable":true,"href":"https:\/\/veganova.eu\/sl\/wp-json\/wp\/v2\/product_cat?post=3730"},{"taxonomy":"product_tag","embeddable":true,"href":"https:\/\/veganova.eu\/sl\/wp-json\/wp\/v2\/product_tag?post=3730"}],"curies":[{"name":"wp","href":"https:\/\/api.w.org\/{rel}","templated":true}]}}