{"id":3823,"date":"2023-10-01T17:08:29","date_gmt":"2023-10-01T15:08:29","guid":{"rendered":"https:\/\/veganova.eu\/?post_type=product&#038;p=3823"},"modified":"2026-04-28T02:23:32","modified_gmt":"2026-04-28T00:23:32","slug":"revive-liver-120-kaps","status":"publish","type":"product","link":"https:\/\/veganova.eu\/sl\/shop\/revive-liver-120-kaps\/","title":{"rendered":"O\u017eivite jetra (120 kapsul)"},"content":{"rendered":"<h3>O\u017eivite jetra<\/h3>\n<ul>\n<li>Formula za zdravljenje jeter je bila ustvarjena za naravno podporo vsem vidikom zdravih jeter.<\/li>\n<li>S 300 mg TUDCA na odmerek lahko to dnevno dopolnilo \u017ee zdaj podpira zdrav pretok \u017eol\u010da in prepre\u010duje kopi\u010denje hidrofobnih \u017eol\u010dnih kislin, ki lahko povzro\u010dijo po\u0161kodbe jeter.<\/li>\n<li>Poleg tega vsak odmerek na\u0161e formule za uravnavanje jeter vsebuje 1 000 mg NAC in 1 000 mg pegastega badlja, ki podpirata naravne protivnetne in razstrupljevalne lastnosti.<\/li>\n<li>Dodatek je sestavljen tudi iz patentiranih sestavin AstraGin in Bioperine, ki lahko pove\u010data sprejem in absorpcijo nekaterih aktivnih sestavin v na\u0161i formuli.<\/li>\n<li>Zdru\u017eene lastnosti teh aktivnih sestavin zagotavljajo \u0161tevilne koristi, ki pomagajo ohranjati in podpirati naravno in zdravo delovanje jeter.<\/li>\n<\/ul>","protected":false},"excerpt":{"rendered":"<p>Vegansko prehransko dopolnilo Revive Liver, posebej oblikovano za potrebe zdravih jeter. Dopolnjuje ga \u0161entjan\u017eevka, ki podpira protivnetne lastnosti. Pakiranje vsebuje: 120 kapsul. Brez glutena.<\/p>","protected":false},"featured_media":53408,"comment_status":"closed","ping_status":"closed","template":"","meta":{"advanced_seo_description":"","jetpack_seo_html_title":"","jetpack_seo_noindex":false},"pwb-brand":[406],"product_brand":[4719],"product_cat":[597,284,152],"product_tag":[1037,1155,1154],"class_list":{"0":"post-3823","1":"product","2":"type-product","3":"status-publish","4":"has-post-thumbnail","6":"pwb-brand-revive","7":"product_brand-revive","8":"product_cat-body-immunity","9":"product_cat-trace-elements","10":"product_cat-vitamins-and-minerals","11":"product_tag-detox","12":"product_tag-inflammation","13":"product_tag-liver","14":"brand_woo-revive","16":"first","17":"instock","18":"taxable","19":"shipping-taxable","20":"purchasable","21":"product-type-simple"},"jetpack_sharing_enabled":true,"brands":[{"id":406,"name":"O\u017eivite","slug":"revive"}],"_links":{"self":[{"href":"https:\/\/veganova.eu\/sl\/wp-json\/wp\/v2\/product\/3823","targetHints":{"allow":["GET"]}}],"collection":[{"href":"https:\/\/veganova.eu\/sl\/wp-json\/wp\/v2\/product"}],"about":[{"href":"https:\/\/veganova.eu\/sl\/wp-json\/wp\/v2\/types\/product"}],"replies":[{"embeddable":true,"href":"https:\/\/veganova.eu\/sl\/wp-json\/wp\/v2\/comments?post=3823"}],"version-history":[{"count":1,"href":"https:\/\/veganova.eu\/sl\/wp-json\/wp\/v2\/product\/3823\/revisions"}],"predecessor-version":[{"id":58196,"href":"https:\/\/veganova.eu\/sl\/wp-json\/wp\/v2\/product\/3823\/revisions\/58196"}],"wp:featuredmedia":[{"embeddable":true,"href":"https:\/\/veganova.eu\/sl\/wp-json\/wp\/v2\/media\/53408"}],"wp:attachment":[{"href":"https:\/\/veganova.eu\/sl\/wp-json\/wp\/v2\/media?parent=3823"}],"wp:term":[{"taxonomy":"pwb-brand","embeddable":true,"href":"https:\/\/veganova.eu\/sl\/wp-json\/wp\/v2\/pwb-brand?post=3823"},{"taxonomy":"product_brand","embeddable":true,"href":"https:\/\/veganova.eu\/sl\/wp-json\/wp\/v2\/product_brand?post=3823"},{"taxonomy":"product_cat","embeddable":true,"href":"https:\/\/veganova.eu\/sl\/wp-json\/wp\/v2\/product_cat?post=3823"},{"taxonomy":"product_tag","embeddable":true,"href":"https:\/\/veganova.eu\/sl\/wp-json\/wp\/v2\/product_tag?post=3823"}],"curies":[{"name":"wp","href":"https:\/\/api.w.org\/{rel}","templated":true}]}}