{"id":47779,"date":"2024-09-15T12:28:50","date_gmt":"2024-09-15T10:28:50","guid":{"rendered":"https:\/\/veganova.eu\/?post_type=product&#038;p=47779"},"modified":"2026-04-21T07:25:55","modified_gmt":"2026-04-21T05:25:55","slug":"trained-by-jp-cream-of-rice-chocolate-hazelnut-spread-2000g","status":"publish","type":"product","link":"https:\/\/veganova.eu\/sl\/shop\/trained-by-jp-cream-of-rice-chocolate-hazelnut-spread-2000g\/","title":{"rendered":"Trained by JP Cream of Rice, \u010dokoladni namaz z le\u0161niki - 2000g"},"content":{"rendered":"<h3>Trained by JP Cream of Rice, \u010dokoladni namaz z le\u0161niki - 2000g<\/h3>\n<p>Zakaj ri\u017eeva krema?<\/p>\n<p>Med pripravami, izven sezone ali v kateri koli fazi treninga vam lahko u\u017eivanje okusnih stvari z okusom namesto dolgo\u010dasnega ri\u017ea pomaga, da se dr\u017eite svoje diete, saj se vam bo pogosto zdelo kot poslastica, vendar jo boste zlahka vklju\u010dili v dnevne potrebe po ogljikovih hidratih.<\/p>\n<p>V \u010dasu med sezono, ko je lahko hrana vi\u0161ja, je prebava pogosto nekoliko te\u017eja, v tej fazi pa boste z razli\u010dnimi okusi, ki se vedno odli\u010dno prebavijo, lahko ohranili apetit in napredovali.<\/p>\n<p>JP se sam zelo osredoto\u010da na prebavo, saj dosega velike telesne te\u017ee in vnos kalorij, zato vse, kar naredimo, preizkusi in testira, da ne bi bilo preve\u010d sladila, da okusi ne bi bili premo\u010dni - vse stvari, ki so pomembne, ko dejansko \u017eivi\u0161 in diha\u0161 bodybuilding.<\/p>\n<p>2 kg COR je na voljo v 13 okusih, da bodo va\u0161e brbon\u010dice zadovoljne!<\/p>\n<ul>\n<li>Hitro delujo\u010di ogljikovi hidrati<\/li>\n<li>Neverjeten okus<\/li>\n<li>Enostavno me\u0161anje<\/li>\n<li>Popolnoma prebavljen<\/li>\n<li>2KG je 80x 25g obrokov<\/li>\n<\/ul>","protected":false},"excerpt":{"rendered":"<p>Power fitness breakfast Trained by JP Cream of Rice, flavor: Chocolate Hazelnut Spread. Content: 2000g. Certification: vegan, vegetarian, gluten free.<\/p>","protected":false},"featured_media":47529,"comment_status":"closed","ping_status":"closed","template":"","meta":{"advanced_seo_description":"","jetpack_seo_html_title":"","jetpack_seo_noindex":false},"pwb-brand":[2217],"product_brand":[4954],"product_cat":[225,132],"product_tag":[],"class_list":{"0":"post-47779","1":"product","2":"type-product","3":"status-publish","4":"has-post-thumbnail","6":"pwb-brand-trained-by-jp","7":"product_brand-trained-by-jp","8":"product_cat-carbohydrates","9":"product_cat-sports-nutrition","10":"brand_woo-trained-by-jp","12":"first","13":"instock","14":"taxable","15":"shipping-taxable","16":"purchasable","17":"product-type-simple"},"jetpack_sharing_enabled":true,"brands":[{"id":2217,"name":"Usposabljal JP","slug":"trained-by-jp"}],"_links":{"self":[{"href":"https:\/\/veganova.eu\/sl\/wp-json\/wp\/v2\/product\/47779","targetHints":{"allow":["GET"]}}],"collection":[{"href":"https:\/\/veganova.eu\/sl\/wp-json\/wp\/v2\/product"}],"about":[{"href":"https:\/\/veganova.eu\/sl\/wp-json\/wp\/v2\/types\/product"}],"replies":[{"embeddable":true,"href":"https:\/\/veganova.eu\/sl\/wp-json\/wp\/v2\/comments?post=47779"}],"version-history":[{"count":2,"href":"https:\/\/veganova.eu\/sl\/wp-json\/wp\/v2\/product\/47779\/revisions"}],"predecessor-version":[{"id":60041,"href":"https:\/\/veganova.eu\/sl\/wp-json\/wp\/v2\/product\/47779\/revisions\/60041"}],"wp:featuredmedia":[{"embeddable":true,"href":"https:\/\/veganova.eu\/sl\/wp-json\/wp\/v2\/media\/47529"}],"wp:attachment":[{"href":"https:\/\/veganova.eu\/sl\/wp-json\/wp\/v2\/media?parent=47779"}],"wp:term":[{"taxonomy":"pwb-brand","embeddable":true,"href":"https:\/\/veganova.eu\/sl\/wp-json\/wp\/v2\/pwb-brand?post=47779"},{"taxonomy":"product_brand","embeddable":true,"href":"https:\/\/veganova.eu\/sl\/wp-json\/wp\/v2\/product_brand?post=47779"},{"taxonomy":"product_cat","embeddable":true,"href":"https:\/\/veganova.eu\/sl\/wp-json\/wp\/v2\/product_cat?post=47779"},{"taxonomy":"product_tag","embeddable":true,"href":"https:\/\/veganova.eu\/sl\/wp-json\/wp\/v2\/product_tag?post=47779"}],"curies":[{"name":"wp","href":"https:\/\/api.w.org\/{rel}","templated":true}]}}