{"id":47815,"date":"2024-09-15T12:29:22","date_gmt":"2024-09-15T10:29:22","guid":{"rendered":"https:\/\/veganova.eu\/?post_type=product&#038;p=47815"},"modified":"2026-05-06T02:31:43","modified_gmt":"2026-05-06T00:31:43","slug":"applied-nutrition-critical-greens-lemon-lime-150g","status":"publish","type":"product","link":"https:\/\/veganova.eu\/sl\/shop\/applied-nutrition-critical-greens-lemon-lime-150g\/","title":{"rendered":"Applied Nutrition Critical Greens, Lemon &amp; Lime - 150g"},"content":{"rendered":"<h3>Applied Nutrition Critical Greens, Lemon &amp; Lime - 150g<\/h3>\n<p>Critical Greens vsebuje 17 izvle\u010dkov superzelenih rastlin, vklju\u010dno z brokolijem, zeleno, \u0161pina\u010do, p\u0161eni\u010dno travo in ohrovtom v prahu. Na\u0161o me\u0161anico critical lahko preprosto dodate beljakovinskemu napitku, sadnemu koktajlu ali jo zme\u0161ate z vodo za sve\u017e naravni okus.<\/p>\n<p>KLJU\u010cNE PREDNOSTI<\/p>\n<p>Ultimate atletski super zelena me\u0161anica<br \/>\nV povezavi s petimi dnevnimi obroki<br \/>\n17 super zelenih sestavin<br \/>\nSve\u017e naravni okus<br \/>\nPrimerno za vegane in vegetarijance<br \/>\nHalal certificiran izdelek<\/p>","protected":false},"excerpt":{"rendered":"<p>Super\u017eivilski napitek v prahu Applied Nutrition Critical Greens, z okusom: Limone in limete. Vsebnost: 150g. Certifikat: Veganski, vegetarijanski, halal.<\/p>","protected":false},"featured_media":52021,"comment_status":"closed","ping_status":"closed","template":"","meta":{"advanced_seo_description":"","jetpack_seo_html_title":"","jetpack_seo_noindex":false},"pwb-brand":[202],"product_brand":[4592],"product_cat":[149],"product_tag":[],"class_list":{"0":"post-47815","1":"product","2":"type-product","3":"status-publish","4":"has-post-thumbnail","6":"pwb-brand-applied-nutrition","7":"product_brand-applied-nutrition","8":"product_cat-superfoods","9":"brand_woo-applied-nutrition","11":"first","12":"instock","13":"taxable","14":"shipping-taxable","15":"purchasable","16":"product-type-simple"},"jetpack_sharing_enabled":true,"brands":[{"id":202,"name":"Uporabna prehrana","slug":"applied-nutrition"}],"_links":{"self":[{"href":"https:\/\/veganova.eu\/sl\/wp-json\/wp\/v2\/product\/47815","targetHints":{"allow":["GET"]}}],"collection":[{"href":"https:\/\/veganova.eu\/sl\/wp-json\/wp\/v2\/product"}],"about":[{"href":"https:\/\/veganova.eu\/sl\/wp-json\/wp\/v2\/types\/product"}],"replies":[{"embeddable":true,"href":"https:\/\/veganova.eu\/sl\/wp-json\/wp\/v2\/comments?post=47815"}],"version-history":[{"count":1,"href":"https:\/\/veganova.eu\/sl\/wp-json\/wp\/v2\/product\/47815\/revisions"}],"predecessor-version":[{"id":59243,"href":"https:\/\/veganova.eu\/sl\/wp-json\/wp\/v2\/product\/47815\/revisions\/59243"}],"wp:featuredmedia":[{"embeddable":true,"href":"https:\/\/veganova.eu\/sl\/wp-json\/wp\/v2\/media\/52021"}],"wp:attachment":[{"href":"https:\/\/veganova.eu\/sl\/wp-json\/wp\/v2\/media?parent=47815"}],"wp:term":[{"taxonomy":"pwb-brand","embeddable":true,"href":"https:\/\/veganova.eu\/sl\/wp-json\/wp\/v2\/pwb-brand?post=47815"},{"taxonomy":"product_brand","embeddable":true,"href":"https:\/\/veganova.eu\/sl\/wp-json\/wp\/v2\/product_brand?post=47815"},{"taxonomy":"product_cat","embeddable":true,"href":"https:\/\/veganova.eu\/sl\/wp-json\/wp\/v2\/product_cat?post=47815"},{"taxonomy":"product_tag","embeddable":true,"href":"https:\/\/veganova.eu\/sl\/wp-json\/wp\/v2\/product_tag?post=47815"}],"curies":[{"name":"wp","href":"https:\/\/api.w.org\/{rel}","templated":true}]}}