{"id":47851,"date":"2024-09-15T12:30:00","date_gmt":"2024-09-15T10:30:00","guid":{"rendered":"https:\/\/veganova.eu\/?post_type=product&#038;p=47851"},"modified":"2026-04-21T07:25:57","modified_gmt":"2026-04-21T05:25:57","slug":"enzymedica-dgl-stomach-soothe-gummies-german-chocolate-74-gummies","status":"publish","type":"product","link":"https:\/\/veganova.eu\/sl\/shop\/enzymedica-dgl-stomach-soothe-gummies-german-chocolate-74-gummies\/","title":{"rendered":"Enzymedica DGL Stomach Soothe Gummies, nem\u0161ka \u010dokolada - 74 gumijev"},"content":{"rendered":"<h3>Enzymedica DGL Stomach Soothe Gummies, nem\u0161ka \u010dokolada - 74 gumijev<\/h3>\n<p>Restore your digestive happiness and get back to feeling like YOU again!<\/p>\n<p>Enjoy all the benefits of DGL for occasional stomach and heartburn in a delicious German Chocolate flavored gummy. DGL Stomach Soothe Gummies promote digestive comfort and repairs while strengthening and protecting your stomach lining. Chewing activates DGL, making these vegan gummies the perfect delivery format for maximum effectiveness.<\/p>","protected":false},"excerpt":{"rendered":"<p>Enzymedica DGL Stomach Soothe Gummies supports healthy digestion. Content: 74 vegan gummies. Flavor: German Chocolate. Certification: vegan, vegetarian.<\/p>","protected":false},"featured_media":52314,"comment_status":"closed","ping_status":"closed","template":"","meta":{"advanced_seo_description":"","jetpack_seo_html_title":"","jetpack_seo_noindex":false},"pwb-brand":[467],"product_brand":[4767],"product_cat":[596,143],"product_tag":[],"class_list":{"0":"post-47851","1":"product","2":"type-product","3":"status-publish","4":"has-post-thumbnail","6":"pwb-brand-enzymedica","7":"product_brand-enzymedica","8":"product_cat-digestion","9":"product_cat-health-issues","10":"brand_woo-enzymedica","12":"first","13":"outofstock","14":"taxable","15":"shipping-taxable","16":"purchasable","17":"product-type-simple"},"jetpack_sharing_enabled":true,"brands":[{"id":467,"name":"Enzymedica","slug":"enzymedica"}],"_links":{"self":[{"href":"https:\/\/veganova.eu\/sl\/wp-json\/wp\/v2\/product\/47851","targetHints":{"allow":["GET"]}}],"collection":[{"href":"https:\/\/veganova.eu\/sl\/wp-json\/wp\/v2\/product"}],"about":[{"href":"https:\/\/veganova.eu\/sl\/wp-json\/wp\/v2\/types\/product"}],"replies":[{"embeddable":true,"href":"https:\/\/veganova.eu\/sl\/wp-json\/wp\/v2\/comments?post=47851"}],"version-history":[{"count":1,"href":"https:\/\/veganova.eu\/sl\/wp-json\/wp\/v2\/product\/47851\/revisions"}],"predecessor-version":[{"id":59259,"href":"https:\/\/veganova.eu\/sl\/wp-json\/wp\/v2\/product\/47851\/revisions\/59259"}],"wp:featuredmedia":[{"embeddable":true,"href":"https:\/\/veganova.eu\/sl\/wp-json\/wp\/v2\/media\/52314"}],"wp:attachment":[{"href":"https:\/\/veganova.eu\/sl\/wp-json\/wp\/v2\/media?parent=47851"}],"wp:term":[{"taxonomy":"pwb-brand","embeddable":true,"href":"https:\/\/veganova.eu\/sl\/wp-json\/wp\/v2\/pwb-brand?post=47851"},{"taxonomy":"product_brand","embeddable":true,"href":"https:\/\/veganova.eu\/sl\/wp-json\/wp\/v2\/product_brand?post=47851"},{"taxonomy":"product_cat","embeddable":true,"href":"https:\/\/veganova.eu\/sl\/wp-json\/wp\/v2\/product_cat?post=47851"},{"taxonomy":"product_tag","embeddable":true,"href":"https:\/\/veganova.eu\/sl\/wp-json\/wp\/v2\/product_tag?post=47851"}],"curies":[{"name":"wp","href":"https:\/\/api.w.org\/{rel}","templated":true}]}}