{"id":47853,"date":"2024-09-15T12:30:02","date_gmt":"2024-09-15T10:30:02","guid":{"rendered":"https:\/\/veganova.eu\/?post_type=product&#038;p=47853"},"modified":"2026-04-21T07:25:57","modified_gmt":"2026-04-21T05:25:57","slug":"enzymedica-digest-180-caps","status":"publish","type":"product","link":"https:\/\/veganova.eu\/sl\/shop\/enzymedica-digest-180-caps\/","title":{"rendered":"Enzymedica Digest - 180 kapsul"},"content":{"rendered":"<h3>Enzymedica Digest - 180 kapsul<\/h3>\n<p>Pomanjkanje encimov je lahko posledica kombinacije starosti, prehrane in na\u010dina \u017eivljenja. To pomanjkanje lahko povzro\u010di razli\u010dne prebavne te\u017eave, vklju\u010dno z ob\u010dasnimi plini, napihnjenostjo, prebavnimi motnjami in nerednostjo.<\/p>\n<p>Digest je izbolj\u0161ana formula, ki razgrajuje ogljikove hidrate, ma\u0161\u010dobe, vlaknine in beljakovine. Encimi, vklju\u010deni v Digest, podpirajo optimalno prebavo, saj pomagajo telesu absorbirati hranila in pretvoriti hrano v energijo. Dobro po\u010dutje pri prebavi izbolj\u0161a koncentracijo in pove\u010da vitalnost.<\/p>","protected":false},"excerpt":{"rendered":"<p>Enzymedica Digest supports healthy digestion. Content: 180 vegetarian capsules. Certification: vegan, NON GMO.<\/p>","protected":false},"featured_media":52186,"comment_status":"closed","ping_status":"closed","template":"","meta":{"advanced_seo_description":"","jetpack_seo_html_title":"","jetpack_seo_noindex":false},"pwb-brand":[467],"product_brand":[4767],"product_cat":[596,143],"product_tag":[],"class_list":{"0":"post-47853","1":"product","2":"type-product","3":"status-publish","4":"has-post-thumbnail","6":"pwb-brand-enzymedica","7":"product_brand-enzymedica","8":"product_cat-digestion","9":"product_cat-health-issues","10":"brand_woo-enzymedica","12":"first","13":"instock","14":"sale","15":"taxable","16":"shipping-taxable","17":"purchasable","18":"product-type-simple"},"jetpack_sharing_enabled":true,"brands":[{"id":467,"name":"Enzymedica","slug":"enzymedica"}],"_links":{"self":[{"href":"https:\/\/veganova.eu\/sl\/wp-json\/wp\/v2\/product\/47853","targetHints":{"allow":["GET"]}}],"collection":[{"href":"https:\/\/veganova.eu\/sl\/wp-json\/wp\/v2\/product"}],"about":[{"href":"https:\/\/veganova.eu\/sl\/wp-json\/wp\/v2\/types\/product"}],"replies":[{"embeddable":true,"href":"https:\/\/veganova.eu\/sl\/wp-json\/wp\/v2\/comments?post=47853"}],"version-history":[{"count":1,"href":"https:\/\/veganova.eu\/sl\/wp-json\/wp\/v2\/product\/47853\/revisions"}],"predecessor-version":[{"id":59260,"href":"https:\/\/veganova.eu\/sl\/wp-json\/wp\/v2\/product\/47853\/revisions\/59260"}],"wp:featuredmedia":[{"embeddable":true,"href":"https:\/\/veganova.eu\/sl\/wp-json\/wp\/v2\/media\/52186"}],"wp:attachment":[{"href":"https:\/\/veganova.eu\/sl\/wp-json\/wp\/v2\/media?parent=47853"}],"wp:term":[{"taxonomy":"pwb-brand","embeddable":true,"href":"https:\/\/veganova.eu\/sl\/wp-json\/wp\/v2\/pwb-brand?post=47853"},{"taxonomy":"product_brand","embeddable":true,"href":"https:\/\/veganova.eu\/sl\/wp-json\/wp\/v2\/product_brand?post=47853"},{"taxonomy":"product_cat","embeddable":true,"href":"https:\/\/veganova.eu\/sl\/wp-json\/wp\/v2\/product_cat?post=47853"},{"taxonomy":"product_tag","embeddable":true,"href":"https:\/\/veganova.eu\/sl\/wp-json\/wp\/v2\/product_tag?post=47853"}],"curies":[{"name":"wp","href":"https:\/\/api.w.org\/{rel}","templated":true}]}}