{"id":47859,"date":"2024-09-15T12:30:09","date_gmt":"2024-09-15T10:30:09","guid":{"rendered":"https:\/\/veganova.eu\/?post_type=product&#038;p=47859"},"modified":"2026-04-21T07:25:58","modified_gmt":"2026-04-21T05:25:58","slug":"enzymedica-digest-gold-with-atpro-120-caps","status":"publish","type":"product","link":"https:\/\/veganova.eu\/sl\/shop\/enzymedica-digest-gold-with-atpro-120-caps\/","title":{"rendered":"Enzymedica Digest Gold z ATPro - 120 kapsul"},"content":{"rendered":"<h3>Enzymedica Digest Gold z ATPro - 120 kapsul<\/h3>\n<p>Pomanjkanje encimov je lahko posledica kombinacije starosti, prehrane in na\u010dina \u017eivljenja. To pomanjkanje lahko povzro\u010di razli\u010dne prebavne te\u017eave, vklju\u010dno z ob\u010dasnimi plini, napihnjenostjo, prebavnimi motnjami in nerednostjo.<\/p>\n<p>Digest Gold je napredna formula, ki razgrajuje ogljikove hidrate, ma\u0161\u010dobe, vlaknine in beljakovine. Encimi v formuli Digest Gold podpirajo optimalno prebavo, saj pomagajo telesu absorbirati hranila in pretvoriti hrano v energijo. Dobro po\u010dutje pri prebavi izbolj\u0161a koncentracijo in pove\u010da vitalnost. Digest Gold je odli\u010dna izbira za posameznike, ki i\u0161\u010dejo encimsko formulo z visoko u\u010dinkovitostjo.<\/p>","protected":false},"excerpt":{"rendered":"<p>Enzymedica Digest Gold z ATPro podpira zdravo prebavo. Vsebnost: Vsebuje 120 vegetarijanskih kapsul. Certifikat: veganski, NON GSO.<\/p>","protected":false},"featured_media":52201,"comment_status":"closed","ping_status":"closed","template":"","meta":{"advanced_seo_description":"","jetpack_seo_html_title":"","jetpack_seo_noindex":false},"pwb-brand":[467],"product_brand":[4767],"product_cat":[596,143,2598,132],"product_tag":[],"class_list":{"0":"post-47859","1":"product","2":"type-product","3":"status-publish","4":"has-post-thumbnail","6":"pwb-brand-enzymedica","7":"product_brand-enzymedica","8":"product_cat-digestion","9":"product_cat-health-issues","10":"product_cat-recovery","11":"product_cat-sports-nutrition","12":"brand_woo-enzymedica","14":"first","15":"instock","16":"taxable","17":"shipping-taxable","18":"purchasable","19":"product-type-simple"},"jetpack_sharing_enabled":true,"brands":[{"id":467,"name":"Enzymedica","slug":"enzymedica"}],"_links":{"self":[{"href":"https:\/\/veganova.eu\/sl\/wp-json\/wp\/v2\/product\/47859","targetHints":{"allow":["GET"]}}],"collection":[{"href":"https:\/\/veganova.eu\/sl\/wp-json\/wp\/v2\/product"}],"about":[{"href":"https:\/\/veganova.eu\/sl\/wp-json\/wp\/v2\/types\/product"}],"replies":[{"embeddable":true,"href":"https:\/\/veganova.eu\/sl\/wp-json\/wp\/v2\/comments?post=47859"}],"version-history":[{"count":1,"href":"https:\/\/veganova.eu\/sl\/wp-json\/wp\/v2\/product\/47859\/revisions"}],"predecessor-version":[{"id":59263,"href":"https:\/\/veganova.eu\/sl\/wp-json\/wp\/v2\/product\/47859\/revisions\/59263"}],"wp:featuredmedia":[{"embeddable":true,"href":"https:\/\/veganova.eu\/sl\/wp-json\/wp\/v2\/media\/52201"}],"wp:attachment":[{"href":"https:\/\/veganova.eu\/sl\/wp-json\/wp\/v2\/media?parent=47859"}],"wp:term":[{"taxonomy":"pwb-brand","embeddable":true,"href":"https:\/\/veganova.eu\/sl\/wp-json\/wp\/v2\/pwb-brand?post=47859"},{"taxonomy":"product_brand","embeddable":true,"href":"https:\/\/veganova.eu\/sl\/wp-json\/wp\/v2\/product_brand?post=47859"},{"taxonomy":"product_cat","embeddable":true,"href":"https:\/\/veganova.eu\/sl\/wp-json\/wp\/v2\/product_cat?post=47859"},{"taxonomy":"product_tag","embeddable":true,"href":"https:\/\/veganova.eu\/sl\/wp-json\/wp\/v2\/product_tag?post=47859"}],"curies":[{"name":"wp","href":"https:\/\/api.w.org\/{rel}","templated":true}]}}