{"id":47985,"date":"2024-09-15T12:32:41","date_gmt":"2024-09-15T10:32:41","guid":{"rendered":"https:\/\/veganova.eu\/?post_type=product&#038;p=47985"},"modified":"2026-05-01T02:26:37","modified_gmt":"2026-05-01T00:26:37","slug":"swanson-magnesium-gummies-watermelon-120-gummies","status":"publish","type":"product","link":"https:\/\/veganova.eu\/sl\/shop\/swanson-magnesium-gummies-watermelon-120-gummies\/","title":{"rendered":"Swanson Magnezijevi gumiji, lubenica - 120 gumijev"},"content":{"rendered":"<h3>Swanson Magnezijevi gumiji, lubenica - 120 gumijev<\/h3>\n<p>Podpora pri stresu, mi\u0161icah in kosteh<br \/>\nVeganski<br \/>\nBrez glutena<br \/>\nBrez GSO<br \/>\nPrehransko dopolnilo<br \/>\nPodpira zdrav odziv na stres<br \/>\nBistveno za zdravje srca, kosti in mi\u0161ic<br \/>\nSpodbuja sprostitev uma in telesa<br \/>\nVegetarijanski<\/p>\n<p>Magnezij \u017ee desetletja zavzema pomembno mesto v programih za zdravje kosti, vendar je vedno bolj priljubljen tudi za spodbujanje du\u0161evne in telesne sprostitve. Za okusno spremembo tega bistvenega minerala poskusite Swanson Magnezijev citrat Gumijaste \u017eve\u010dilke. Ti veganski in brezglutenski gumiji vsebujejo 84 mg ne\u017enega magnezijevega citrata v vsakem gumiju s so\u010dnim okusom lubenice, ki bo zagotovo zadovoljil vsako paleto.<\/p>","protected":false},"excerpt":{"rendered":"<p>Swanson Magnezijevi gumiji podpirajo um in telo. Vsebina: Vsebuje 120 gumijastih bombonov. Certifikat: veganski, brez glutena, brez gmo.<\/p>","protected":false},"featured_media":52304,"comment_status":"closed","ping_status":"closed","template":"","meta":{"advanced_seo_description":"","jetpack_seo_html_title":"","jetpack_seo_noindex":false},"pwb-brand":[450],"product_brand":[4753],"product_cat":[172,2598,132,152],"product_tag":[],"class_list":{"0":"post-47985","1":"product","2":"type-product","3":"status-publish","4":"has-post-thumbnail","6":"pwb-brand-swanson","7":"product_brand-swanson","8":"product_cat-minerals","9":"product_cat-recovery","10":"product_cat-sports-nutrition","11":"product_cat-vitamins-and-minerals","12":"brand_woo-swanson","14":"first","15":"outofstock","16":"taxable","17":"shipping-taxable","18":"purchasable","19":"product-type-simple"},"jetpack_sharing_enabled":true,"brands":[{"id":450,"name":"Swanson","slug":"swanson"}],"_links":{"self":[{"href":"https:\/\/veganova.eu\/sl\/wp-json\/wp\/v2\/product\/47985","targetHints":{"allow":["GET"]}}],"collection":[{"href":"https:\/\/veganova.eu\/sl\/wp-json\/wp\/v2\/product"}],"about":[{"href":"https:\/\/veganova.eu\/sl\/wp-json\/wp\/v2\/types\/product"}],"replies":[{"embeddable":true,"href":"https:\/\/veganova.eu\/sl\/wp-json\/wp\/v2\/comments?post=47985"}],"version-history":[{"count":1,"href":"https:\/\/veganova.eu\/sl\/wp-json\/wp\/v2\/product\/47985\/revisions"}],"predecessor-version":[{"id":59313,"href":"https:\/\/veganova.eu\/sl\/wp-json\/wp\/v2\/product\/47985\/revisions\/59313"}],"wp:featuredmedia":[{"embeddable":true,"href":"https:\/\/veganova.eu\/sl\/wp-json\/wp\/v2\/media\/52304"}],"wp:attachment":[{"href":"https:\/\/veganova.eu\/sl\/wp-json\/wp\/v2\/media?parent=47985"}],"wp:term":[{"taxonomy":"pwb-brand","embeddable":true,"href":"https:\/\/veganova.eu\/sl\/wp-json\/wp\/v2\/pwb-brand?post=47985"},{"taxonomy":"product_brand","embeddable":true,"href":"https:\/\/veganova.eu\/sl\/wp-json\/wp\/v2\/product_brand?post=47985"},{"taxonomy":"product_cat","embeddable":true,"href":"https:\/\/veganova.eu\/sl\/wp-json\/wp\/v2\/product_cat?post=47985"},{"taxonomy":"product_tag","embeddable":true,"href":"https:\/\/veganova.eu\/sl\/wp-json\/wp\/v2\/product_tag?post=47985"}],"curies":[{"name":"wp","href":"https:\/\/api.w.org\/{rel}","templated":true}]}}