{"id":48121,"date":"2024-09-15T12:35:04","date_gmt":"2024-09-15T10:35:04","guid":{"rendered":"https:\/\/veganova.eu\/?post_type=product&#038;p=48121"},"modified":"2026-04-21T07:26:08","modified_gmt":"2026-04-21T05:26:08","slug":"jarrow-formulas-same-200-20-tabs","status":"publish","type":"product","link":"https:\/\/veganova.eu\/sl\/shop\/jarrow-formulas-same-200-20-tabs\/","title":{"rendered":"Jarrow Formulas SAMe 200 - 20 tablet"},"content":{"rendered":"<h3>Jarrow Formulas SAMe 200 - 20 tablet<\/h3>\n<p>Jarrow Formulas SAMe 200 zagotavlja polnih 200 mg SAMe (neto izkoristek) iz 400 mg SAMe tosilat disulfata. SAMe 200 je proizveden pri nizki temperaturi in vlagi ter je prevle\u010den z enteri\u010dnim premazom, kar zagotavlja biolo\u0161ko aktiven izdelek.<\/p>\n<p>Z ve\u010d biolo\u0161ko aktivnega S,S kot R,S<br \/>\nSAMe je presnovek metionina (esencialne aminokisline), ki ga najdemo v vseh \u017eivih celicah. SAMe je kiralna molekula, sestavljena iz dveh oblik: (S,S) SAMe in (R,S) SAMe. Biolo\u0161ko aktivna oblika je struktura (S,S), medtem ko je struktura (R,S) biolo\u0161ko neaktivna. Jarrow Formulas SAMe je izdelan z mikrobiolo\u0161ko fermentacijo in nato predelan brez kemi\u010dnih topil, da se ohrani 68-80% (S,S) SAMe.<\/p>\n<p>SAMe podpira:<\/p>\n<p>Mo\u017eganski metabolizem in razpolo\u017eenje*<br \/>\nReakcije metilacije SAMe sodelujejo pri sintezi fosfatidilholina, ki je pomembna sestavina sive snovi v mo\u017eganih in celi\u010dnih membran.* Predlagano je bilo tudi, da je vklju\u010den v<br \/>\npri nastajanju ali presnovi nevrotransmiterjev, kar prispeva k<br \/>\npodpirajo uravnote\u017eeno razpolo\u017eenje.*<\/p>\n<p>Zdravje sklepov*<br \/>\nSAMe podpira nastajanje zdravega vezivnega tkiva s transsulfuracijo.* V tem procesu transsulfuracije se klju\u010dne sestavine vezivnega tkiva, znane kot glikozaminoglikani (GAG), vklju\u010dno z glukozaminom in hondroitinom, sulfatirajo z metaboliti SAMe, da nastanejo sulfatirani GAG, kot sta glukozamin sulfat in hondroitin sulfat, ki sta gradnika hrustanca.*<\/p>\n<p>Delovanje jeter*<br \/>\nSAMe podpira sintezo glutationa (GSH), ki je klju\u010dnega pomena za antioksidativno za\u0161\u010dito in delovanje jeter, vklju\u010dno z razstrupljanjem v drugi fazi.*<\/p>\n<p>Jarrow Formulas SAMe 200 je pakiran v folijo v blistrih, da je \u010dim bolj stabilen, in vsebuje 200 mg S-adenozil metionina, pridobljenega iz 400 mg disulfata tozilata SAMe.<\/p>","protected":false},"excerpt":{"rendered":"<p>Jarrow Formulas SAMe 200 podpira zdrava jetra, sklepe in izbolj\u0161uje razpolo\u017eenje. Vsebnost: Vsebuje 20 tablet. Certifikat: brez glutena, veganski.<\/p>","protected":false},"featured_media":51903,"comment_status":"closed","ping_status":"closed","template":"","meta":{"advanced_seo_description":"","jetpack_seo_html_title":"","jetpack_seo_noindex":false},"pwb-brand":[165],"product_brand":[4572],"product_cat":[2593,286,143,2591,152],"product_tag":[],"class_list":{"0":"post-48121","1":"product","2":"type-product","3":"status-publish","4":"has-post-thumbnail","6":"pwb-brand-jarrow-formulas","7":"product_brand-jarrow-formulas","8":"product_cat-antioxidants","9":"product_cat-for-a-better-mood","10":"product_cat-health-issues","11":"product_cat-liver","12":"product_cat-vitamins-and-minerals","13":"brand_woo-jarrow-formulas","15":"first","16":"outofstock","17":"taxable","18":"shipping-taxable","19":"purchasable","20":"product-type-simple"},"jetpack_sharing_enabled":true,"brands":[{"id":165,"name":"Jarrow Formulas","slug":"jarrow-formulas"}],"_links":{"self":[{"href":"https:\/\/veganova.eu\/sl\/wp-json\/wp\/v2\/product\/48121","targetHints":{"allow":["GET"]}}],"collection":[{"href":"https:\/\/veganova.eu\/sl\/wp-json\/wp\/v2\/product"}],"about":[{"href":"https:\/\/veganova.eu\/sl\/wp-json\/wp\/v2\/types\/product"}],"replies":[{"embeddable":true,"href":"https:\/\/veganova.eu\/sl\/wp-json\/wp\/v2\/comments?post=48121"}],"version-history":[{"count":1,"href":"https:\/\/veganova.eu\/sl\/wp-json\/wp\/v2\/product\/48121\/revisions"}],"predecessor-version":[{"id":59357,"href":"https:\/\/veganova.eu\/sl\/wp-json\/wp\/v2\/product\/48121\/revisions\/59357"}],"wp:featuredmedia":[{"embeddable":true,"href":"https:\/\/veganova.eu\/sl\/wp-json\/wp\/v2\/media\/51903"}],"wp:attachment":[{"href":"https:\/\/veganova.eu\/sl\/wp-json\/wp\/v2\/media?parent=48121"}],"wp:term":[{"taxonomy":"pwb-brand","embeddable":true,"href":"https:\/\/veganova.eu\/sl\/wp-json\/wp\/v2\/pwb-brand?post=48121"},{"taxonomy":"product_brand","embeddable":true,"href":"https:\/\/veganova.eu\/sl\/wp-json\/wp\/v2\/product_brand?post=48121"},{"taxonomy":"product_cat","embeddable":true,"href":"https:\/\/veganova.eu\/sl\/wp-json\/wp\/v2\/product_cat?post=48121"},{"taxonomy":"product_tag","embeddable":true,"href":"https:\/\/veganova.eu\/sl\/wp-json\/wp\/v2\/product_tag?post=48121"}],"curies":[{"name":"wp","href":"https:\/\/api.w.org\/{rel}","templated":true}]}}