{"id":48129,"date":"2024-09-15T12:35:12","date_gmt":"2024-09-15T10:35:12","guid":{"rendered":"https:\/\/veganova.eu\/?post_type=product&#038;p=48129"},"modified":"2026-04-27T02:22:34","modified_gmt":"2026-04-27T00:22:34","slug":"applied-nutrition-sex-bomb-for-him-120-caps-ean-5056555205310","status":"publish","type":"product","link":"https:\/\/veganova.eu\/sl\/shop\/applied-nutrition-sex-bomb-for-him-120-caps-ean-5056555205310\/","title":{"rendered":"Applied Nutrition Sex Bomb za njega - 120 kapsul"},"content":{"rendered":"<h3>Applied Nutrition Sex Bomb za njega - 120 kapsul<\/h3>\n<ul>\n<li>SEX ACTIVATOR<\/li>\n<li>PREHRANSKO DOPOLNILO<\/li>\n<li>ZELENJAVNE KAPSULE<\/li>\n<\/ul>\n<p>Sex Bomb je aktivni dodatek za pove\u010danje libida za mo\u0161ke, ki poskrbi za hitrej\u0161e spolno vzburjenje in pove\u010da ob\u010dutljivost zaradi izbolj\u0161anega pretoka krvi.<\/p>\n<p><span style=\"text-decoration: underline;\">KLJU\u010cNE PREDNOSTI:<\/span><br \/>\n- Halal certificiran izdelek.<br \/>\n- Spodbuja mo\u0161ko spolno zdravje.<br \/>\n- Pove\u010dajte spolni nagon.<br \/>\n- Plant Based Veggie Shell je primeren za potro\u0161nike s prehranskimi, verskimi ali kulturnimi omejitvami.<\/p>","protected":false},"excerpt":{"rendered":"<p>Applied Nutrition Sex Bomb For Him podpira zdrav libido. Vsebina: Vsebuje 120 kapsul. Certifikat: veganski, brez glutena, brez gmo.<\/p>","protected":false},"featured_media":52195,"comment_status":"closed","ping_status":"closed","template":"","meta":{"advanced_seo_description":"","jetpack_seo_html_title":"","jetpack_seo_noindex":false},"pwb-brand":[202],"product_brand":[4592],"product_cat":[768,321],"product_tag":[],"class_list":{"0":"post-48129","1":"product","2":"type-product","3":"status-publish","4":"has-post-thumbnail","6":"pwb-brand-applied-nutrition","7":"product_brand-applied-nutrition","8":"product_cat-gender-age-type","9":"product_cat-for-men","10":"brand_woo-applied-nutrition","12":"first","13":"instock","14":"taxable","15":"shipping-taxable","16":"purchasable","17":"product-type-simple"},"jetpack_sharing_enabled":true,"brands":[{"id":202,"name":"Uporabna prehrana","slug":"applied-nutrition"}],"_links":{"self":[{"href":"https:\/\/veganova.eu\/sl\/wp-json\/wp\/v2\/product\/48129","targetHints":{"allow":["GET"]}}],"collection":[{"href":"https:\/\/veganova.eu\/sl\/wp-json\/wp\/v2\/product"}],"about":[{"href":"https:\/\/veganova.eu\/sl\/wp-json\/wp\/v2\/types\/product"}],"replies":[{"embeddable":true,"href":"https:\/\/veganova.eu\/sl\/wp-json\/wp\/v2\/comments?post=48129"}],"version-history":[{"count":1,"href":"https:\/\/veganova.eu\/sl\/wp-json\/wp\/v2\/product\/48129\/revisions"}],"predecessor-version":[{"id":59360,"href":"https:\/\/veganova.eu\/sl\/wp-json\/wp\/v2\/product\/48129\/revisions\/59360"}],"wp:featuredmedia":[{"embeddable":true,"href":"https:\/\/veganova.eu\/sl\/wp-json\/wp\/v2\/media\/52195"}],"wp:attachment":[{"href":"https:\/\/veganova.eu\/sl\/wp-json\/wp\/v2\/media?parent=48129"}],"wp:term":[{"taxonomy":"pwb-brand","embeddable":true,"href":"https:\/\/veganova.eu\/sl\/wp-json\/wp\/v2\/pwb-brand?post=48129"},{"taxonomy":"product_brand","embeddable":true,"href":"https:\/\/veganova.eu\/sl\/wp-json\/wp\/v2\/product_brand?post=48129"},{"taxonomy":"product_cat","embeddable":true,"href":"https:\/\/veganova.eu\/sl\/wp-json\/wp\/v2\/product_cat?post=48129"},{"taxonomy":"product_tag","embeddable":true,"href":"https:\/\/veganova.eu\/sl\/wp-json\/wp\/v2\/product_tag?post=48129"}],"curies":[{"name":"wp","href":"https:\/\/api.w.org\/{rel}","templated":true}]}}