{"id":5167,"date":"2023-10-01T17:09:07","date_gmt":"2023-10-01T15:09:07","guid":{"rendered":"https:\/\/veganova.eu\/?post_type=product&#038;p=5167"},"modified":"2026-04-21T07:24:37","modified_gmt":"2026-04-21T05:24:37","slug":"life-extension-melatonin-3mg-60-kaps","status":"publish","type":"product","link":"https:\/\/veganova.eu\/sl\/shop\/life-extension-melatonin-3mg-60-kaps\/","title":{"rendered":"Life Extension Melatonin, 3 mg (60 kapsul)"},"content":{"rendered":"<h3>Life Extension Melatonin, 3 mg (60 kapsul)<\/h3>\n<p>Kaj je melatonin?<br \/>\nMelatonin je hormon, ki izhaja iz aminokisline triptofan. Melatonin se sintetizira predvsem v epifizi in se spro\u0161\u010da predvsem pono\u010di, da bi olaj\u0161al zaspanje. Poleg podpore zdravemu spanju lahko melatonin pomaga zavirati oksidativni stres in tako spodbuja zdravo delovanje mo\u017eganov, imunskega sistema in \u0161e ve\u010d.<\/p>\n<p>Melatonin pove\u010duje hitrost zaspanosti in prispeva h kakovosti spanja. Poleg tega nudi mo\u010dno za\u0161\u010dito pred prostimi radikali.<\/p>\n<p>Prednosti melatonina<br \/>\n- Spodbuja miren spanec<br \/>\n- Pomaga podpirati cirkadiane ritme in delovanje imunskega sistema<br \/>\n- Spodbuja zdravje celi\u010dne DNK<br \/>\n- Pomaga zavirati oksidativni stres in \u0161\u010diti pred prostimi radikali<\/p>\n<p>Za ob\u010dasno nespe\u010dnost.<\/p>","protected":false},"excerpt":{"rendered":"<p>Vegetarijansko prehransko dopolnilo z melatoninom Life Extension Melatonin, 3 mg, za kakovosten in miren spanec. Pakiranje vsebuje: 60 kapsul. Brez glutena.<\/p>","protected":false},"featured_media":52963,"comment_status":"closed","ping_status":"closed","template":"","meta":{"advanced_seo_description":"","jetpack_seo_html_title":"","jetpack_seo_noindex":false},"pwb-brand":[168],"product_brand":[4575],"product_cat":[152],"product_tag":[1146,1240,1161,1148],"class_list":{"0":"post-5167","1":"product","2":"type-product","3":"status-publish","4":"has-post-thumbnail","6":"pwb-brand-life-extension","7":"product_brand-life-extension","8":"product_cat-vitamins-and-minerals","9":"product_tag-good-mood","10":"product_tag-healthy-sleep","11":"product_tag-quality-sleep","12":"product_tag-sleep","13":"brand_woo-life-extension","15":"first","16":"instock","17":"taxable","18":"shipping-taxable","19":"purchasable","20":"product-type-simple"},"jetpack_sharing_enabled":true,"brands":[{"id":168,"name":"Raz\u0161iritev \u017eivljenja","slug":"life-extension"}],"_links":{"self":[{"href":"https:\/\/veganova.eu\/sl\/wp-json\/wp\/v2\/product\/5167","targetHints":{"allow":["GET"]}}],"collection":[{"href":"https:\/\/veganova.eu\/sl\/wp-json\/wp\/v2\/product"}],"about":[{"href":"https:\/\/veganova.eu\/sl\/wp-json\/wp\/v2\/types\/product"}],"replies":[{"embeddable":true,"href":"https:\/\/veganova.eu\/sl\/wp-json\/wp\/v2\/comments?post=5167"}],"version-history":[{"count":1,"href":"https:\/\/veganova.eu\/sl\/wp-json\/wp\/v2\/product\/5167\/revisions"}],"predecessor-version":[{"id":58277,"href":"https:\/\/veganova.eu\/sl\/wp-json\/wp\/v2\/product\/5167\/revisions\/58277"}],"wp:featuredmedia":[{"embeddable":true,"href":"https:\/\/veganova.eu\/sl\/wp-json\/wp\/v2\/media\/52963"}],"wp:attachment":[{"href":"https:\/\/veganova.eu\/sl\/wp-json\/wp\/v2\/media?parent=5167"}],"wp:term":[{"taxonomy":"pwb-brand","embeddable":true,"href":"https:\/\/veganova.eu\/sl\/wp-json\/wp\/v2\/pwb-brand?post=5167"},{"taxonomy":"product_brand","embeddable":true,"href":"https:\/\/veganova.eu\/sl\/wp-json\/wp\/v2\/product_brand?post=5167"},{"taxonomy":"product_cat","embeddable":true,"href":"https:\/\/veganova.eu\/sl\/wp-json\/wp\/v2\/product_cat?post=5167"},{"taxonomy":"product_tag","embeddable":true,"href":"https:\/\/veganova.eu\/sl\/wp-json\/wp\/v2\/product_tag?post=5167"}],"curies":[{"name":"wp","href":"https:\/\/api.w.org\/{rel}","templated":true}]}}