{"id":5202,"date":"2023-10-01T17:09:24","date_gmt":"2023-10-01T15:09:24","guid":{"rendered":"https:\/\/veganova.eu\/?post_type=product&#038;p=5202"},"modified":"2026-04-21T07:24:39","modified_gmt":"2026-04-21T05:24:39","slug":"now-foods-cholesterol-pro-120-tab","status":"publish","type":"product","link":"https:\/\/veganova.eu\/sl\/shop\/now-foods-cholesterol-pro-120-tab\/","title":{"rendered":"NOW Foods Cholesterol Pro (120 tab)"},"content":{"rendered":"<h3>NOW Foods Cholesterol Pro<\/h3>\n<ul>\n<li>Podpira zdravo raven holesterola, ki je \u017ee v mejah normale.<\/li>\n<li>Z Bergamontom.<\/li>\n<li>Cholesterol Pro je kombinacija dveh edinstvenih sestavin, za kateri je bilo klini\u010dno dokazano, da pomagata vzdr\u017eevati raven serumskih lipidov, ki je \u017ee v zdravem obmo\u010dju.<\/li>\n<li>Bergamonte je standardiziran polifenolni izvle\u010dek, ki lahko pripomore k zdravju srca in o\u017eilja ter pravilnemu uravnavanju krvnega sladkorja.<\/li>\n<li>CardioAid, kombinacija rastlinskih sterolov, prav tako dokazano pomaga vzdr\u017eevati zdravo raven holesterola v mejah normale.<\/li>\n<\/ul>","protected":false},"excerpt":{"rendered":"<p>Vegansko prehransko dopolnilo NOW Foods Cholesterol Pro za zdravo raven holesterola v krvi, paket vsebuje: 120 tablet. Brez glutena.<\/p>","protected":false},"featured_media":51529,"comment_status":"closed","ping_status":"closed","template":"","meta":{"advanced_seo_description":"","jetpack_seo_html_title":"","jetpack_seo_noindex":false},"pwb-brand":[173],"product_brand":[4580],"product_cat":[294,143,289],"product_tag":[1040],"class_list":{"0":"post-5202","1":"product","2":"type-product","3":"status-publish","4":"has-post-thumbnail","6":"pwb-brand-now-foods","7":"product_brand-now-foods","8":"product_cat-for-seniors","9":"product_cat-health-issues","10":"product_cat-heart-and-blood-vessels","11":"product_tag-cholesterol","12":"brand_woo-now-foods","14":"first","15":"outofstock","16":"taxable","17":"shipping-taxable","18":"purchasable","19":"product-type-simple"},"jetpack_sharing_enabled":true,"brands":[{"id":173,"name":"NOW Foods","slug":"now-foods"}],"_links":{"self":[{"href":"https:\/\/veganova.eu\/sl\/wp-json\/wp\/v2\/product\/5202","targetHints":{"allow":["GET"]}}],"collection":[{"href":"https:\/\/veganova.eu\/sl\/wp-json\/wp\/v2\/product"}],"about":[{"href":"https:\/\/veganova.eu\/sl\/wp-json\/wp\/v2\/types\/product"}],"replies":[{"embeddable":true,"href":"https:\/\/veganova.eu\/sl\/wp-json\/wp\/v2\/comments?post=5202"}],"version-history":[{"count":1,"href":"https:\/\/veganova.eu\/sl\/wp-json\/wp\/v2\/product\/5202\/revisions"}],"predecessor-version":[{"id":58310,"href":"https:\/\/veganova.eu\/sl\/wp-json\/wp\/v2\/product\/5202\/revisions\/58310"}],"wp:featuredmedia":[{"embeddable":true,"href":"https:\/\/veganova.eu\/sl\/wp-json\/wp\/v2\/media\/51529"}],"wp:attachment":[{"href":"https:\/\/veganova.eu\/sl\/wp-json\/wp\/v2\/media?parent=5202"}],"wp:term":[{"taxonomy":"pwb-brand","embeddable":true,"href":"https:\/\/veganova.eu\/sl\/wp-json\/wp\/v2\/pwb-brand?post=5202"},{"taxonomy":"product_brand","embeddable":true,"href":"https:\/\/veganova.eu\/sl\/wp-json\/wp\/v2\/product_brand?post=5202"},{"taxonomy":"product_cat","embeddable":true,"href":"https:\/\/veganova.eu\/sl\/wp-json\/wp\/v2\/product_cat?post=5202"},{"taxonomy":"product_tag","embeddable":true,"href":"https:\/\/veganova.eu\/sl\/wp-json\/wp\/v2\/product_tag?post=5202"}],"curies":[{"name":"wp","href":"https:\/\/api.w.org\/{rel}","templated":true}]}}