{"id":5318,"date":"2023-10-01T17:10:24","date_gmt":"2023-10-01T15:10:24","guid":{"rendered":"https:\/\/veganova.eu\/?post_type=product&#038;p=5318"},"modified":"2026-04-21T07:24:47","modified_gmt":"2026-04-21T05:24:47","slug":"swanson-bergamot-extract-500mg-30-kaps","status":"publish","type":"product","link":"https:\/\/veganova.eu\/sl\/shop\/swanson-bergamot-extract-500mg-30-kaps\/","title":{"rendered":"Swanson Bergamot Extract, 500 mg (30 kapsul)"},"content":{"rendered":"<h3>Swanson Bergamot Extract, 500 mg (30 kapsul)<\/h3>\n<p>Spodbuja zdravo raven holesterola<br \/>\nVe\u010ddimenzionalna podpora za zdravje srca in o\u017eilja<br \/>\nOhranja zdravje in elasti\u010dnost arterij<br \/>\nPodpira zdravo raven CoQ10<\/p>\n<p>Bergamotka je majhen, di\u0161e\u010d agrum, podoben pomaran\u010di, vendar po barvi bolj podoben limoni. \u010ceprav velja za neu\u017eitnega zaradi kisle grenkobe, je zelo iskan zaradi eteri\u010dnega olja, ki ga \u017ee stoletja uporabljajo parfumerji, kuharji (olje se uporablja za dodajanje vonja in okusa) in tradicionalni zeli\u0161\u010darji. Nedavni napredek v zdravstvenih raziskavah omogo\u010da nove mo\u017enosti uporabe bergamotkinega olja, ki vsebuje biolo\u0161ko aktivne flavonoide. Izvle\u010dek bergamotke Swanson Superior Herbs dodajte svojemu prehranskemu re\u017eimu za celosten pristop k vzdr\u017eevanju holesterola.<\/p>","protected":false},"excerpt":{"rendered":"<p>Vegetarijansko prehransko dopolnilo Swanson Bergamot Extract, 500 mg je idealno za zdravo raven holesterola in koencima Q10 ter za podporo srca in o\u017eilja. Pakiranje vsebuje: 30 kapsul.<\/p>","protected":false},"featured_media":52929,"comment_status":"closed","ping_status":"closed","template":"","meta":{"advanced_seo_description":"","jetpack_seo_html_title":"","jetpack_seo_noindex":false},"pwb-brand":[450],"product_brand":[4753],"product_cat":[289,149],"product_tag":[1159,1241,1040,1158,1153],"class_list":{"0":"post-5318","1":"product","2":"type-product","3":"status-publish","4":"has-post-thumbnail","6":"pwb-brand-swanson","7":"product_brand-swanson","8":"product_cat-heart-and-blood-vessels","9":"product_cat-superfoods","10":"product_tag-aging","11":"product_tag-cardiovascular-system","12":"product_tag-cholesterol","13":"product_tag-heart","14":"product_tag-vessels","15":"brand_woo-swanson","17":"first","18":"instock","19":"taxable","20":"shipping-taxable","21":"purchasable","22":"product-type-simple"},"jetpack_sharing_enabled":true,"brands":[{"id":450,"name":"Swanson","slug":"swanson"}],"_links":{"self":[{"href":"https:\/\/veganova.eu\/sl\/wp-json\/wp\/v2\/product\/5318","targetHints":{"allow":["GET"]}}],"collection":[{"href":"https:\/\/veganova.eu\/sl\/wp-json\/wp\/v2\/product"}],"about":[{"href":"https:\/\/veganova.eu\/sl\/wp-json\/wp\/v2\/types\/product"}],"replies":[{"embeddable":true,"href":"https:\/\/veganova.eu\/sl\/wp-json\/wp\/v2\/comments?post=5318"}],"version-history":[{"count":1,"href":"https:\/\/veganova.eu\/sl\/wp-json\/wp\/v2\/product\/5318\/revisions"}],"predecessor-version":[{"id":58416,"href":"https:\/\/veganova.eu\/sl\/wp-json\/wp\/v2\/product\/5318\/revisions\/58416"}],"wp:featuredmedia":[{"embeddable":true,"href":"https:\/\/veganova.eu\/sl\/wp-json\/wp\/v2\/media\/52929"}],"wp:attachment":[{"href":"https:\/\/veganova.eu\/sl\/wp-json\/wp\/v2\/media?parent=5318"}],"wp:term":[{"taxonomy":"pwb-brand","embeddable":true,"href":"https:\/\/veganova.eu\/sl\/wp-json\/wp\/v2\/pwb-brand?post=5318"},{"taxonomy":"product_brand","embeddable":true,"href":"https:\/\/veganova.eu\/sl\/wp-json\/wp\/v2\/product_brand?post=5318"},{"taxonomy":"product_cat","embeddable":true,"href":"https:\/\/veganova.eu\/sl\/wp-json\/wp\/v2\/product_cat?post=5318"},{"taxonomy":"product_tag","embeddable":true,"href":"https:\/\/veganova.eu\/sl\/wp-json\/wp\/v2\/product_tag?post=5318"}],"curies":[{"name":"wp","href":"https:\/\/api.w.org\/{rel}","templated":true}]}}