{"id":8390,"date":"2023-10-01T17:09:50","date_gmt":"2023-10-01T15:09:50","guid":{"rendered":"https:\/\/veganova.eu\/?post_type=product&#038;p=8390"},"modified":"2026-04-21T07:25:00","modified_gmt":"2026-04-21T05:25:00","slug":"san-rawfusion-vanilla-bean-933g","status":"publish","type":"product","link":"https:\/\/veganova.eu\/sl\/shop\/san-rawfusion-vanilla-bean-933g\/","title":{"rendered":"SAN RawFusion, Vanilla Bean (933g)"},"content":{"rendered":"<h3>SAN RawFusion<\/h3>\n<ul>\n<li>Nova generacija rastlinskih beljakovin<\/li>\n<li>Ve\u010d kot leto dni intenzivnih raziskav in razvoja tehnologij hladnega iztiskanja je privedlo do neprekosljive, vegansko odobrene beljakovinske formule dru\u017ebe SAN.<\/li>\n<li>RAWFUSION ni le vir rastlinskih beljakovin, ki ni preverjen s projektom GSO, temve\u010d tudi vsebuje kar 21 gramov na\u0161ih biofermentiranih beljakovin na odmerek, zato je idealen za vsakogar.<\/li>\n<li>Ekskluzivna me\u0161anica izolata grahovih beljakovin, koncentrata beljakovin iz kaljenega rjavega ri\u017ea, koncentrata beljakovin arti\u010doke in matrice son\u010dni\u010dnega olja, bogate z EFA, zagotavlja to patentirano formulo, ki je idealna za vegane in je visokobeljakovinska, razumna izbira tudi za nevegane.<\/li>\n<li>Z ve\u010d kot 4,5 grama BCAA na odmerek aminokislinski profil izdelka RAWFUSION dosega aminokislinski profil mle\u010dnih beljakovin, vendar brez pomanjkljivosti mle\u010dnih ali \u017eivalskih beljakovin.<\/li>\n<\/ul>","protected":false},"excerpt":{"rendered":"<p>Vegansko prehransko dopolnilo z rastlinskimi beljakovinami in aminokislinami SAN RawFusion je me\u0161anica graha, rjavega ri\u017ea, arti\u010dok in son\u010dni\u010dnega olja. Vsebuje 21 g beljakovin in 4,5 g BCAA na odmerek. Okus: Vsebuje: 1: 933g. Brez glutena, brez GSO.<\/p>","protected":false},"featured_media":51538,"comment_status":"closed","ping_status":"closed","template":"","meta":{"advanced_seo_description":"","jetpack_seo_html_title":"","jetpack_seo_noindex":false},"pwb-brand":[431],"product_brand":[4740],"product_cat":[132,133],"product_tag":[1445,1378,1443],"class_list":{"0":"post-8390","1":"product","2":"type-product","3":"status-publish","4":"has-post-thumbnail","6":"pwb-brand-san","7":"product_brand-san","8":"product_cat-sports-nutrition","9":"product_cat-vegan-proteins","10":"product_tag-protein-for-men","11":"product_tag-protein-with-amino-acids","12":"product_tag-vegetable-protein","13":"brand_woo-san","15":"first","16":"instock","17":"sale","18":"taxable","19":"shipping-taxable","20":"purchasable","21":"product-type-simple"},"jetpack_sharing_enabled":true,"brands":[{"id":431,"name":"SAN","slug":"san"}],"_links":{"self":[{"href":"https:\/\/veganova.eu\/sl\/wp-json\/wp\/v2\/product\/8390","targetHints":{"allow":["GET"]}}],"collection":[{"href":"https:\/\/veganova.eu\/sl\/wp-json\/wp\/v2\/product"}],"about":[{"href":"https:\/\/veganova.eu\/sl\/wp-json\/wp\/v2\/types\/product"}],"replies":[{"embeddable":true,"href":"https:\/\/veganova.eu\/sl\/wp-json\/wp\/v2\/comments?post=8390"}],"version-history":[{"count":1,"href":"https:\/\/veganova.eu\/sl\/wp-json\/wp\/v2\/product\/8390\/revisions"}],"predecessor-version":[{"id":58593,"href":"https:\/\/veganova.eu\/sl\/wp-json\/wp\/v2\/product\/8390\/revisions\/58593"}],"wp:featuredmedia":[{"embeddable":true,"href":"https:\/\/veganova.eu\/sl\/wp-json\/wp\/v2\/media\/51538"}],"wp:attachment":[{"href":"https:\/\/veganova.eu\/sl\/wp-json\/wp\/v2\/media?parent=8390"}],"wp:term":[{"taxonomy":"pwb-brand","embeddable":true,"href":"https:\/\/veganova.eu\/sl\/wp-json\/wp\/v2\/pwb-brand?post=8390"},{"taxonomy":"product_brand","embeddable":true,"href":"https:\/\/veganova.eu\/sl\/wp-json\/wp\/v2\/product_brand?post=8390"},{"taxonomy":"product_cat","embeddable":true,"href":"https:\/\/veganova.eu\/sl\/wp-json\/wp\/v2\/product_cat?post=8390"},{"taxonomy":"product_tag","embeddable":true,"href":"https:\/\/veganova.eu\/sl\/wp-json\/wp\/v2\/product_tag?post=8390"}],"curies":[{"name":"wp","href":"https:\/\/api.w.org\/{rel}","templated":true}]}}