{"id":8722,"date":"2023-10-01T17:12:21","date_gmt":"2023-10-01T15:12:21","guid":{"rendered":"https:\/\/veganova.eu\/?post_type=product&#038;p=8722"},"modified":"2026-04-21T07:25:04","modified_gmt":"2026-04-21T05:25:04","slug":"natural-vitality-calm-magnesium-powder-cherry-226g","status":"publish","type":"product","link":"https:\/\/veganova.eu\/sl\/shop\/natural-vitality-calm-magnesium-powder-cherry-226g\/","title":{"rendered":"Natural Vitality Calm Magnezij v prahu, \u010de\u0161nja - 226g"},"content":{"rendered":"<h3>Natural Vitality Calm Magnezij v prahu, \u010de\u0161nja - 226g<\/h3>\n<p>We LOVE magnesium for the mood benefits. But the fact is, magnesium is essential for over 300 processes in the body, yet most of us don\u2019t get enough of it. So even if you\u2019re sipping for serenity, know that you\u2019re doing so much more for your well-being.<\/p>\n<p>URAVNOTE\u017dENO RAZPOLO\u017dENJE<br \/>\nNa\u0161a najljub\u0161a prednost magnezija je seveda ta, da dobro podpira uravnote\u017eeno razpolo\u017eenje in zdravo odzivanje na stres. Poleg tega zmanj\u0161uje napetost in pomaga pri spro\u0161\u010danju.*<\/p>\n<p>NIGHTTIME RELAXATION<br \/>\nMagnesium helps ease tension so you can relax for a good night\u2019s sleep.*<\/p>\n<p>DELOVANJE MI\u0160IC<br \/>\nWhen we say magnesium is an essential mineral, we mean it. Your muscles need it in order to contract and relax. The means the more active you are, the more you need it to help support healthy muscle function.*<\/p>\n<p>BRAIN &amp; NERVOUS SYSTEM FUNCTION<br \/>\nMagnesium protects the lining of your nerves and helps your nerves talk to each other. Ultimately, this supports healthy overall nerve and brain function.*<\/p>\n<p>ZDRAVJE SRCA IN O\u017dILJA<br \/>\n\u0160e en razlog za ljubezen do magnezija? Va\u0161e srce. Ne le da pomaga vzdr\u017eevati zdravo raven krvnega tlaka, temve\u010d je potreben tudi za normalno kr\u010denje srca.*<\/p>\n<p>GOSTOTA KOSTI<br \/>\nZ vzdr\u017eevanjem dnevne koli\u010dine magnezija ohranjate zdrave kosti. \u010ce ga ne zau\u017eijete dovolj, lahko to vpliva na sposobnost telesa, da absorbira kalcij in vitamin D.*<\/p>","protected":false},"excerpt":{"rendered":"<p>Vegan nutritional supplement in the form of Natural Vitality Calm powder containing magnesium, is ideal for healthy sleep, good mood, proper function of muscles, brain, nervous system, healthy heart and strong bones. Flavor: Cherry. Package contents: 226g.<\/p>","protected":false},"featured_media":52786,"comment_status":"closed","ping_status":"closed","template":"","meta":{"advanced_seo_description":"","jetpack_seo_html_title":"","jetpack_seo_noindex":false},"pwb-brand":[422],"product_brand":[4732],"product_cat":[286,143],"product_tag":[1146,1158,1208,1197,1079,1229],"class_list":{"0":"post-8722","1":"product","2":"type-product","3":"status-publish","4":"has-post-thumbnail","6":"pwb-brand-natural-vitality","7":"product_brand-natural-vitality","8":"product_cat-for-a-better-mood","9":"product_cat-health-issues","10":"product_tag-good-mood","11":"product_tag-heart","12":"product_tag-muscles","13":"product_tag-regeneration","14":"product_tag-relaxation","15":"product_tag-wellness","16":"brand_woo-natural-vitality","18":"first","19":"outofstock","20":"sale","21":"taxable","22":"shipping-taxable","23":"purchasable","24":"product-type-simple"},"jetpack_sharing_enabled":true,"brands":[{"id":422,"name":"Naravna vitalnost","slug":"natural-vitality"}],"_links":{"self":[{"href":"https:\/\/veganova.eu\/sl\/wp-json\/wp\/v2\/product\/8722","targetHints":{"allow":["GET"]}}],"collection":[{"href":"https:\/\/veganova.eu\/sl\/wp-json\/wp\/v2\/product"}],"about":[{"href":"https:\/\/veganova.eu\/sl\/wp-json\/wp\/v2\/types\/product"}],"replies":[{"embeddable":true,"href":"https:\/\/veganova.eu\/sl\/wp-json\/wp\/v2\/comments?post=8722"}],"version-history":[{"count":1,"href":"https:\/\/veganova.eu\/sl\/wp-json\/wp\/v2\/product\/8722\/revisions"}],"predecessor-version":[{"id":58637,"href":"https:\/\/veganova.eu\/sl\/wp-json\/wp\/v2\/product\/8722\/revisions\/58637"}],"wp:featuredmedia":[{"embeddable":true,"href":"https:\/\/veganova.eu\/sl\/wp-json\/wp\/v2\/media\/52786"}],"wp:attachment":[{"href":"https:\/\/veganova.eu\/sl\/wp-json\/wp\/v2\/media?parent=8722"}],"wp:term":[{"taxonomy":"pwb-brand","embeddable":true,"href":"https:\/\/veganova.eu\/sl\/wp-json\/wp\/v2\/pwb-brand?post=8722"},{"taxonomy":"product_brand","embeddable":true,"href":"https:\/\/veganova.eu\/sl\/wp-json\/wp\/v2\/product_brand?post=8722"},{"taxonomy":"product_cat","embeddable":true,"href":"https:\/\/veganova.eu\/sl\/wp-json\/wp\/v2\/product_cat?post=8722"},{"taxonomy":"product_tag","embeddable":true,"href":"https:\/\/veganova.eu\/sl\/wp-json\/wp\/v2\/product_tag?post=8722"}],"curies":[{"name":"wp","href":"https:\/\/api.w.org\/{rel}","templated":true}]}}